{"id":5059,"date":"2024-06-09T13:22:12","date_gmt":"2024-06-09T16:22:12","guid":{"rendered":"https:\/\/farmaciadagostino.com.ar\/sitio\/producto\/nivea-body-locion-vainilla-y-almendra-x400-ml\/"},"modified":"2026-03-09T10:17:55","modified_gmt":"2026-03-09T13:17:55","slug":"nivea-body-locion-vainilla-y-almendra-x400-ml","status":"publish","type":"product","link":"https:\/\/farmaciadagostino.com.ar\/sitio\/producto\/nivea-body-locion-vainilla-y-almendra-x400-ml\/","title":{"rendered":"NIVEA BODY LOCI\u00d3N VAINILLA Y ALMENDRA x400 ml"},"content":{"rendered":"<p>Beneficios.<br \/>\n24 horas de humectaci\u00f3n profunda.<br \/>\nR\u00e1pida absorci\u00f3n.<br \/>\nPiel visiblemente m\u00e1s suave.<br \/>\nDelicadas fragancias.<br \/>\nIdeal para piel normal a seca.<br \/>\nModo Uso.<br \/>\n1\u00b0 Aplicar NIVEA Vainilla y Aceite de Almendras Loci\u00f3n corporal diariamente en todo el cuerpo.<br \/>\n2\u00b0 Masajear suavemente el cuerpo mientras se absorbe.<br \/>\n3\u00b0 Reaplicar las veces que sea necesario.<\/p>\n","protected":false},"excerpt":{"rendered":"<p>La Loci\u00f3n corporal NIVEA Vainilla y Aceite de Almendras ofrece un excelente cuidado y est\u00e1 enriquecida con delicadas fragancias. Despu\u00e9s de dos semanas de uso regular, la crema corporal de vainilla con Aceite de Almendras proporciona una hidrataci\u00f3n profunda por 24 horas. Adem\u00e1s, no deja una sensaci\u00f3n grasosa y es de r\u00e1pida absorci\u00f3n. Es adecuada para pieles normales a secas.<\/p>\n","protected":false},"featured_media":3021,"comment_status":"open","ping_status":"closed","template":"","meta":[],"product_brand":[],"product_cat":[237,162],"product_tag":[],"class_list":{"0":"post-5059","1":"product","2":"type-product","3":"status-publish","4":"has-post-thumbnail","6":"product_cat-belleza","7":"product_cat-dermocosmetica","9":"first","10":"instock","11":"shipping-taxable","12":"purchasable","13":"product-type-simple"},"_links":{"self":[{"href":"https:\/\/farmaciadagostino.com.ar\/sitio\/wp-json\/wp\/v2\/product\/5059","targetHints":{"allow":["GET"]}}],"collection":[{"href":"https:\/\/farmaciadagostino.com.ar\/sitio\/wp-json\/wp\/v2\/product"}],"about":[{"href":"https:\/\/farmaciadagostino.com.ar\/sitio\/wp-json\/wp\/v2\/types\/product"}],"replies":[{"embeddable":true,"href":"https:\/\/farmaciadagostino.com.ar\/sitio\/wp-json\/wp\/v2\/comments?post=5059"}],"wp:featuredmedia":[{"embeddable":true,"href":"https:\/\/farmaciadagostino.com.ar\/sitio\/wp-json\/wp\/v2\/media\/3021"}],"wp:attachment":[{"href":"https:\/\/farmaciadagostino.com.ar\/sitio\/wp-json\/wp\/v2\/media?parent=5059"}],"wp:term":[{"taxonomy":"product_brand","embeddable":true,"href":"https:\/\/farmaciadagostino.com.ar\/sitio\/wp-json\/wp\/v2\/product_brand?post=5059"},{"taxonomy":"product_cat","embeddable":true,"href":"https:\/\/farmaciadagostino.com.ar\/sitio\/wp-json\/wp\/v2\/product_cat?post=5059"},{"taxonomy":"product_tag","embeddable":true,"href":"https:\/\/farmaciadagostino.com.ar\/sitio\/wp-json\/wp\/v2\/product_tag?post=5059"}],"curies":[{"name":"wp","href":"https:\/\/api.w.org\/{rel}","templated":true}]}}