{"id":5061,"date":"2024-06-09T13:22:13","date_gmt":"2024-06-09T16:22:13","guid":{"rendered":"https:\/\/farmaciadagostino.com.ar\/sitio\/producto\/rexona-antitranspirante-women-active-emotion-x150-ml\/"},"modified":"2026-03-09T10:09:43","modified_gmt":"2026-03-09T13:09:43","slug":"rexona-antitranspirante-women-active-emotion-x150-ml","status":"publish","type":"product","link":"https:\/\/farmaciadagostino.com.ar\/sitio\/producto\/rexona-antitranspirante-women-active-emotion-x150-ml\/","title":{"rendered":"REXONA ANTITRANSPIRANTE WOMEN ACTIVE EMOTION x150 ml"},"content":{"rendered":"<p>Su nueva f\u00f3rmula entrega un nivel de protecci\u00f3n contra la transpiraci\u00f3n y mal olor dado que combina un innovador activo antitranspirante con la exclusiva tecnolog\u00eda de fragancia encapsulada.<br \/>\nUltra seco y fresco en cada movimiento con los antitranspirantes Rexona.<br \/>\nAntitranspirante Rexona 0% de alcohol et\u00edlico y dermatol\u00f3gicamente testeado.<br \/>\nFragancia delicada y sensual, lograda por la fusi\u00f3n \u00fanica de notas frutales y florales, que busca reforzar la propuesta de protecci\u00f3n antitranspirante para aquellos d\u00edas de mayor estr\u00e9s.<br \/>\nTambi\u00e9n en formato Bolilla y Comprimido.<\/p>\n","protected":false},"excerpt":{"rendered":"<p>Nuevo desodorante antitranspirante REXONA Mujer Active Emotion en aerosol con 72 horas de protecci\u00f3n activada por el movimiento.<\/p>\n","protected":false},"featured_media":3440,"comment_status":"open","ping_status":"closed","template":"","meta":[],"product_brand":[],"product_cat":[152],"product_tag":[],"class_list":{"0":"post-5061","1":"product","2":"type-product","3":"status-publish","4":"has-post-thumbnail","6":"product_cat-cuidado-personal","8":"first","9":"instock","10":"shipping-taxable","11":"purchasable","12":"product-type-simple"},"_links":{"self":[{"href":"https:\/\/farmaciadagostino.com.ar\/sitio\/wp-json\/wp\/v2\/product\/5061","targetHints":{"allow":["GET"]}}],"collection":[{"href":"https:\/\/farmaciadagostino.com.ar\/sitio\/wp-json\/wp\/v2\/product"}],"about":[{"href":"https:\/\/farmaciadagostino.com.ar\/sitio\/wp-json\/wp\/v2\/types\/product"}],"replies":[{"embeddable":true,"href":"https:\/\/farmaciadagostino.com.ar\/sitio\/wp-json\/wp\/v2\/comments?post=5061"}],"wp:featuredmedia":[{"embeddable":true,"href":"https:\/\/farmaciadagostino.com.ar\/sitio\/wp-json\/wp\/v2\/media\/3440"}],"wp:attachment":[{"href":"https:\/\/farmaciadagostino.com.ar\/sitio\/wp-json\/wp\/v2\/media?parent=5061"}],"wp:term":[{"taxonomy":"product_brand","embeddable":true,"href":"https:\/\/farmaciadagostino.com.ar\/sitio\/wp-json\/wp\/v2\/product_brand?post=5061"},{"taxonomy":"product_cat","embeddable":true,"href":"https:\/\/farmaciadagostino.com.ar\/sitio\/wp-json\/wp\/v2\/product_cat?post=5061"},{"taxonomy":"product_tag","embeddable":true,"href":"https:\/\/farmaciadagostino.com.ar\/sitio\/wp-json\/wp\/v2\/product_tag?post=5061"}],"curies":[{"name":"wp","href":"https:\/\/api.w.org\/{rel}","templated":true}]}}