{"id":5065,"date":"2024-06-09T13:22:14","date_gmt":"2024-06-09T16:22:14","guid":{"rendered":"https:\/\/farmaciadagostino.com.ar\/sitio\/producto\/rexona-antitranspirante-clinical-extra-dry-women-x150-ml\/"},"modified":"2026-03-09T10:09:43","modified_gmt":"2026-03-09T13:09:43","slug":"rexona-antitranspirante-clinical-extra-dry-women-x150-ml","status":"publish","type":"product","link":"https:\/\/farmaciadagostino.com.ar\/sitio\/producto\/rexona-antitranspirante-clinical-extra-dry-women-x150-ml\/","title":{"rendered":"REXONA ANTITRANSPIRANTE CLINICAL EXTRA DRY WOMEN x150 ml"},"content":{"rendered":"<p>Su tecnolog\u00eda responde a la qu\u00edmica de tu cuerpo y te brinda m\u00e1xima protecci\u00f3n durante todo el d\u00eda siguiente, incluso despu\u00e9s de ducharte, su agradable y fresca fragancia, te ayudan a evitar el olor de tus axilas. Rexona Clinical.<br \/>\nModo de Uso:<br \/>\n\u00a1NUEVO TAMA\u00d1O, M\u00c1S CONTENIDO! Para un rendimiento \u00f3ptimo sugerimos aplicar el producto de noche, ya que le permite formar un mayor nivel de protecci\u00f3n cuando tu cuerpo descansa. Aplicar una vez al d\u00eda, no necesita reaplicar.<\/p>\n","protected":false},"excerpt":{"rendered":"<p>La fuerza Clinical crea una barrera impenetrable contra la transpiraci\u00f3n que te protege hasta por 96 horas. Est\u00e1 especialmente dise\u00f1ado para aquellas personas que necesitan m\u00e1xima protecci\u00f3n contra la transpiraci\u00f3n y el mal olor. En condiciones extremas necesitas protecci\u00f3n extrema.<\/p>\n","protected":false},"featured_media":4432,"comment_status":"open","ping_status":"closed","template":"","meta":[],"product_brand":[],"product_cat":[152],"product_tag":[],"class_list":{"0":"post-5065","1":"product","2":"type-product","3":"status-publish","4":"has-post-thumbnail","6":"product_cat-cuidado-personal","8":"first","9":"instock","10":"shipping-taxable","11":"purchasable","12":"product-type-simple"},"_links":{"self":[{"href":"https:\/\/farmaciadagostino.com.ar\/sitio\/wp-json\/wp\/v2\/product\/5065","targetHints":{"allow":["GET"]}}],"collection":[{"href":"https:\/\/farmaciadagostino.com.ar\/sitio\/wp-json\/wp\/v2\/product"}],"about":[{"href":"https:\/\/farmaciadagostino.com.ar\/sitio\/wp-json\/wp\/v2\/types\/product"}],"replies":[{"embeddable":true,"href":"https:\/\/farmaciadagostino.com.ar\/sitio\/wp-json\/wp\/v2\/comments?post=5065"}],"wp:featuredmedia":[{"embeddable":true,"href":"https:\/\/farmaciadagostino.com.ar\/sitio\/wp-json\/wp\/v2\/media\/4432"}],"wp:attachment":[{"href":"https:\/\/farmaciadagostino.com.ar\/sitio\/wp-json\/wp\/v2\/media?parent=5065"}],"wp:term":[{"taxonomy":"product_brand","embeddable":true,"href":"https:\/\/farmaciadagostino.com.ar\/sitio\/wp-json\/wp\/v2\/product_brand?post=5065"},{"taxonomy":"product_cat","embeddable":true,"href":"https:\/\/farmaciadagostino.com.ar\/sitio\/wp-json\/wp\/v2\/product_cat?post=5065"},{"taxonomy":"product_tag","embeddable":true,"href":"https:\/\/farmaciadagostino.com.ar\/sitio\/wp-json\/wp\/v2\/product_tag?post=5065"}],"curies":[{"name":"wp","href":"https:\/\/api.w.org\/{rel}","templated":true}]}}