{"id":5066,"date":"2024-06-09T13:22:14","date_gmt":"2024-06-09T16:22:14","guid":{"rendered":"https:\/\/farmaciadagostino.com.ar\/sitio\/producto\/rexona-antitranspirante-clinical-sport-men-x150-ml\/"},"modified":"2026-03-09T10:17:55","modified_gmt":"2026-03-09T13:17:55","slug":"rexona-antitranspirante-clinical-sport-men-x150-ml","status":"publish","type":"product","link":"https:\/\/farmaciadagostino.com.ar\/sitio\/producto\/rexona-antitranspirante-clinical-sport-men-x150-ml\/","title":{"rendered":"REXONA ANTITRANSPIRANTE CLINICAL SPORT MEN x150 ml"},"content":{"rendered":"<p>El Antitranspirante en aerosol Rexona Clinical Sport Strength te ofrece 3X PROTECCI\u00d3N + CONTROL DEL OLOR.<br \/>\nRexona Clinical MEN en aerosol brinda tres veces mayor protecci\u00f3n contra el sudor *vs. un antitranspirante com\u00fan y **vs. versi\u00f3n anterior.<br \/>\nGracias a su avanzada tecnolog\u00eda, Rexona genera m\u00e1xima protecci\u00f3n, conformando una capa protectora profunda sobre las gl\u00e1ndulas sudor\u00edparas, ayudando a sudar menos. La fuerza Clinical crea una barrera impenetrable contra la transpiraci\u00f3n que te protege hasta por 96 horas.<br \/>\nEst\u00e1 especialmente dise\u00f1ado para aquellas personas que necesitan m\u00e1xima protecci\u00f3n contra la transpiraci\u00f3n y el mal olor. En condiciones extremas necesitas protecci\u00f3n extrema.<br \/>\nSu tecnolog\u00eda responde a la qu\u00edmica de tu cuerpo y te brinda m\u00e1xima protecci\u00f3n durante todo el d\u00eda siguiente, incluso despu\u00e9s de ducharte, su agradable fragancia sofisticada y estimulante, te ayudan a evitar el olor de tus axilas.<br \/>\nRexona Clinical Sport Strenght est\u00e1 dermatol\u00f3gicamente testeado. Rexona, no te abandona. La m\u00e1xima protecci\u00f3n de Rexona disponible en el mercado.<\/p>\n","protected":false},"excerpt":{"rendered":"<p>La tecnolog\u00eda avanzada de los antitranspirantes Rexona Clinical fue desarrollada espec\u00edficamente para prevenir la transpiraci\u00f3n excesiva.<\/p>\n","protected":false},"featured_media":4434,"comment_status":"open","ping_status":"closed","template":"","meta":[],"product_brand":[],"product_cat":[262,152,264],"product_tag":[],"class_list":{"0":"post-5066","1":"product","2":"type-product","3":"status-publish","4":"has-post-thumbnail","6":"product_cat-promo","7":"product_cat-cuidado-personal","8":"product_cat-ofertas","10":"first","11":"instock","12":"sale","13":"shipping-taxable","14":"purchasable","15":"product-type-simple"},"_links":{"self":[{"href":"https:\/\/farmaciadagostino.com.ar\/sitio\/wp-json\/wp\/v2\/product\/5066","targetHints":{"allow":["GET"]}}],"collection":[{"href":"https:\/\/farmaciadagostino.com.ar\/sitio\/wp-json\/wp\/v2\/product"}],"about":[{"href":"https:\/\/farmaciadagostino.com.ar\/sitio\/wp-json\/wp\/v2\/types\/product"}],"replies":[{"embeddable":true,"href":"https:\/\/farmaciadagostino.com.ar\/sitio\/wp-json\/wp\/v2\/comments?post=5066"}],"wp:featuredmedia":[{"embeddable":true,"href":"https:\/\/farmaciadagostino.com.ar\/sitio\/wp-json\/wp\/v2\/media\/4434"}],"wp:attachment":[{"href":"https:\/\/farmaciadagostino.com.ar\/sitio\/wp-json\/wp\/v2\/media?parent=5066"}],"wp:term":[{"taxonomy":"product_brand","embeddable":true,"href":"https:\/\/farmaciadagostino.com.ar\/sitio\/wp-json\/wp\/v2\/product_brand?post=5066"},{"taxonomy":"product_cat","embeddable":true,"href":"https:\/\/farmaciadagostino.com.ar\/sitio\/wp-json\/wp\/v2\/product_cat?post=5066"},{"taxonomy":"product_tag","embeddable":true,"href":"https:\/\/farmaciadagostino.com.ar\/sitio\/wp-json\/wp\/v2\/product_tag?post=5066"}],"curies":[{"name":"wp","href":"https:\/\/api.w.org\/{rel}","templated":true}]}}