{"id":5091,"date":"2024-06-09T13:22:26","date_gmt":"2024-06-09T16:22:26","guid":{"rendered":"https:\/\/farmaciadagostino.com.ar\/sitio\/producto\/colgate-crema-dental-sensitive-pro-alivio-x90-gr\/"},"modified":"2026-03-09T10:17:56","modified_gmt":"2026-03-09T13:17:56","slug":"colgate-crema-dental-sensitive-pro-alivio-x90-gr","status":"publish","type":"product","link":"https:\/\/farmaciadagostino.com.ar\/sitio\/producto\/colgate-crema-dental-sensitive-pro-alivio-x90-gr\/","title":{"rendered":"COLGATE CREMA DENTAL SENSITIVE PRO ALIVIO x90 gr"},"content":{"rendered":"<p>F\u00f3rmula cl\u00ednicamente comprobada y desarrollada con el poder de la tecnolog\u00eda de Arginina para una acci\u00f3n inmediata y eficaz contra las molestias causadas por la sensibilidad en los dientes.<br \/>\nAyuda a remover las manchas para mantener el blanco natural de tu sonrisa.<br \/>\nCon el uso regular, se crea una barrera de larga duraci\u00f3n que act\u00faa como un escudo protector contra la sensibilidad dental.<br \/>\nModo Uso.<br \/>\nCep\u00edllese adecuadamente los dientes despu\u00e9s de cada comida, tres veces al d\u00eda por dos minutos. Enjuagar completamente despu\u00e9s de cada cepillado.<\/p>\n","protected":false},"excerpt":{"rendered":"<p>Su formula funciona cubriendo los t\u00fabulos que llevan al centro del diente, bloqueando la sensibilidad dental.<\/p>\n","protected":false},"featured_media":4419,"comment_status":"open","ping_status":"closed","template":"","meta":[],"product_brand":[],"product_cat":[152],"product_tag":[],"class_list":{"0":"post-5091","1":"product","2":"type-product","3":"status-publish","4":"has-post-thumbnail","6":"product_cat-cuidado-personal","8":"first","9":"instock","10":"shipping-taxable","11":"purchasable","12":"product-type-simple"},"_links":{"self":[{"href":"https:\/\/farmaciadagostino.com.ar\/sitio\/wp-json\/wp\/v2\/product\/5091","targetHints":{"allow":["GET"]}}],"collection":[{"href":"https:\/\/farmaciadagostino.com.ar\/sitio\/wp-json\/wp\/v2\/product"}],"about":[{"href":"https:\/\/farmaciadagostino.com.ar\/sitio\/wp-json\/wp\/v2\/types\/product"}],"replies":[{"embeddable":true,"href":"https:\/\/farmaciadagostino.com.ar\/sitio\/wp-json\/wp\/v2\/comments?post=5091"}],"wp:featuredmedia":[{"embeddable":true,"href":"https:\/\/farmaciadagostino.com.ar\/sitio\/wp-json\/wp\/v2\/media\/4419"}],"wp:attachment":[{"href":"https:\/\/farmaciadagostino.com.ar\/sitio\/wp-json\/wp\/v2\/media?parent=5091"}],"wp:term":[{"taxonomy":"product_brand","embeddable":true,"href":"https:\/\/farmaciadagostino.com.ar\/sitio\/wp-json\/wp\/v2\/product_brand?post=5091"},{"taxonomy":"product_cat","embeddable":true,"href":"https:\/\/farmaciadagostino.com.ar\/sitio\/wp-json\/wp\/v2\/product_cat?post=5091"},{"taxonomy":"product_tag","embeddable":true,"href":"https:\/\/farmaciadagostino.com.ar\/sitio\/wp-json\/wp\/v2\/product_tag?post=5091"}],"curies":[{"name":"wp","href":"https:\/\/api.w.org\/{rel}","templated":true}]}}