{"id":5114,"date":"2024-06-09T13:22:30","date_gmt":"2024-06-09T16:22:30","guid":{"rendered":"https:\/\/farmaciadagostino.com.ar\/sitio\/producto\/colgate-cepillo-dental-extra-clean-mediano-x1-un\/"},"modified":"2026-03-09T10:17:57","modified_gmt":"2026-03-09T13:17:57","slug":"colgate-cepillo-dental-extra-clean-mediano-x1-un","status":"publish","type":"product","link":"https:\/\/farmaciadagostino.com.ar\/sitio\/producto\/colgate-cepillo-dental-extra-clean-mediano-x1-un\/","title":{"rendered":"Colgate Cepillo Dental Extra Clean Medio 1 Unidad"},"content":{"rendered":"<h5>Descripci\u00f3n<\/h5>\n<p>Extra limpieza, extra frescura.<\/p>\n<h5>Beneficios:<\/h5>\n<p>&#8211; Ayuda a remover las bacterias que causan el mal aliento.<\/p>\n<p>&#8211; Doble punta en relieve que limpia efectivamente los \u00faltimos molares y remueve la placa bacteriana.<\/p>\n<p>&#8211; Mango ergon\u00f3mico.<\/p>\n<h5>Modo de uso:<\/h5>\n<p>Cep\u00edllese adecuadamente los dientes despu\u00e9s de cada comida, tres veces al d\u00eda o seg\u00fan la recomendaci\u00f3n de su odont\u00f3logo. Enjuagar completamente despu\u00e9s del cepillado.<\/p>\n<h5>Precauciones:<\/h5>\n<p>Mantener fuera del alcance de los ni\u00f1os menores de 3 a\u00f1os. Producto no perecedero. No usar si el empaque est\u00e1 abierto.<\/p>\n<p>Los odont\u00f3logos e higienistas recomiendan cambiar el cepillo de dientes cada 3 meses.<\/p>\n","protected":false},"excerpt":{"rendered":"<p>Descripci\u00f3nExtra limpieza, extra frescura<\/p>\n","protected":false},"featured_media":3094,"comment_status":"open","ping_status":"closed","template":"","meta":[],"product_brand":[],"product_cat":[152],"product_tag":[],"class_list":{"0":"post-5114","1":"product","2":"type-product","3":"status-publish","4":"has-post-thumbnail","6":"product_cat-cuidado-personal","8":"first","9":"instock","10":"shipping-taxable","11":"purchasable","12":"product-type-simple"},"_links":{"self":[{"href":"https:\/\/farmaciadagostino.com.ar\/sitio\/wp-json\/wp\/v2\/product\/5114","targetHints":{"allow":["GET"]}}],"collection":[{"href":"https:\/\/farmaciadagostino.com.ar\/sitio\/wp-json\/wp\/v2\/product"}],"about":[{"href":"https:\/\/farmaciadagostino.com.ar\/sitio\/wp-json\/wp\/v2\/types\/product"}],"replies":[{"embeddable":true,"href":"https:\/\/farmaciadagostino.com.ar\/sitio\/wp-json\/wp\/v2\/comments?post=5114"}],"wp:featuredmedia":[{"embeddable":true,"href":"https:\/\/farmaciadagostino.com.ar\/sitio\/wp-json\/wp\/v2\/media\/3094"}],"wp:attachment":[{"href":"https:\/\/farmaciadagostino.com.ar\/sitio\/wp-json\/wp\/v2\/media?parent=5114"}],"wp:term":[{"taxonomy":"product_brand","embeddable":true,"href":"https:\/\/farmaciadagostino.com.ar\/sitio\/wp-json\/wp\/v2\/product_brand?post=5114"},{"taxonomy":"product_cat","embeddable":true,"href":"https:\/\/farmaciadagostino.com.ar\/sitio\/wp-json\/wp\/v2\/product_cat?post=5114"},{"taxonomy":"product_tag","embeddable":true,"href":"https:\/\/farmaciadagostino.com.ar\/sitio\/wp-json\/wp\/v2\/product_tag?post=5114"}],"curies":[{"name":"wp","href":"https:\/\/api.w.org\/{rel}","templated":true}]}}