{"id":5116,"date":"2024-06-09T13:22:30","date_gmt":"2024-06-09T16:22:30","guid":{"rendered":"https:\/\/farmaciadagostino.com.ar\/sitio\/producto\/fosfovita-suplemento-dietario-x30-comp\/"},"modified":"2026-03-09T10:09:45","modified_gmt":"2026-03-09T13:09:45","slug":"fosfovita-suplemento-dietario-x30-comp","status":"publish","type":"product","link":"https:\/\/farmaciadagostino.com.ar\/sitio\/producto\/fosfovita-suplemento-dietario-x30-comp\/","title":{"rendered":"FOSFOVITA SUPLEMENTO DIETARIO x30 comp"},"content":{"rendered":"<p>Ayuda a proteger el sistema cardiovascular.<br \/>\nTiene efecto antioxidante y antiinflamatorio.<br \/>\nAyuda a proteger el cerebro.<br \/>\nAyuda a controlar los niveles de az\u00facar en sangre.<br \/>\nModo Uso.<br \/>\nTomar 2 comprimidos por d\u00eda (pueden tomarse 1 por la ma\u00f1ana y 1 por la tarde).<\/p>\n","protected":false},"excerpt":{"rendered":"<p>Suplementa en personas sanas el aporte de nutrientes cuando su ingesta no es apropiada, ya sea por d\u00e9ficit en la alimentaci\u00f3n, falta de concentraci\u00f3n, memoria o excesos f\u00edsicos e intelectuales.<\/p>\n","protected":false},"featured_media":3780,"comment_status":"open","ping_status":"closed","template":"","meta":[],"product_brand":[],"product_cat":[149],"product_tag":[],"class_list":{"0":"post-5116","1":"product","2":"type-product","3":"status-publish","4":"has-post-thumbnail","6":"product_cat-farmacia","8":"first","9":"instock","10":"shipping-taxable","11":"purchasable","12":"product-type-simple"},"_links":{"self":[{"href":"https:\/\/farmaciadagostino.com.ar\/sitio\/wp-json\/wp\/v2\/product\/5116","targetHints":{"allow":["GET"]}}],"collection":[{"href":"https:\/\/farmaciadagostino.com.ar\/sitio\/wp-json\/wp\/v2\/product"}],"about":[{"href":"https:\/\/farmaciadagostino.com.ar\/sitio\/wp-json\/wp\/v2\/types\/product"}],"replies":[{"embeddable":true,"href":"https:\/\/farmaciadagostino.com.ar\/sitio\/wp-json\/wp\/v2\/comments?post=5116"}],"wp:featuredmedia":[{"embeddable":true,"href":"https:\/\/farmaciadagostino.com.ar\/sitio\/wp-json\/wp\/v2\/media\/3780"}],"wp:attachment":[{"href":"https:\/\/farmaciadagostino.com.ar\/sitio\/wp-json\/wp\/v2\/media?parent=5116"}],"wp:term":[{"taxonomy":"product_brand","embeddable":true,"href":"https:\/\/farmaciadagostino.com.ar\/sitio\/wp-json\/wp\/v2\/product_brand?post=5116"},{"taxonomy":"product_cat","embeddable":true,"href":"https:\/\/farmaciadagostino.com.ar\/sitio\/wp-json\/wp\/v2\/product_cat?post=5116"},{"taxonomy":"product_tag","embeddable":true,"href":"https:\/\/farmaciadagostino.com.ar\/sitio\/wp-json\/wp\/v2\/product_tag?post=5116"}],"curies":[{"name":"wp","href":"https:\/\/api.w.org\/{rel}","templated":true}]}}