{"id":5119,"date":"2024-06-09T13:22:30","date_gmt":"2024-06-09T16:22:30","guid":{"rendered":"https:\/\/farmaciadagostino.com.ar\/sitio\/producto\/evatest-easy-plus-x1-un\/"},"modified":"2026-03-09T10:25:10","modified_gmt":"2026-03-09T13:25:10","slug":"evatest-easy-plus-x1-un","status":"publish","type":"product","link":"https:\/\/farmaciadagostino.com.ar\/sitio\/producto\/evatest-easy-plus-x1-un\/","title":{"rendered":"EVATEST EASY PLUS x1 un"},"content":{"rendered":"<p>Dentro del producto, encontrar\u00e1s un manual de instrucciones que te explicar\u00e1 paso a paso y muy sencillamente como usar EVATEST\u00ae Easy Plus. Record\u00e1 no abrir el envoltorio que contiene el test hasta el momento de utilizarlo. La prueba de detecci\u00f3n temprana de embarazo EVATEST Easy Plus cuenta con las siguientes caracter\u00edsticas de dise\u00f1o innovador: Varilla larga ergon\u00f3mica dise\u00f1ada para sostener el dispositivo correctamente bajo el chorro de orina. Una punta que cambia de color (de blanco a rosa) para saber si la orina fue absorbida, lo cual ayuda a que la prueba se realice m\u00e1s f\u00e1cilmente. Ventana de resultados amplia y f\u00e1cil de leer.<br \/>\nRECOMENDACIONES La hormona del embarazo o hCG (Gonadotrofina Cori\u00f3nica Humana) es una hormona segregada por la placenta poco tiempo despu\u00e9s de ocurrida la fecundaci\u00f3n. La aparici\u00f3n y el incremento r\u00e1pido de la concentraci\u00f3n de esta hormona en la orina de la madre, hacen de la subunidad beta de la hCG (\u00df-hCG) el indicador perfecto para la confirmaci\u00f3n de la existencia del embarazo. La avanzada tecnolog\u00eda de EVATEST\u00ae Easy Plus involucra la detecci\u00f3n de la hCG en la orina mediante el uso de anticuerpos monoclonales marcados con part\u00edculas de l\u00e1tex coloreadas con un alto grado de sensibilidad y una alta confiabilidad en su resultado. Presenta una precisi\u00f3n superior al 99% en la detecci\u00f3n del embarazo desde el primer d\u00eda de la fecha en la que deber\u00eda iniciarse el per\u00edodo.<\/p>\n","protected":false},"excerpt":{"rendered":"<p>Evatest Easy Plus es un test r\u00e1pido de embarazo con exactitud superior al 99%, f\u00e1cil de hacer y sin recipientes. Detecci\u00f3n temprana hasta 6 d\u00edas antes de la fecha estimada de menstruaci\u00f3n. Con tecnolog\u00eda color control.<\/p>\n","protected":false},"featured_media":3821,"comment_status":"open","ping_status":"closed","template":"","meta":[],"product_brand":[],"product_cat":[177,149],"product_tag":[],"class_list":{"0":"post-5119","1":"product","2":"type-product","3":"status-publish","4":"has-post-thumbnail","6":"product_cat-bebe-maternidad","7":"product_cat-farmacia","9":"first","10":"instock","11":"shipping-taxable","12":"purchasable","13":"product-type-simple"},"_links":{"self":[{"href":"https:\/\/farmaciadagostino.com.ar\/sitio\/wp-json\/wp\/v2\/product\/5119","targetHints":{"allow":["GET"]}}],"collection":[{"href":"https:\/\/farmaciadagostino.com.ar\/sitio\/wp-json\/wp\/v2\/product"}],"about":[{"href":"https:\/\/farmaciadagostino.com.ar\/sitio\/wp-json\/wp\/v2\/types\/product"}],"replies":[{"embeddable":true,"href":"https:\/\/farmaciadagostino.com.ar\/sitio\/wp-json\/wp\/v2\/comments?post=5119"}],"wp:featuredmedia":[{"embeddable":true,"href":"https:\/\/farmaciadagostino.com.ar\/sitio\/wp-json\/wp\/v2\/media\/3821"}],"wp:attachment":[{"href":"https:\/\/farmaciadagostino.com.ar\/sitio\/wp-json\/wp\/v2\/media?parent=5119"}],"wp:term":[{"taxonomy":"product_brand","embeddable":true,"href":"https:\/\/farmaciadagostino.com.ar\/sitio\/wp-json\/wp\/v2\/product_brand?post=5119"},{"taxonomy":"product_cat","embeddable":true,"href":"https:\/\/farmaciadagostino.com.ar\/sitio\/wp-json\/wp\/v2\/product_cat?post=5119"},{"taxonomy":"product_tag","embeddable":true,"href":"https:\/\/farmaciadagostino.com.ar\/sitio\/wp-json\/wp\/v2\/product_tag?post=5119"}],"curies":[{"name":"wp","href":"https:\/\/api.w.org\/{rel}","templated":true}]}}