{"id":5120,"date":"2024-06-09T13:22:30","date_gmt":"2024-06-09T16:22:30","guid":{"rendered":"https:\/\/farmaciadagostino.com.ar\/sitio\/producto\/evatest-digital-x1-un\/"},"modified":"2026-03-09T10:09:45","modified_gmt":"2026-03-09T13:09:45","slug":"evatest-digital-x1-un","status":"publish","type":"product","link":"https:\/\/farmaciadagostino.com.ar\/sitio\/producto\/evatest-digital-x1-un\/","title":{"rendered":"EVATEST DIGITAL x1 un"},"content":{"rendered":"<p>Gracias a su exclusiva tecnolog\u00eda, no solo te indicar\u00e1 en palabras si est\u00e1s Embarazada o No Embarazada, sino que adem\u00e1s cuenta con un Indicador de Concepci\u00f3n que te informar\u00e1 de cu\u00e1ntas semanas de embarazo aproximadamente est\u00e1s.<br \/>\nEvatest Digital se puede realizar en s\u00f3lo 3 minutos, con una alta confiabilidad en su resultado.<br \/>\nIMPORTANTE: Si bien para averiguar si est\u00e1s embarazada puede ser utilizado con la orina de cualquier momento del d\u00eda (con una retenci\u00f3n m\u00ednima de 3 hs) para que el Indicador de Concepci\u00f3n ofrezca un resultado preciso, deb\u00e9s utilizar la primera orina de la ma\u00f1ana, ya que la misma contiene mayor concentraci\u00f3n de Gonadotrofina Cori\u00f3nica Humana (hCG).<br \/>\nLaboratorio Elea S.A.C.I.F. y A. garantiza la calidad de las tiras reactivas Evatest Digital contra todo defecto de fabricaci\u00f3n.<br \/>\nDESCRIPCI\u00d3N<br \/>\nF\u00e1cil de usar<br \/>\nSe puede realizar hasta 4 d\u00edas antes de la fecha estimada de menstruaci\u00f3n<br \/>\nInforma hasta de cu\u00e1ntas semanas de embarazo est\u00e1s<br \/>\nSe recomienda hacerlo con la primera orina de la ma\u00f1ana<br \/>\nMODO DE USO<br \/>\nAntes de abrir el envoltorio, le\u00e9 cuidadosamente las instrucciones. Puede ser \u00fatil contar con un reloj al realizar el test. El producto debe estar a temperatura ambiente.<br \/>\nRecord\u00e1 que para que el Indicador de Concepci\u00f3n ofrezca un resultado preciso deb\u00e9s utilizar la primer orina de la ma\u00f1ana.<br \/>\n1. Realiz\u00e1 el Test<br \/>\n\u2013 Abr\u00ed el envase y retir\u00e1 el dispositivo.<br \/>\n\u2013 Quit\u00e1 la tapa protectora y coloc\u00e1 la leng\u00fceta absorbente hacia abajo directamente en el chorro de orina durante por lo menos 5 segundos, hasta que est\u00e9 mojada.<br \/>\nA partir de este momento no coloques la leng\u00fceta absorbente del dispositivo hacia arriba.<br \/>\n\u2013 Retir\u00e1 el dispositivo del chorro de orina y apoyalo sobre una superficie plana con la pantalla hacia arriba. Pod\u00e9s volver a colocar la tapa.<br \/>\n2. Esper\u00e1 3 minutos<br \/>\nEn la pantalla aparecer\u00e1 el s\u00edmbolo del reloj de arena de manera intermitente para indicar que el test est\u00e1 funcionando correctamente.<br \/>\n3. Le\u00e9 el resultado<br \/>\nEs posible que la indicaci\u00f3n Embarazada aparezca en pantalla antes que el resultado del Indicador de Concepci\u00f3n.<br \/>\nSegu\u00ed esperando hasta que el s\u00edmbolo del reloj de arena desaparezca y aparezca el resultado del Indicador de Concepci\u00f3n. Esto puede tardar hasta 3 minutos.<br \/>\nAlgunos resultados pueden aparecer en s\u00f3lo 1 minuto.<br \/>\nEl resultado permanecer\u00e1 en la pantalla durante aproximadamente 24hs.<br \/>\nTu m\u00e9dico calcular\u00e1 la fase de tu embarazo en funci\u00f3n del primer d\u00eda de tu \u00faltimo per\u00edodo.<br \/>\nLa concepci\u00f3n tiene lugar unas 2 semanas antes de la fecha en que deber\u00eda iniciarse el siguiente per\u00edodo.<br \/>\nEl Indicador de Concepci\u00f3n indica aproximadamente cu\u00e1nto tiempo llev\u00e1s embarazada.<br \/>\n4. Test inv\u00e1lido<br \/>\nPantalla con LIBRO<br \/>\nIndica que se ha producido un error durante el testeo. Los motivos pueden ser:<br \/>\nLuego de haber aplicado la orina en la leng\u00fceta absorbente, \u00e9sta no se coloc\u00f3 sobre una superficie plana.<br \/>\nSe aplic\u00f3 demasiada cantidad de orina o una cantidad insuficiente.<br \/>\nPantalla en BLANCO<\/p>\n","protected":false},"excerpt":{"rendered":"<p>Evatest Digital es un test de embarazo f\u00e1cil de usar que se puede realizar hasta 4 d\u00edas antes de la fecha estimada de menstruaci\u00f3n.<\/p>\n","protected":false},"featured_media":3812,"comment_status":"open","ping_status":"closed","template":"","meta":[],"product_brand":[],"product_cat":[177,149,266],"product_tag":[],"class_list":{"0":"post-5120","1":"product","2":"type-product","3":"status-publish","4":"has-post-thumbnail","6":"product_cat-bebe-maternidad","7":"product_cat-farmacia","8":"product_cat-infancias","10":"first","11":"instock","12":"shipping-taxable","13":"purchasable","14":"product-type-simple"},"_links":{"self":[{"href":"https:\/\/farmaciadagostino.com.ar\/sitio\/wp-json\/wp\/v2\/product\/5120","targetHints":{"allow":["GET"]}}],"collection":[{"href":"https:\/\/farmaciadagostino.com.ar\/sitio\/wp-json\/wp\/v2\/product"}],"about":[{"href":"https:\/\/farmaciadagostino.com.ar\/sitio\/wp-json\/wp\/v2\/types\/product"}],"replies":[{"embeddable":true,"href":"https:\/\/farmaciadagostino.com.ar\/sitio\/wp-json\/wp\/v2\/comments?post=5120"}],"wp:featuredmedia":[{"embeddable":true,"href":"https:\/\/farmaciadagostino.com.ar\/sitio\/wp-json\/wp\/v2\/media\/3812"}],"wp:attachment":[{"href":"https:\/\/farmaciadagostino.com.ar\/sitio\/wp-json\/wp\/v2\/media?parent=5120"}],"wp:term":[{"taxonomy":"product_brand","embeddable":true,"href":"https:\/\/farmaciadagostino.com.ar\/sitio\/wp-json\/wp\/v2\/product_brand?post=5120"},{"taxonomy":"product_cat","embeddable":true,"href":"https:\/\/farmaciadagostino.com.ar\/sitio\/wp-json\/wp\/v2\/product_cat?post=5120"},{"taxonomy":"product_tag","embeddable":true,"href":"https:\/\/farmaciadagostino.com.ar\/sitio\/wp-json\/wp\/v2\/product_tag?post=5120"}],"curies":[{"name":"wp","href":"https:\/\/api.w.org\/{rel}","templated":true}]}}