{"id":5130,"date":"2024-06-09T13:22:34","date_gmt":"2024-06-09T16:22:34","guid":{"rendered":"https:\/\/farmaciadagostino.com.ar\/sitio\/producto\/goicoechea-crio-gel-3d-x200-ml\/"},"modified":"2026-03-09T10:09:45","modified_gmt":"2026-03-09T13:09:45","slug":"goicoechea-crio-gel-3d-x200-ml","status":"publish","type":"product","link":"https:\/\/farmaciadagostino.com.ar\/sitio\/producto\/goicoechea-crio-gel-3d-x200-ml\/","title":{"rendered":"GOICOECHEA CRIO GEL 3D x200 ml"},"content":{"rendered":"<p>Goicoechea Criogel 3D brinda una triple acci\u00f3n anticelul\u00edtica, modeladora y con efecto crioactivo. Su novedosa tecnolog\u00eda de criolip\u00f3lisis otorga una sensaci\u00f3n refrescante al instante<br \/>\nBeneficios.<br \/>\nTRIPLE ACCI\u00d3N: anticelul\u00edtica, modeladora y con efecto crioactivo.<br \/>\nMEJORA: Mejora el aspecto de la piel de naranja y la elasticiad de la piel.<br \/>\nCRIOLIP\u00d3LISIS.<br \/>\nREFRESCANTE: Su novedosa tecnolog\u00eda de criolip\u00f3lisis otorga una sensaci\u00f3n refrescante en la piel.<br \/>\nModo Uso.<br \/>\nAplicar diariamente sobre muslos, gl\u00fateos, caderas y vientre con masajes circulares hasta completar la absorci\u00f3n<\/p>\n","protected":false},"excerpt":{"rendered":"<p>Crema Corporal Goicoechea Gel Criolipolisis 3D.<\/p>\n","protected":false},"featured_media":4134,"comment_status":"open","ping_status":"closed","template":"","meta":[],"product_brand":[],"product_cat":[237,162],"product_tag":[],"class_list":{"0":"post-5130","1":"product","2":"type-product","3":"status-publish","4":"has-post-thumbnail","6":"product_cat-belleza","7":"product_cat-dermocosmetica","9":"first","10":"instock","11":"shipping-taxable","12":"purchasable","13":"product-type-simple"},"_links":{"self":[{"href":"https:\/\/farmaciadagostino.com.ar\/sitio\/wp-json\/wp\/v2\/product\/5130","targetHints":{"allow":["GET"]}}],"collection":[{"href":"https:\/\/farmaciadagostino.com.ar\/sitio\/wp-json\/wp\/v2\/product"}],"about":[{"href":"https:\/\/farmaciadagostino.com.ar\/sitio\/wp-json\/wp\/v2\/types\/product"}],"replies":[{"embeddable":true,"href":"https:\/\/farmaciadagostino.com.ar\/sitio\/wp-json\/wp\/v2\/comments?post=5130"}],"wp:featuredmedia":[{"embeddable":true,"href":"https:\/\/farmaciadagostino.com.ar\/sitio\/wp-json\/wp\/v2\/media\/4134"}],"wp:attachment":[{"href":"https:\/\/farmaciadagostino.com.ar\/sitio\/wp-json\/wp\/v2\/media?parent=5130"}],"wp:term":[{"taxonomy":"product_brand","embeddable":true,"href":"https:\/\/farmaciadagostino.com.ar\/sitio\/wp-json\/wp\/v2\/product_brand?post=5130"},{"taxonomy":"product_cat","embeddable":true,"href":"https:\/\/farmaciadagostino.com.ar\/sitio\/wp-json\/wp\/v2\/product_cat?post=5130"},{"taxonomy":"product_tag","embeddable":true,"href":"https:\/\/farmaciadagostino.com.ar\/sitio\/wp-json\/wp\/v2\/product_tag?post=5130"}],"curies":[{"name":"wp","href":"https:\/\/api.w.org\/{rel}","templated":true}]}}