{"id":5131,"date":"2024-06-09T13:22:34","date_gmt":"2024-06-09T16:22:34","guid":{"rendered":"https:\/\/farmaciadagostino.com.ar\/sitio\/producto\/gillette-hoja-de-afeitar-fusion-proshield-x2-un\/"},"modified":"2026-03-09T10:17:57","modified_gmt":"2026-03-09T13:17:57","slug":"gillette-hoja-de-afeitar-fusion-proshield-x2-un","status":"publish","type":"product","link":"https:\/\/farmaciadagostino.com.ar\/sitio\/producto\/gillette-hoja-de-afeitar-fusion-proshield-x2-un\/","title":{"rendered":"Gillette Repuestos Para Afeitar Fusion5 Proshield 2 Unidades"},"content":{"rendered":"<h5>Descripci\u00f3n<\/h5>\n<h5>Indicaciones<\/h5>\n<p>Aplique la crema de afeitar y luego deslice la m\u00e1quina sobre su cara.<\/p>\n<h5>Advertencias<\/h5>\n<p>No dejar al alcance de los ni\u00f1os, tampoco exponer a temperaturas mayores a 48\u00b0C.<\/p>\n<h5>Beneficios<\/h5>\n<p>Posee lubricaci\u00f3n antes y despu\u00e9s de las hojas. Las hojas m\u00e1s finas de Gillette\u00ae Fusion\u00ae Proshield logran una afeitada confortable con menos tirones las primeras 4 hojas. Su hoja de precisi\u00f3n en la parte posterior para obtener l\u00edneas bien definidas. Los cartuchos m\u00e1s avanzados de Gillette\u00ae. Todos los cartuchos Fusion se pueden usar con cualquier mango Fusion.<\/p>\n","protected":false},"excerpt":{"rendered":"<p>Descripci\u00f3n<br \/>\nIndicacionesAplique la crema de afeitar y luego deslice la m\u00e1quina sobre su cara<\/p>\n","protected":false},"featured_media":3132,"comment_status":"open","ping_status":"closed","template":"","meta":[],"product_brand":[],"product_cat":[152],"product_tag":[],"class_list":{"0":"post-5131","1":"product","2":"type-product","3":"status-publish","4":"has-post-thumbnail","6":"product_cat-cuidado-personal","8":"first","9":"instock","10":"shipping-taxable","11":"purchasable","12":"product-type-simple"},"_links":{"self":[{"href":"https:\/\/farmaciadagostino.com.ar\/sitio\/wp-json\/wp\/v2\/product\/5131","targetHints":{"allow":["GET"]}}],"collection":[{"href":"https:\/\/farmaciadagostino.com.ar\/sitio\/wp-json\/wp\/v2\/product"}],"about":[{"href":"https:\/\/farmaciadagostino.com.ar\/sitio\/wp-json\/wp\/v2\/types\/product"}],"replies":[{"embeddable":true,"href":"https:\/\/farmaciadagostino.com.ar\/sitio\/wp-json\/wp\/v2\/comments?post=5131"}],"wp:featuredmedia":[{"embeddable":true,"href":"https:\/\/farmaciadagostino.com.ar\/sitio\/wp-json\/wp\/v2\/media\/3132"}],"wp:attachment":[{"href":"https:\/\/farmaciadagostino.com.ar\/sitio\/wp-json\/wp\/v2\/media?parent=5131"}],"wp:term":[{"taxonomy":"product_brand","embeddable":true,"href":"https:\/\/farmaciadagostino.com.ar\/sitio\/wp-json\/wp\/v2\/product_brand?post=5131"},{"taxonomy":"product_cat","embeddable":true,"href":"https:\/\/farmaciadagostino.com.ar\/sitio\/wp-json\/wp\/v2\/product_cat?post=5131"},{"taxonomy":"product_tag","embeddable":true,"href":"https:\/\/farmaciadagostino.com.ar\/sitio\/wp-json\/wp\/v2\/product_tag?post=5131"}],"curies":[{"name":"wp","href":"https:\/\/api.w.org\/{rel}","templated":true}]}}