{"id":5143,"date":"2024-06-09T13:22:36","date_gmt":"2024-06-09T16:22:36","guid":{"rendered":"https:\/\/farmaciadagostino.com.ar\/sitio\/producto\/dermaglos-corporal-piel-del-diabetico-emulsion-x300-ml\/"},"modified":"2026-03-09T10:17:57","modified_gmt":"2026-03-09T13:17:57","slug":"dermaglos-corporal-piel-del-diabetico-emulsion-x300-ml","status":"publish","type":"product","link":"https:\/\/farmaciadagostino.com.ar\/sitio\/producto\/dermaglos-corporal-piel-del-diabetico-emulsion-x300-ml\/","title":{"rendered":"Dermagl\u00f3s Corporal Piel Del Diab\u00e9tico Emulsi\u00f3n 300 ml"},"content":{"rendered":"<p>La Emulsi\u00f3n Corporal Piel del Diab\u00e9tico tiene una exclusiva formulaci\u00f3n que contiene una combinaci\u00f3n de Urea, Aceite de Rosa Mosqueta y Casta\u00f1o de Indias con efecto antiglicante que otorgan m\u00e1xima hidrataci\u00f3n y suavidad a la piel sana de las personas con diabetes, disminuyendo as\u00ed la resequedad especialmente en codos y pies.<\/p>\n","protected":false},"excerpt":{"rendered":"<p>La Emulsi\u00f3n Corporal Piel del Diab\u00e9tico tiene una exclusiva formulaci\u00f3n que contiene una combinaci\u00f3n de Urea, Aceite de Rosa Mosqueta y Casta\u00f1o de Indias con efecto antiglicante que otorgan m\u00e1xima hidrataci\u00f3n y suavidad a la piel sana de las personas con diabetes, disminuyendo as\u00ed la resequedad especialmente en codos y pies<\/p>\n","protected":false},"featured_media":3689,"comment_status":"open","ping_status":"closed","template":"","meta":[],"product_brand":[],"product_cat":[237,162],"product_tag":[],"class_list":{"0":"post-5143","1":"product","2":"type-product","3":"status-publish","4":"has-post-thumbnail","6":"product_cat-belleza","7":"product_cat-dermocosmetica","9":"first","10":"instock","11":"shipping-taxable","12":"purchasable","13":"product-type-simple"},"_links":{"self":[{"href":"https:\/\/farmaciadagostino.com.ar\/sitio\/wp-json\/wp\/v2\/product\/5143","targetHints":{"allow":["GET"]}}],"collection":[{"href":"https:\/\/farmaciadagostino.com.ar\/sitio\/wp-json\/wp\/v2\/product"}],"about":[{"href":"https:\/\/farmaciadagostino.com.ar\/sitio\/wp-json\/wp\/v2\/types\/product"}],"replies":[{"embeddable":true,"href":"https:\/\/farmaciadagostino.com.ar\/sitio\/wp-json\/wp\/v2\/comments?post=5143"}],"wp:featuredmedia":[{"embeddable":true,"href":"https:\/\/farmaciadagostino.com.ar\/sitio\/wp-json\/wp\/v2\/media\/3689"}],"wp:attachment":[{"href":"https:\/\/farmaciadagostino.com.ar\/sitio\/wp-json\/wp\/v2\/media?parent=5143"}],"wp:term":[{"taxonomy":"product_brand","embeddable":true,"href":"https:\/\/farmaciadagostino.com.ar\/sitio\/wp-json\/wp\/v2\/product_brand?post=5143"},{"taxonomy":"product_cat","embeddable":true,"href":"https:\/\/farmaciadagostino.com.ar\/sitio\/wp-json\/wp\/v2\/product_cat?post=5143"},{"taxonomy":"product_tag","embeddable":true,"href":"https:\/\/farmaciadagostino.com.ar\/sitio\/wp-json\/wp\/v2\/product_tag?post=5143"}],"curies":[{"name":"wp","href":"https:\/\/api.w.org\/{rel}","templated":true}]}}