{"id":5144,"date":"2024-06-09T13:22:36","date_gmt":"2024-06-09T16:22:36","guid":{"rendered":"https:\/\/farmaciadagostino.com.ar\/sitio\/producto\/loreal-uv-defender-cuidado-diario-color-fluido-claro-x40-ml\/"},"modified":"2026-03-09T10:25:10","modified_gmt":"2026-03-09T13:25:10","slug":"loreal-uv-defender-cuidado-diario-color-fluido-claro-x40-ml","status":"publish","type":"product","link":"https:\/\/farmaciadagostino.com.ar\/sitio\/producto\/loreal-uv-defender-cuidado-diario-color-fluido-claro-x40-ml\/","title":{"rendered":"LOREAL UV DEFENDER CUIDADO DIARIO COLOR FLUIDO CLARO x40 ml"},"content":{"rendered":"<p>Protector Solar L\u2019Or\u00e9al Paris UV Defender Fluido Con Color FPS50+<br \/>\nConoc\u00e9 el nuevo UV Defender Fluido Invisible, un protector solar FPS50+, de textura 11 veces m\u00e1s ligera* y muy alta resistencia. Creado con Tecnolog\u00eda Patentada, el UV Defender Fluido Invisible resiste al agua y al sudor, con textura fluida, lo que lo hace ideal para pieles mixtas a grasas.<br \/>\nFormulado con \u00c1cido Hialur\u00f3nico, activo antiedad que hidrata profundamente la piel, al rellenar l\u00edneas de expresi\u00f3n. El protector solar constituye el paso fundamental en tu rutina de cuidado de la piel, protegi\u00e9ndola de los rayos UVA y UVB; su utilizaci\u00f3n diaria previene quemaduras, c\u00e1ncer de piel y la aparici\u00f3n de l\u00edneas de expresi\u00f3n, arrugas y manchas oscuras.<br \/>\n*Que un protector solar cl\u00e1sico. Prueba sensorial frente al protector solar L\u2019Or\u00e9al Paris UV Defender SPF 50+ hidrataci\u00f3n intensa.\u00b0Estudio cl\u00ednico, uso diario.<br \/>\nEquivalente en edad de la mejora de la apariencia del contraste y la densidad de las manchas oscuras inducidas por los rayos UV.<br \/>\nModo de uso<br \/>\nUtilizar todas las ma\u00f1anas, los 365 d\u00edas del a\u00f1o.<br \/>\nPASO 1: agit\u00e1 bien el producto<br \/>\nPASO 2: aplic\u00e1 UV Defender Fluido sobre rostro y cuello<br \/>\nPASO 3: reaplic\u00e1 cada dos horas<\/p>\n","protected":false},"excerpt":{"rendered":"<p>El nuevo UV Defender Fluido Invisible FPS50+ protege tu piel diariamente de los rayos UVB y UVA, evitando el c\u00e1ncer de piel, y la aparici\u00f3n de manchas, arrugas y l\u00edneas de expresi\u00f3n. Su textura 11 veces m\u00e1s ligera lo hace apto para todo tipo de piel, incluso las pieles mixtas a grasas.<\/p>\n","protected":false},"featured_media":4497,"comment_status":"open","ping_status":"closed","template":"","meta":[],"product_brand":[],"product_cat":[262,264,15],"product_tag":[],"class_list":{"0":"post-5144","1":"product","2":"type-product","3":"status-publish","4":"has-post-thumbnail","6":"product_cat-promo","7":"product_cat-ofertas","8":"product_cat-sin-categorizar","10":"first","11":"instock","12":"sale","13":"shipping-taxable","14":"purchasable","15":"product-type-simple"},"_links":{"self":[{"href":"https:\/\/farmaciadagostino.com.ar\/sitio\/wp-json\/wp\/v2\/product\/5144","targetHints":{"allow":["GET"]}}],"collection":[{"href":"https:\/\/farmaciadagostino.com.ar\/sitio\/wp-json\/wp\/v2\/product"}],"about":[{"href":"https:\/\/farmaciadagostino.com.ar\/sitio\/wp-json\/wp\/v2\/types\/product"}],"replies":[{"embeddable":true,"href":"https:\/\/farmaciadagostino.com.ar\/sitio\/wp-json\/wp\/v2\/comments?post=5144"}],"wp:featuredmedia":[{"embeddable":true,"href":"https:\/\/farmaciadagostino.com.ar\/sitio\/wp-json\/wp\/v2\/media\/4497"}],"wp:attachment":[{"href":"https:\/\/farmaciadagostino.com.ar\/sitio\/wp-json\/wp\/v2\/media?parent=5144"}],"wp:term":[{"taxonomy":"product_brand","embeddable":true,"href":"https:\/\/farmaciadagostino.com.ar\/sitio\/wp-json\/wp\/v2\/product_brand?post=5144"},{"taxonomy":"product_cat","embeddable":true,"href":"https:\/\/farmaciadagostino.com.ar\/sitio\/wp-json\/wp\/v2\/product_cat?post=5144"},{"taxonomy":"product_tag","embeddable":true,"href":"https:\/\/farmaciadagostino.com.ar\/sitio\/wp-json\/wp\/v2\/product_tag?post=5144"}],"curies":[{"name":"wp","href":"https:\/\/api.w.org\/{rel}","templated":true}]}}