{"id":5166,"date":"2024-06-09T13:22:39","date_gmt":"2024-06-09T16:22:39","guid":{"rendered":"https:\/\/farmaciadagostino.com.ar\/sitio\/producto\/colgate-floss-hilo-dental-x50-m-2x1\/"},"modified":"2026-03-09T10:09:45","modified_gmt":"2026-03-09T13:09:45","slug":"colgate-floss-hilo-dental-x50-m-2x1","status":"publish","type":"product","link":"https:\/\/farmaciadagostino.com.ar\/sitio\/producto\/colgate-floss-hilo-dental-x50-m-2x1\/","title":{"rendered":"Colgate Hilo Dental 50 M (Promo 2&#215;1)"},"content":{"rendered":"<h5>Descripci\u00f3n<\/h5>\n<p>Remueve los residuos que son la principal causa de las bacterias que causan la placa y la inflamaci\u00f3n de las enc\u00edas.<\/p>\n<h5>Beneficios:<\/h5>\n<p>&#8211; Desliza f\u00e1cil y no se rompe.<\/p>\n<p>&#8211; Remueve residuos de alimentos y la placa entre los dientes.<\/p>\n<p>&#8211; Fibra especial PTFE de filamento \u00fanico.<\/p>\n<h5>Modo de uso:<\/h5>\n<p>Use hilo dental como primer paso para un correcto higiene bucal, removiendo los residuos de alimentos y la placa entre los dientes.<\/p>\n","protected":false},"excerpt":{"rendered":"<p>Descripci\u00f3nRemueve los residuos que son la principal causa de las bacterias que causan la placa y la inflamaci\u00f3n de las enc\u00edas<\/p>\n","protected":false},"featured_media":4428,"comment_status":"open","ping_status":"closed","template":"","meta":[],"product_brand":[],"product_cat":[152],"product_tag":[],"class_list":{"0":"post-5166","1":"product","2":"type-product","3":"status-publish","4":"has-post-thumbnail","6":"product_cat-cuidado-personal","8":"first","9":"instock","10":"shipping-taxable","11":"purchasable","12":"product-type-simple"},"_links":{"self":[{"href":"https:\/\/farmaciadagostino.com.ar\/sitio\/wp-json\/wp\/v2\/product\/5166","targetHints":{"allow":["GET"]}}],"collection":[{"href":"https:\/\/farmaciadagostino.com.ar\/sitio\/wp-json\/wp\/v2\/product"}],"about":[{"href":"https:\/\/farmaciadagostino.com.ar\/sitio\/wp-json\/wp\/v2\/types\/product"}],"replies":[{"embeddable":true,"href":"https:\/\/farmaciadagostino.com.ar\/sitio\/wp-json\/wp\/v2\/comments?post=5166"}],"wp:featuredmedia":[{"embeddable":true,"href":"https:\/\/farmaciadagostino.com.ar\/sitio\/wp-json\/wp\/v2\/media\/4428"}],"wp:attachment":[{"href":"https:\/\/farmaciadagostino.com.ar\/sitio\/wp-json\/wp\/v2\/media?parent=5166"}],"wp:term":[{"taxonomy":"product_brand","embeddable":true,"href":"https:\/\/farmaciadagostino.com.ar\/sitio\/wp-json\/wp\/v2\/product_brand?post=5166"},{"taxonomy":"product_cat","embeddable":true,"href":"https:\/\/farmaciadagostino.com.ar\/sitio\/wp-json\/wp\/v2\/product_cat?post=5166"},{"taxonomy":"product_tag","embeddable":true,"href":"https:\/\/farmaciadagostino.com.ar\/sitio\/wp-json\/wp\/v2\/product_tag?post=5166"}],"curies":[{"name":"wp","href":"https:\/\/api.w.org\/{rel}","templated":true}]}}