{"id":5222,"date":"2024-06-09T13:22:56","date_gmt":"2024-06-09T16:22:56","guid":{"rendered":"https:\/\/farmaciadagostino.com.ar\/sitio\/producto\/isdin-foto-protector-ultra-age-repair-5-stars-fw-50-x50-ml\/"},"modified":"2026-03-09T10:17:58","modified_gmt":"2026-03-09T13:17:58","slug":"isdin-foto-protector-ultra-age-repair-5-stars-fw-50-x50-ml","status":"publish","type":"product","link":"https:\/\/farmaciadagostino.com.ar\/sitio\/producto\/isdin-foto-protector-ultra-age-repair-5-stars-fw-50-x50-ml\/","title":{"rendered":"Isdin Fotoprotector Ultra Age Repair Water 50 50 +ml"},"content":{"rendered":"<p>El primer fotoprotector facial con acci\u00f3n age-repair<br \/>\nFotoprotector facial que protege, repara y revierte los signos del fotoenvejecimeinto.<\/p>\n<p>Beneficios<\/p>\n<p>&#8211; Triple acci\u00f3n Anti Fotoenvejecimiento<\/p>\n<p>&#8211; Protege del da\u00f1o solar con una alta protecci\u00f3n UVB\/UVA SPF 50<\/p>\n<p>&#8211; Repara el da\u00f1o acumulado a nivel celular gracias a los DNA Repairsomes\u00ae.<\/p>\n<p>&#8211; Revierte los signos visibles del fotoenvejecimiento gracias a el Li-Q10, CollagenBooster Peptide y \u00e1cido hialur\u00f3nico.<\/p>\n<p>&#8211; Gracias a su textura de base acuosa aporta un acabado mate y no pica en los ojos.<\/p>\n<p>&#8211; Base ideal para maquillaje. Suaviza la piel, minimiza la apariencia de poros y, permite una aplicaci\u00f3n del maquillaje m\u00e1s c\u00f3moda y uniforme.<\/p>\n<p>&#8211; No comedog\u00e9nico. Wet skin. Apto para piel sensible. Hipoalerg\u00e9nico. Resistente al agua. Sin alcohol. Testado dermatol\u00f3gicamente. Testado oftalmol\u00f3gicamente. F\u00f3rmula biodegradable.<\/p>\n<p>Modo de uso<\/p>\n<p>&#8211; Aplicar generosamente dando un suave masaje sobre rostro, cuello y escote, dos veces al d\u00eda.<\/p>\n","protected":false},"excerpt":{"rendered":"<p>El primer fotoprotector facial con acci\u00f3n age-repair<br \/>\nFotoprotector facial que protege, repara y revierte los signos del fotoenvejecimeinto<\/p>\n","protected":false},"featured_media":4558,"comment_status":"open","ping_status":"closed","template":"","meta":[],"product_brand":[],"product_cat":[237,162],"product_tag":[],"class_list":{"0":"post-5222","1":"product","2":"type-product","3":"status-publish","4":"has-post-thumbnail","6":"product_cat-belleza","7":"product_cat-dermocosmetica","9":"first","10":"instock","11":"shipping-taxable","12":"purchasable","13":"product-type-simple"},"_links":{"self":[{"href":"https:\/\/farmaciadagostino.com.ar\/sitio\/wp-json\/wp\/v2\/product\/5222","targetHints":{"allow":["GET"]}}],"collection":[{"href":"https:\/\/farmaciadagostino.com.ar\/sitio\/wp-json\/wp\/v2\/product"}],"about":[{"href":"https:\/\/farmaciadagostino.com.ar\/sitio\/wp-json\/wp\/v2\/types\/product"}],"replies":[{"embeddable":true,"href":"https:\/\/farmaciadagostino.com.ar\/sitio\/wp-json\/wp\/v2\/comments?post=5222"}],"wp:featuredmedia":[{"embeddable":true,"href":"https:\/\/farmaciadagostino.com.ar\/sitio\/wp-json\/wp\/v2\/media\/4558"}],"wp:attachment":[{"href":"https:\/\/farmaciadagostino.com.ar\/sitio\/wp-json\/wp\/v2\/media?parent=5222"}],"wp:term":[{"taxonomy":"product_brand","embeddable":true,"href":"https:\/\/farmaciadagostino.com.ar\/sitio\/wp-json\/wp\/v2\/product_brand?post=5222"},{"taxonomy":"product_cat","embeddable":true,"href":"https:\/\/farmaciadagostino.com.ar\/sitio\/wp-json\/wp\/v2\/product_cat?post=5222"},{"taxonomy":"product_tag","embeddable":true,"href":"https:\/\/farmaciadagostino.com.ar\/sitio\/wp-json\/wp\/v2\/product_tag?post=5222"}],"curies":[{"name":"wp","href":"https:\/\/api.w.org\/{rel}","templated":true}]}}