{"id":5223,"date":"2024-06-09T13:22:56","date_gmt":"2024-06-09T16:22:56","guid":{"rendered":"https:\/\/farmaciadagostino.com.ar\/sitio\/producto\/isdin-foto-protector-facial-uv-mineral-brush-spf-50-x2-gr\/"},"modified":"2026-03-09T10:25:10","modified_gmt":"2026-03-09T13:25:10","slug":"isdin-foto-protector-facial-uv-mineral-brush-spf-50-x2-gr","status":"publish","type":"product","link":"https:\/\/farmaciadagostino.com.ar\/sitio\/producto\/isdin-foto-protector-facial-uv-mineral-brush-spf-50-x2-gr\/","title":{"rendered":"Isdin Fotoprotector Mineral Sun Brush Spf 50+ 2 gr Brocha"},"content":{"rendered":"<p>Fotoprotector ISDIN SunBrush Mineral: La fotoprotecci\u00f3n que llevar\u00e1s contigo los 365 d\u00edas del a\u00f1o. 100% mineral, 100% portable. SunBrush Mineral ofrece una protecci\u00f3n de amplio espectro UVA\/UVB SPF50+ y filtros 100% minerales. Gracias a su textura ultraligera, deja respirar la piel y no aporta color, adapt\u00e1ndose a cualquier tono de piel. SunBrush Mineral ofrece una protecci\u00f3n alta protecci\u00f3n UVB\/UVA con un SPF50+ y filtros 100% minerales. Gracias a su textura ultraligera, deja respirar la piel y no aporta color, adapt\u00e1ndose a cualquier tono de piel. C\u00f3modo de aplicar y portable para llevar a cualquier lugar. Aplicable sobre maquillaje. Con componentes antipoluci\u00f3n que protegen la piel frente a los contaminantes ambientales.<\/p>\n<h5>Beneficios:<\/h5>\n<p>&#8211; Alta protecci\u00f3n UVB\/UVA con un SPF50+. &#8211; Filtros 100% minerales. &#8211; Textura ultraligera. &#8211; No aporta color, adapt\u00e1ndose a tu tono de piel. &#8211; C\u00f3modo de aplicar y portable a cualquier lugar. &#8211; Aplicable sobre el maquillaje. &#8211; Con componentes antipoluci\u00f3n que protegen la piel frente a los contaminantes ambientales.<\/p>\n<h5>Modo de uso:<\/h5>\n<p>1. Bajar el protector transparente, retirar la goma y aplicar la brocha sobre la mano en movimientos circulares hasta que los minerales empiecen a fluir. Consejo: Antes de aplicarla en la cara, das dos peque\u00f1os toques de la brocha sobre el dorso de la mano para evitar excedentes. 2. Aplicar la brocha en movimientos circulares para garantizar la correcta liberaci\u00f3n del producto. 3. Deslizar la brocha de forma generosa y uniforme sobre la totalidad de la cara y zonas expuestas (cuello, escote y dorso de las manos). 4. Aplicar el producto sobre la piel seca de forma previa a la exposici\u00f3n solar y reaplicar todas las veces que considere necesario, como m\u00ednimo cada 2 horas. Aplicable sobre maquillaje. No mojar la brocha, ya que el polvo podr\u00eda mojarse. Probado dermatol\u00f3gicamente. Apto para piel at\u00f3pica. Hipoalerg\u00e9nico. No comedog\u00e9nico. Resistente al agua. F\u00f3rmula biodegradable.<\/p>\n","protected":false},"excerpt":{"rendered":"<p>Fotoprotector ISDIN SunBrush Mineral: La fotoprotecci\u00f3n que llevar\u00e1s contigo los 365 d\u00edas del a\u00f1o<\/p>\n","protected":false},"featured_media":4563,"comment_status":"open","ping_status":"closed","template":"","meta":[],"product_brand":[],"product_cat":[237,162],"product_tag":[],"class_list":{"0":"post-5223","1":"product","2":"type-product","3":"status-publish","4":"has-post-thumbnail","6":"product_cat-belleza","7":"product_cat-dermocosmetica","9":"first","10":"instock","11":"shipping-taxable","12":"purchasable","13":"product-type-simple"},"_links":{"self":[{"href":"https:\/\/farmaciadagostino.com.ar\/sitio\/wp-json\/wp\/v2\/product\/5223","targetHints":{"allow":["GET"]}}],"collection":[{"href":"https:\/\/farmaciadagostino.com.ar\/sitio\/wp-json\/wp\/v2\/product"}],"about":[{"href":"https:\/\/farmaciadagostino.com.ar\/sitio\/wp-json\/wp\/v2\/types\/product"}],"replies":[{"embeddable":true,"href":"https:\/\/farmaciadagostino.com.ar\/sitio\/wp-json\/wp\/v2\/comments?post=5223"}],"wp:featuredmedia":[{"embeddable":true,"href":"https:\/\/farmaciadagostino.com.ar\/sitio\/wp-json\/wp\/v2\/media\/4563"}],"wp:attachment":[{"href":"https:\/\/farmaciadagostino.com.ar\/sitio\/wp-json\/wp\/v2\/media?parent=5223"}],"wp:term":[{"taxonomy":"product_brand","embeddable":true,"href":"https:\/\/farmaciadagostino.com.ar\/sitio\/wp-json\/wp\/v2\/product_brand?post=5223"},{"taxonomy":"product_cat","embeddable":true,"href":"https:\/\/farmaciadagostino.com.ar\/sitio\/wp-json\/wp\/v2\/product_cat?post=5223"},{"taxonomy":"product_tag","embeddable":true,"href":"https:\/\/farmaciadagostino.com.ar\/sitio\/wp-json\/wp\/v2\/product_tag?post=5223"}],"curies":[{"name":"wp","href":"https:\/\/api.w.org\/{rel}","templated":true}]}}