{"id":5225,"date":"2024-06-09T13:22:56","date_gmt":"2024-06-09T16:22:56","guid":{"rendered":"https:\/\/farmaciadagostino.com.ar\/sitio\/producto\/colgate-pasta-dental-luminous-white-instant-x70-gr\/"},"modified":"2026-03-09T10:17:58","modified_gmt":"2026-03-09T13:17:58","slug":"colgate-pasta-dental-luminous-white-instant-x70-gr","status":"publish","type":"product","link":"https:\/\/farmaciadagostino.com.ar\/sitio\/producto\/colgate-pasta-dental-luminous-white-instant-x70-gr\/","title":{"rendered":"COLGATE PASTA DENTAL LUMINOUS WHITE INSTANT x70 gr"},"content":{"rendered":"<p>Dientes blancos al instante*<br \/>\nBeneficio:<br \/>\n-Su innovadora tecnolog\u00eda ahora combina abrillantadores \u00f3pticos para blanquear los dientes instant\u00e1neamente*<br \/>\n-Protecci\u00f3n del esmalte -Sabor Dazzling Mint *Efecto de blanqueamiento instant\u00e1neo y temporal<br \/>\nModo de uso:<br \/>\nCep\u00edllese adecuadamente los dientes despu\u00e9s de cada comida, tres veces al d\u00eda por dos minutos.<br \/>\nEnjuagar completamente despu\u00e9s de cada cepillado Precauciones: Su uso es recomendable en ni\u00f1os mayores de 6 a\u00f1os.<br \/>\nNo ingerir. Ni\u00f1os de 6 a\u00f1os y menores: usar una cantidad del tama\u00f1o de una gota (0,25G) supervisados por un adulto para minimizar que sea ingerida.<br \/>\nEn caso de estar recibiendo fl\u00faor de otras fuentes consulte un odont\u00f3logo o doctor. Mantenga fuera del alcance de los ni\u00f1os. No requiere eliminaci\u00f3n espec\u00edfica<\/p>\n","protected":false},"excerpt":{"rendered":"<p>Su innovadora tecnolog\u00eda ahora combina abrillantadores \u00f3pticos para blanquear los dientes instant\u00e1neamente(*)<br \/>\n(*) Efecto de blanqueamiento instant\u00e1neo y temporal.<\/p>\n","protected":false},"featured_media":3158,"comment_status":"open","ping_status":"closed","template":"","meta":[],"product_brand":[],"product_cat":[262,152,264],"product_tag":[],"class_list":{"0":"post-5225","1":"product","2":"type-product","3":"status-publish","4":"has-post-thumbnail","6":"product_cat-promo","7":"product_cat-cuidado-personal","8":"product_cat-ofertas","10":"first","11":"instock","12":"sale","13":"shipping-taxable","14":"purchasable","15":"product-type-simple"},"_links":{"self":[{"href":"https:\/\/farmaciadagostino.com.ar\/sitio\/wp-json\/wp\/v2\/product\/5225","targetHints":{"allow":["GET"]}}],"collection":[{"href":"https:\/\/farmaciadagostino.com.ar\/sitio\/wp-json\/wp\/v2\/product"}],"about":[{"href":"https:\/\/farmaciadagostino.com.ar\/sitio\/wp-json\/wp\/v2\/types\/product"}],"replies":[{"embeddable":true,"href":"https:\/\/farmaciadagostino.com.ar\/sitio\/wp-json\/wp\/v2\/comments?post=5225"}],"wp:featuredmedia":[{"embeddable":true,"href":"https:\/\/farmaciadagostino.com.ar\/sitio\/wp-json\/wp\/v2\/media\/3158"}],"wp:attachment":[{"href":"https:\/\/farmaciadagostino.com.ar\/sitio\/wp-json\/wp\/v2\/media?parent=5225"}],"wp:term":[{"taxonomy":"product_brand","embeddable":true,"href":"https:\/\/farmaciadagostino.com.ar\/sitio\/wp-json\/wp\/v2\/product_brand?post=5225"},{"taxonomy":"product_cat","embeddable":true,"href":"https:\/\/farmaciadagostino.com.ar\/sitio\/wp-json\/wp\/v2\/product_cat?post=5225"},{"taxonomy":"product_tag","embeddable":true,"href":"https:\/\/farmaciadagostino.com.ar\/sitio\/wp-json\/wp\/v2\/product_tag?post=5225"}],"curies":[{"name":"wp","href":"https:\/\/api.w.org\/{rel}","templated":true}]}}