{"id":5237,"date":"2024-06-09T13:22:57","date_gmt":"2024-06-09T16:22:57","guid":{"rendered":"https:\/\/farmaciadagostino.com.ar\/sitio\/producto\/sensodyne-pasta-dental-sensibilidad-y-esmalte-x100-gr\/"},"modified":"2026-03-09T10:25:10","modified_gmt":"2026-03-09T13:25:10","slug":"sensodyne-pasta-dental-sensibilidad-y-esmalte-x100-gr","status":"publish","type":"product","link":"https:\/\/farmaciadagostino.com.ar\/sitio\/producto\/sensodyne-pasta-dental-sensibilidad-y-esmalte-x100-gr\/","title":{"rendered":"SENSODYNE PASTA DENTAL SENSIBILIDAD Y ESMALTE x100 gr"},"content":{"rendered":"<p>La crema dental Sensodyne Sensibilidad &#038; Enc\u00edas Blanqueadora est\u00e1 cl\u00ednicamente probada para aliviar la sensibilidad dental y mantener la salud de las enc\u00edas.<br \/>\nSu f\u00f3rmula de doble acci\u00f3n funciona de dos maneras.<br \/>\nCrea una capa protectora sobre las zonas sensibles, aliviando de manera efectiva la sensibilidad dental, y se dirige y elimina la placa bacteriana para ayudar a reducir los problemas de enc\u00edas. Con un cepillado dos veces al d\u00eda, tambi\u00e9n ayuda a eliminar las manchas para unos dientes m\u00e1s blancos.<br \/>\nPara un doble alivio de la sensibilidad y los problemas de enc\u00edas, pruebe la crema dental Sensodyne Sensibilidad &#038; Enc\u00edas Blanqueadora.<\/p>\n","protected":false},"excerpt":{"rendered":"<p>Crema dental diaria de doble acci\u00f3n para problemas de sensibilidad y enc\u00edas.<\/p>\n","protected":false},"featured_media":4460,"comment_status":"open","ping_status":"closed","template":"","meta":[],"product_brand":[],"product_cat":[152],"product_tag":[],"class_list":{"0":"post-5237","1":"product","2":"type-product","3":"status-publish","4":"has-post-thumbnail","6":"product_cat-cuidado-personal","8":"first","9":"instock","10":"shipping-taxable","11":"purchasable","12":"product-type-simple"},"_links":{"self":[{"href":"https:\/\/farmaciadagostino.com.ar\/sitio\/wp-json\/wp\/v2\/product\/5237","targetHints":{"allow":["GET"]}}],"collection":[{"href":"https:\/\/farmaciadagostino.com.ar\/sitio\/wp-json\/wp\/v2\/product"}],"about":[{"href":"https:\/\/farmaciadagostino.com.ar\/sitio\/wp-json\/wp\/v2\/types\/product"}],"replies":[{"embeddable":true,"href":"https:\/\/farmaciadagostino.com.ar\/sitio\/wp-json\/wp\/v2\/comments?post=5237"}],"wp:featuredmedia":[{"embeddable":true,"href":"https:\/\/farmaciadagostino.com.ar\/sitio\/wp-json\/wp\/v2\/media\/4460"}],"wp:attachment":[{"href":"https:\/\/farmaciadagostino.com.ar\/sitio\/wp-json\/wp\/v2\/media?parent=5237"}],"wp:term":[{"taxonomy":"product_brand","embeddable":true,"href":"https:\/\/farmaciadagostino.com.ar\/sitio\/wp-json\/wp\/v2\/product_brand?post=5237"},{"taxonomy":"product_cat","embeddable":true,"href":"https:\/\/farmaciadagostino.com.ar\/sitio\/wp-json\/wp\/v2\/product_cat?post=5237"},{"taxonomy":"product_tag","embeddable":true,"href":"https:\/\/farmaciadagostino.com.ar\/sitio\/wp-json\/wp\/v2\/product_tag?post=5237"}],"curies":[{"name":"wp","href":"https:\/\/api.w.org\/{rel}","templated":true}]}}