{"id":5253,"date":"2024-06-09T13:23:02","date_gmt":"2024-06-09T16:23:02","guid":{"rendered":"https:\/\/farmaciadagostino.com.ar\/sitio\/producto\/axe-desodorante-black-aerosol-x97-gr\/"},"modified":"2026-03-09T10:09:45","modified_gmt":"2026-03-09T13:09:45","slug":"axe-desodorante-black-aerosol-x97-gr","status":"publish","type":"product","link":"https:\/\/farmaciadagostino.com.ar\/sitio\/producto\/axe-desodorante-black-aerosol-x97-gr\/","title":{"rendered":"AXE DESODORANTE BLACK AEROSOL x97 gr"},"content":{"rendered":"<p>Sentite fresco y ol\u00e9 incre\u00edble con el desodorante AXE Black. Todo el d\u00eda. Toda la noche. Nuestra nueva y revolucionaria tecnolog\u00eda de doble acci\u00f3n combate las bacterias que causan el mal olor para que puedas oler incre\u00edblemente sofisticado durante 48 horas. Sumate vos tambi\u00e9n al nuevo efecto AXE.<br \/>\nBeneficios.<br \/>\nPerfume fresco.<br \/>\nProtecci\u00f3n contra el mal olor.<br \/>\nModo Uso.<br \/>\nAgit\u00e1 bien el antitranspirante antes de usar. Mantenelo a no menos de 15 cent\u00edmetros de las axilas y aplic\u00e1 para sentir la diferencia. Rendimiento superior que protege a tu ropa de las manchas.<\/p>\n","protected":false},"excerpt":{"rendered":"<p>Desodorante aerosol con fragancia \u00fanica y para todos los d\u00edas. Est\u00e1 refinada y sutil fragancia combina notas de bergamota, romero y cedro que te permitir\u00e1n crear una gran impresi\u00f3n sin exagerar.<\/p>\n","protected":false},"featured_media":3381,"comment_status":"open","ping_status":"closed","template":"","meta":[],"product_brand":[],"product_cat":[152],"product_tag":[],"class_list":{"0":"post-5253","1":"product","2":"type-product","3":"status-publish","4":"has-post-thumbnail","6":"product_cat-cuidado-personal","8":"first","9":"instock","10":"shipping-taxable","11":"purchasable","12":"product-type-simple"},"_links":{"self":[{"href":"https:\/\/farmaciadagostino.com.ar\/sitio\/wp-json\/wp\/v2\/product\/5253","targetHints":{"allow":["GET"]}}],"collection":[{"href":"https:\/\/farmaciadagostino.com.ar\/sitio\/wp-json\/wp\/v2\/product"}],"about":[{"href":"https:\/\/farmaciadagostino.com.ar\/sitio\/wp-json\/wp\/v2\/types\/product"}],"replies":[{"embeddable":true,"href":"https:\/\/farmaciadagostino.com.ar\/sitio\/wp-json\/wp\/v2\/comments?post=5253"}],"wp:featuredmedia":[{"embeddable":true,"href":"https:\/\/farmaciadagostino.com.ar\/sitio\/wp-json\/wp\/v2\/media\/3381"}],"wp:attachment":[{"href":"https:\/\/farmaciadagostino.com.ar\/sitio\/wp-json\/wp\/v2\/media?parent=5253"}],"wp:term":[{"taxonomy":"product_brand","embeddable":true,"href":"https:\/\/farmaciadagostino.com.ar\/sitio\/wp-json\/wp\/v2\/product_brand?post=5253"},{"taxonomy":"product_cat","embeddable":true,"href":"https:\/\/farmaciadagostino.com.ar\/sitio\/wp-json\/wp\/v2\/product_cat?post=5253"},{"taxonomy":"product_tag","embeddable":true,"href":"https:\/\/farmaciadagostino.com.ar\/sitio\/wp-json\/wp\/v2\/product_tag?post=5253"}],"curies":[{"name":"wp","href":"https:\/\/api.w.org\/{rel}","templated":true}]}}