{"id":5255,"date":"2024-06-09T13:23:02","date_gmt":"2024-06-09T16:23:02","guid":{"rendered":"https:\/\/farmaciadagostino.com.ar\/sitio\/producto\/dove-hidro-care-acondicionador-brillo-micelar-x400-ml\/"},"modified":"2026-03-09T10:25:10","modified_gmt":"2026-03-09T13:25:10","slug":"dove-hidro-care-acondicionador-brillo-micelar-x400-ml","status":"publish","type":"product","link":"https:\/\/farmaciadagostino.com.ar\/sitio\/producto\/dove-hidro-care-acondicionador-brillo-micelar-x400-ml\/","title":{"rendered":"Dove Acondicionador Brillo + \u00d3leo Micelar 400 ml"},"content":{"rendered":"<p>\u00a1Descubr\u00ed el nuevo Acondicionador Dove Brillo + \u00d3leo Micelar! Posee una nueva f\u00f3rmula que combina fusi\u00f3n de agua y \u00f3leos livianos, para darle a tu pelo hidrataci\u00f3n, suavidad y brillo, sin dejarlo pesado! La nueva l\u00ednea Dove con tecnolog\u00eda Hydro-Care, con millones de nano mol\u00e9culas de agua , permite que los ingredientes activos y \u00f3leos alcancen las zonas m\u00e1s resecas de la fibra capilar, hidratando profundamente el pelo seco, dej\u00e1ndolo suave, brillante y con frizz controlado.<br \/>\nPara mejores resultados, prob\u00e1 la l\u00ednea completa de Dove Brillo + \u00d3leo Micelar, con Tecnolog\u00eda Hydro-Care. <\/p>\n<p>Modo de uso: despu\u00e9s del uso del shampoo, aplicar en la mitad del cabello hacia las puntas, dejar actuar por 1 Minuto y enjuagar.<\/p>\n<p>Nuevo Acondicionador Dove Brillo + \u00d3leo Micelar. Los acondicionadores Dove Brillo est\u00e1n formulados con tecnolog\u00eda Hydro-Care. Sent\u00ed tu pelo hidratado, suave y brillante con el Acondicionador DOVE Brillo. Los acondicionadores tienen una formulaci\u00f3n que act\u00faan profundamente en el cabello brindando una hidrataci\u00f3n equilibrada. Dove te brindar\u00e1 una protecci\u00f3n contra el quiebre, dejando tu cabello suave y con frizz controlado. Los productos para el pelo DOVE cuentan con Certificaci\u00f3n PETA. Globalmente, DOVE no testea en animales.<\/p>\n","protected":false},"excerpt":{"rendered":"<p>\u00a1Descubr\u00ed el nuevo Acondicionador Dove Brillo + \u00d3leo Micelar! Posee una nueva f\u00f3rmula que combina fusi\u00f3n de agua y \u00f3leos livianos, para darle a tu pelo hidrataci\u00f3n, suavidad y brillo, sin dejarlo pesado! La nueva l\u00ednea Dove con tecnolog\u00eda Hydro-Care, con millones de nano mol\u00e9culas de agua , permite que los ingredientes activos y \u00f3leos alcancen las zonas m\u00e1s resecas de la fibra capilar, hidratando profundamente el pelo seco, dej\u00e1ndolo suave, brillante y con frizz controlado<\/p>\n","protected":false},"featured_media":3462,"comment_status":"open","ping_status":"closed","template":"","meta":[],"product_brand":[],"product_cat":[237,262,152,264],"product_tag":[],"class_list":{"0":"post-5255","1":"product","2":"type-product","3":"status-publish","4":"has-post-thumbnail","6":"product_cat-belleza","7":"product_cat-promo","8":"product_cat-cuidado-personal","9":"product_cat-ofertas","11":"first","12":"instock","13":"sale","14":"shipping-taxable","15":"purchasable","16":"product-type-simple"},"_links":{"self":[{"href":"https:\/\/farmaciadagostino.com.ar\/sitio\/wp-json\/wp\/v2\/product\/5255","targetHints":{"allow":["GET"]}}],"collection":[{"href":"https:\/\/farmaciadagostino.com.ar\/sitio\/wp-json\/wp\/v2\/product"}],"about":[{"href":"https:\/\/farmaciadagostino.com.ar\/sitio\/wp-json\/wp\/v2\/types\/product"}],"replies":[{"embeddable":true,"href":"https:\/\/farmaciadagostino.com.ar\/sitio\/wp-json\/wp\/v2\/comments?post=5255"}],"wp:featuredmedia":[{"embeddable":true,"href":"https:\/\/farmaciadagostino.com.ar\/sitio\/wp-json\/wp\/v2\/media\/3462"}],"wp:attachment":[{"href":"https:\/\/farmaciadagostino.com.ar\/sitio\/wp-json\/wp\/v2\/media?parent=5255"}],"wp:term":[{"taxonomy":"product_brand","embeddable":true,"href":"https:\/\/farmaciadagostino.com.ar\/sitio\/wp-json\/wp\/v2\/product_brand?post=5255"},{"taxonomy":"product_cat","embeddable":true,"href":"https:\/\/farmaciadagostino.com.ar\/sitio\/wp-json\/wp\/v2\/product_cat?post=5255"},{"taxonomy":"product_tag","embeddable":true,"href":"https:\/\/farmaciadagostino.com.ar\/sitio\/wp-json\/wp\/v2\/product_tag?post=5255"}],"curies":[{"name":"wp","href":"https:\/\/api.w.org\/{rel}","templated":true}]}}