{"id":5256,"date":"2024-06-09T13:23:02","date_gmt":"2024-06-09T16:23:02","guid":{"rendered":"https:\/\/farmaciadagostino.com.ar\/sitio\/producto\/dove-hidro-care-shampoo-hidratacion-vitamina-ae-x400-ml\/"},"modified":"2026-03-09T10:09:45","modified_gmt":"2026-03-09T13:09:45","slug":"dove-hidro-care-shampoo-hidratacion-vitamina-ae-x400-ml","status":"publish","type":"product","link":"https:\/\/farmaciadagostino.com.ar\/sitio\/producto\/dove-hidro-care-shampoo-hidratacion-vitamina-ae-x400-ml\/","title":{"rendered":"DOVE HIDRO CARE SHAMPOO HIDRATACION\/VITAMINA A&amp;E x400 ml"},"content":{"rendered":"<p>Formulado con tecnolog\u00eda Hydro-Care, con millones de nano mol\u00e9culas de agua que permiten que los ingredientes activos y las vitaminas A &amp; E, alcancen las zonas m\u00e1s resecas de la fibra capilar, para darle a tu pelo una hidrataci\u00f3n potente, sin dejar el pelo pesado.<\/p>\n","protected":false},"excerpt":{"rendered":"<p>Shampoo Dove Hidrataci\u00f3n + Vitaminas A&amp;E, hidrataci\u00f3n liviana para un pelo liviano, fluido y con movimiento.<\/p>\n","protected":false},"featured_media":3457,"comment_status":"open","ping_status":"closed","template":"","meta":[],"product_brand":[],"product_cat":[237,262,152],"product_tag":[],"class_list":{"0":"post-5256","1":"product","2":"type-product","3":"status-publish","4":"has-post-thumbnail","6":"product_cat-belleza","7":"product_cat-promo","8":"product_cat-cuidado-personal","10":"first","11":"instock","12":"sale","13":"shipping-taxable","14":"purchasable","15":"product-type-simple"},"_links":{"self":[{"href":"https:\/\/farmaciadagostino.com.ar\/sitio\/wp-json\/wp\/v2\/product\/5256","targetHints":{"allow":["GET"]}}],"collection":[{"href":"https:\/\/farmaciadagostino.com.ar\/sitio\/wp-json\/wp\/v2\/product"}],"about":[{"href":"https:\/\/farmaciadagostino.com.ar\/sitio\/wp-json\/wp\/v2\/types\/product"}],"replies":[{"embeddable":true,"href":"https:\/\/farmaciadagostino.com.ar\/sitio\/wp-json\/wp\/v2\/comments?post=5256"}],"wp:featuredmedia":[{"embeddable":true,"href":"https:\/\/farmaciadagostino.com.ar\/sitio\/wp-json\/wp\/v2\/media\/3457"}],"wp:attachment":[{"href":"https:\/\/farmaciadagostino.com.ar\/sitio\/wp-json\/wp\/v2\/media?parent=5256"}],"wp:term":[{"taxonomy":"product_brand","embeddable":true,"href":"https:\/\/farmaciadagostino.com.ar\/sitio\/wp-json\/wp\/v2\/product_brand?post=5256"},{"taxonomy":"product_cat","embeddable":true,"href":"https:\/\/farmaciadagostino.com.ar\/sitio\/wp-json\/wp\/v2\/product_cat?post=5256"},{"taxonomy":"product_tag","embeddable":true,"href":"https:\/\/farmaciadagostino.com.ar\/sitio\/wp-json\/wp\/v2\/product_tag?post=5256"}],"curies":[{"name":"wp","href":"https:\/\/api.w.org\/{rel}","templated":true}]}}