{"id":5260,"date":"2024-06-09T13:23:03","date_gmt":"2024-06-09T16:23:03","guid":{"rendered":"https:\/\/farmaciadagostino.com.ar\/sitio\/producto\/dermaglos-crema-corporal-gel-ultra-hidratacion-x300-gr\/"},"modified":"2026-03-09T10:17:58","modified_gmt":"2026-03-09T13:17:58","slug":"dermaglos-crema-corporal-gel-ultra-hidratacion-x300-gr","status":"publish","type":"product","link":"https:\/\/farmaciadagostino.com.ar\/sitio\/producto\/dermaglos-crema-corporal-gel-ultra-hidratacion-x300-gr\/","title":{"rendered":"Crema Corporal Dermagl\u00f3s Ultra Hidrataci\u00f3n Gel x 300 g"},"content":{"rendered":"<p>Crema Gel Ultra Hidrataci\u00f3n con \u00e1cido hialur\u00f3nico, m\u00e1xima hidrataci\u00f3n con efecto referscante. Aporta firmeza a la piel r\u00e1pida absorci\u00f3n, textura liviana. Vitamina A y E y glicerina.<\/p>\n","protected":false},"excerpt":{"rendered":"<p>Crema Gel Ultra Hidrataci\u00f3n con \u00e1cido hialur\u00f3nico, m\u00e1xima hidrataci\u00f3n con efecto referscante<\/p>\n","protected":false},"featured_media":3670,"comment_status":"open","ping_status":"closed","template":"","meta":[],"product_brand":[],"product_cat":[237,162],"product_tag":[],"class_list":{"0":"post-5260","1":"product","2":"type-product","3":"status-publish","4":"has-post-thumbnail","6":"product_cat-belleza","7":"product_cat-dermocosmetica","9":"first","10":"instock","11":"shipping-taxable","12":"purchasable","13":"product-type-simple"},"_links":{"self":[{"href":"https:\/\/farmaciadagostino.com.ar\/sitio\/wp-json\/wp\/v2\/product\/5260","targetHints":{"allow":["GET"]}}],"collection":[{"href":"https:\/\/farmaciadagostino.com.ar\/sitio\/wp-json\/wp\/v2\/product"}],"about":[{"href":"https:\/\/farmaciadagostino.com.ar\/sitio\/wp-json\/wp\/v2\/types\/product"}],"replies":[{"embeddable":true,"href":"https:\/\/farmaciadagostino.com.ar\/sitio\/wp-json\/wp\/v2\/comments?post=5260"}],"wp:featuredmedia":[{"embeddable":true,"href":"https:\/\/farmaciadagostino.com.ar\/sitio\/wp-json\/wp\/v2\/media\/3670"}],"wp:attachment":[{"href":"https:\/\/farmaciadagostino.com.ar\/sitio\/wp-json\/wp\/v2\/media?parent=5260"}],"wp:term":[{"taxonomy":"product_brand","embeddable":true,"href":"https:\/\/farmaciadagostino.com.ar\/sitio\/wp-json\/wp\/v2\/product_brand?post=5260"},{"taxonomy":"product_cat","embeddable":true,"href":"https:\/\/farmaciadagostino.com.ar\/sitio\/wp-json\/wp\/v2\/product_cat?post=5260"},{"taxonomy":"product_tag","embeddable":true,"href":"https:\/\/farmaciadagostino.com.ar\/sitio\/wp-json\/wp\/v2\/product_tag?post=5260"}],"curies":[{"name":"wp","href":"https:\/\/api.w.org\/{rel}","templated":true}]}}