{"id":5262,"date":"2024-06-09T13:23:03","date_gmt":"2024-06-09T16:23:03","guid":{"rendered":"https:\/\/farmaciadagostino.com.ar\/sitio\/producto\/dermaglos-emulsion-corporal-regeneracion-intensiva-x300-ml\/"},"modified":"2026-03-09T10:09:45","modified_gmt":"2026-03-09T13:09:45","slug":"dermaglos-emulsion-corporal-regeneracion-intensiva-x300-ml","status":"publish","type":"product","link":"https:\/\/farmaciadagostino.com.ar\/sitio\/producto\/dermaglos-emulsion-corporal-regeneracion-intensiva-x300-ml\/","title":{"rendered":"Dermagl\u00f3s Hidrataci\u00f3n + Regeneraci\u00f3n Emulsi\u00f3n Corporal 300 ml"},"content":{"rendered":"<p>DERMAGL\u00d3S EMULSI\u00d3N CORPORAL REGENERACI\u00d3N INTENSIVA<br \/>\nSu f\u00f3rmula con 250.000 U.I. de Vitamina A ayuda a reparar la piel deshidratada dej\u00e1ndola suave, el\u00e1stica y saludable. Estimula la regeneraci\u00f3n celular y la formaci\u00f3n de col\u00e1geno, contrarrestando el proceso de envejecimiento de la piel. Mejora visiblemente la apariencia de l\u00edneas, arrugas, cicatrices y pieles con tatuajes. Textura liviana. Indicada para piel seca y extra seca.<\/p>\n<p>Hipoalerg\u00e9nica \u2013 Apto piel sensible \u2013 Testeada dermatol\u00f3gicamente \u2013 Sin TACC<\/p>\n","protected":false},"excerpt":{"rendered":"<p>DERMAGL\u00d3S EMULSI\u00d3N CORPORAL REGENERACI\u00d3N INTENSIVA<br \/>\nSu f\u00f3rmula con 250<\/p>\n","protected":false},"featured_media":3688,"comment_status":"open","ping_status":"closed","template":"","meta":[],"product_brand":[],"product_cat":[237,162],"product_tag":[],"class_list":{"0":"post-5262","1":"product","2":"type-product","3":"status-publish","4":"has-post-thumbnail","6":"product_cat-belleza","7":"product_cat-dermocosmetica","9":"first","10":"instock","11":"shipping-taxable","12":"purchasable","13":"product-type-simple"},"_links":{"self":[{"href":"https:\/\/farmaciadagostino.com.ar\/sitio\/wp-json\/wp\/v2\/product\/5262","targetHints":{"allow":["GET"]}}],"collection":[{"href":"https:\/\/farmaciadagostino.com.ar\/sitio\/wp-json\/wp\/v2\/product"}],"about":[{"href":"https:\/\/farmaciadagostino.com.ar\/sitio\/wp-json\/wp\/v2\/types\/product"}],"replies":[{"embeddable":true,"href":"https:\/\/farmaciadagostino.com.ar\/sitio\/wp-json\/wp\/v2\/comments?post=5262"}],"wp:featuredmedia":[{"embeddable":true,"href":"https:\/\/farmaciadagostino.com.ar\/sitio\/wp-json\/wp\/v2\/media\/3688"}],"wp:attachment":[{"href":"https:\/\/farmaciadagostino.com.ar\/sitio\/wp-json\/wp\/v2\/media?parent=5262"}],"wp:term":[{"taxonomy":"product_brand","embeddable":true,"href":"https:\/\/farmaciadagostino.com.ar\/sitio\/wp-json\/wp\/v2\/product_brand?post=5262"},{"taxonomy":"product_cat","embeddable":true,"href":"https:\/\/farmaciadagostino.com.ar\/sitio\/wp-json\/wp\/v2\/product_cat?post=5262"},{"taxonomy":"product_tag","embeddable":true,"href":"https:\/\/farmaciadagostino.com.ar\/sitio\/wp-json\/wp\/v2\/product_tag?post=5262"}],"curies":[{"name":"wp","href":"https:\/\/api.w.org\/{rel}","templated":true}]}}