{"id":5284,"date":"2024-06-09T13:23:13","date_gmt":"2024-06-09T16:23:13","guid":{"rendered":"https:\/\/farmaciadagostino.com.ar\/sitio\/producto\/loreal-revitalift-gel-limpieza-anti-brillo-x150-ml\/"},"modified":"2026-03-09T10:25:10","modified_gmt":"2026-03-09T13:25:10","slug":"loreal-revitalift-gel-limpieza-anti-brillo-x150-ml","status":"publish","type":"product","link":"https:\/\/farmaciadagostino.com.ar\/sitio\/producto\/loreal-revitalift-gel-limpieza-anti-brillo-x150-ml\/","title":{"rendered":"LOREAL REVITALIFT GEL LIMPIEZA ANTI BRILLO x150 ml"},"content":{"rendered":"<p>El Gel de Limpieza Revitalift Anti Brillo constituye el primer y fundamental paso en la rutina de cuidado facial.<br \/>\nElimina las impurezas del rostro sin resecar, resultando en una piel limpia e hidratada. Adem\u00e1s, gracias a su contenido de \u00e1cido salic\u00edlico mantiene la piel sin briilo y disminuye la visibilidad de los poros.<br \/>\n\u00a0<br \/>\nModo de uso:<\/p>\n<p>Paso 1: Humedecer el rostro.<br \/>\nPaso 2: Aplicar 2 o 3 gotas del gel sobre la palma de tu mano y masajear el rostro haciendo movimientos circulares ascendentes.<br \/>\nPaso 3: Dejar actuar unos segundos, enjuagar con abundante agua y secar con una toalla limpia.<\/p>\n","protected":false},"excerpt":{"rendered":"<p>Conoc\u00e9 el nuevo Gel de Limpieza Revitalift Anti Brillo Formulado con \u00c1cido Salic\u00edlico y \u00c1cido Hialur\u00f3nico. Limpia, Hidrata y Matifica. Ideal para pieles mixtas a grasas.<\/p>\n","protected":false},"featured_media":3167,"comment_status":"open","ping_status":"closed","template":"","meta":[],"product_brand":[],"product_cat":[262,152,264],"product_tag":[],"class_list":{"0":"post-5284","1":"product","2":"type-product","3":"status-publish","4":"has-post-thumbnail","6":"product_cat-promo","7":"product_cat-cuidado-personal","8":"product_cat-ofertas","10":"first","11":"instock","12":"sale","13":"shipping-taxable","14":"purchasable","15":"product-type-simple"},"_links":{"self":[{"href":"https:\/\/farmaciadagostino.com.ar\/sitio\/wp-json\/wp\/v2\/product\/5284","targetHints":{"allow":["GET"]}}],"collection":[{"href":"https:\/\/farmaciadagostino.com.ar\/sitio\/wp-json\/wp\/v2\/product"}],"about":[{"href":"https:\/\/farmaciadagostino.com.ar\/sitio\/wp-json\/wp\/v2\/types\/product"}],"replies":[{"embeddable":true,"href":"https:\/\/farmaciadagostino.com.ar\/sitio\/wp-json\/wp\/v2\/comments?post=5284"}],"wp:featuredmedia":[{"embeddable":true,"href":"https:\/\/farmaciadagostino.com.ar\/sitio\/wp-json\/wp\/v2\/media\/3167"}],"wp:attachment":[{"href":"https:\/\/farmaciadagostino.com.ar\/sitio\/wp-json\/wp\/v2\/media?parent=5284"}],"wp:term":[{"taxonomy":"product_brand","embeddable":true,"href":"https:\/\/farmaciadagostino.com.ar\/sitio\/wp-json\/wp\/v2\/product_brand?post=5284"},{"taxonomy":"product_cat","embeddable":true,"href":"https:\/\/farmaciadagostino.com.ar\/sitio\/wp-json\/wp\/v2\/product_cat?post=5284"},{"taxonomy":"product_tag","embeddable":true,"href":"https:\/\/farmaciadagostino.com.ar\/sitio\/wp-json\/wp\/v2\/product_tag?post=5284"}],"curies":[{"name":"wp","href":"https:\/\/api.w.org\/{rel}","templated":true}]}}