{"id":5318,"date":"2024-06-09T13:23:22","date_gmt":"2024-06-09T16:23:22","guid":{"rendered":"https:\/\/farmaciadagostino.com.ar\/sitio\/producto\/cicatricure-contorno-de-ojos-blur-filler-x15-gr\/"},"modified":"2026-03-09T10:17:58","modified_gmt":"2026-03-09T13:17:58","slug":"cicatricure-contorno-de-ojos-blur-filler-x15-gr","status":"publish","type":"product","link":"https:\/\/farmaciadagostino.com.ar\/sitio\/producto\/cicatricure-contorno-de-ojos-blur-filler-x15-gr\/","title":{"rendered":"CICATRICURE CONTORNO DE OJOS BLUR &#038; FILLER x15 gr"},"content":{"rendered":"<p>EFECTO BLUR &#038; FILLER: Crema gel con efecto en fr\u00edo que rellena arrugas y difumina l\u00edneas de expresi\u00f3n en p\u00e1rpados, bolsas y ojeras.<br \/>\nRENUEVA TU MIRADA: Brinda un efecto fr\u00edo inmediato y una sensaci\u00f3n extra suave en tu piel para una mirada m\u00e1s relajada.<br \/>\nF\u00d3RMULA \u00daNICA: Especialmente formulada con Biopeptide Regen\u00ae e ingredientes Soft Focus que difuminan los signos de la edad.<br \/>\nCIENCIA DERMATOL\u00d3GICA: F\u00f3rmula hipoalerg\u00e9nica que a los dos minutos de la aplicaci\u00f3n, disminuye la temperatura de tu piel produciendo un efecto refrescante que relaja tu mirada.<br \/>\nModo Uso.<br \/>\nUSO DIARIO. MA\u00d1ANA Y NOCHE: Aplicar sobre la piel seca y limpia en peque\u00f1as cantidades sobre los p\u00e1rpados superiores e inferioresas\u00ed como en la comisura de los ojos evitando el contacto directo con ellos.<\/p>\n","protected":false},"excerpt":{"rendered":"<p>Crema gel con efecto en fr\u00edo que rellena arrugas y difumina l\u00edneas de expresi\u00f3n en p\u00e1rpados, bolsas y ojeras. Brinda un efecto fr\u00edo inmediato y una sensaci\u00f3n extra suave en tu piel para una mirada m\u00e1s relajada.<\/p>\n","protected":false},"featured_media":4144,"comment_status":"open","ping_status":"closed","template":"","meta":[],"product_brand":[],"product_cat":[237,162],"product_tag":[],"class_list":{"0":"post-5318","1":"product","2":"type-product","3":"status-publish","4":"has-post-thumbnail","6":"product_cat-belleza","7":"product_cat-dermocosmetica","9":"first","10":"instock","11":"shipping-taxable","12":"purchasable","13":"product-type-simple"},"_links":{"self":[{"href":"https:\/\/farmaciadagostino.com.ar\/sitio\/wp-json\/wp\/v2\/product\/5318","targetHints":{"allow":["GET"]}}],"collection":[{"href":"https:\/\/farmaciadagostino.com.ar\/sitio\/wp-json\/wp\/v2\/product"}],"about":[{"href":"https:\/\/farmaciadagostino.com.ar\/sitio\/wp-json\/wp\/v2\/types\/product"}],"replies":[{"embeddable":true,"href":"https:\/\/farmaciadagostino.com.ar\/sitio\/wp-json\/wp\/v2\/comments?post=5318"}],"wp:featuredmedia":[{"embeddable":true,"href":"https:\/\/farmaciadagostino.com.ar\/sitio\/wp-json\/wp\/v2\/media\/4144"}],"wp:attachment":[{"href":"https:\/\/farmaciadagostino.com.ar\/sitio\/wp-json\/wp\/v2\/media?parent=5318"}],"wp:term":[{"taxonomy":"product_brand","embeddable":true,"href":"https:\/\/farmaciadagostino.com.ar\/sitio\/wp-json\/wp\/v2\/product_brand?post=5318"},{"taxonomy":"product_cat","embeddable":true,"href":"https:\/\/farmaciadagostino.com.ar\/sitio\/wp-json\/wp\/v2\/product_cat?post=5318"},{"taxonomy":"product_tag","embeddable":true,"href":"https:\/\/farmaciadagostino.com.ar\/sitio\/wp-json\/wp\/v2\/product_tag?post=5318"}],"curies":[{"name":"wp","href":"https:\/\/api.w.org\/{rel}","templated":true}]}}