{"id":5320,"date":"2024-06-09T13:23:22","date_gmt":"2024-06-09T16:23:22","guid":{"rendered":"https:\/\/farmaciadagostino.com.ar\/sitio\/producto\/dove-jabon-liquido-antibacterial-repuesto-x220-ml\/"},"modified":"2026-03-09T10:09:46","modified_gmt":"2026-03-09T13:09:46","slug":"dove-jabon-liquido-antibacterial-repuesto-x220-ml","status":"publish","type":"product","link":"https:\/\/farmaciadagostino.com.ar\/sitio\/producto\/dove-jabon-liquido-antibacterial-repuesto-x220-ml\/","title":{"rendered":"DOVE JAB\u00d3N L\u00cdQUIDO ANTIBACTERIAL REPUESTO x220 ml"},"content":{"rendered":"<p>Nuestras manos trabajan muy duro, por lo que es importante cuidarlas tanto como sea posible. Si lavarte las manos te reseca la piel, el jab\u00f3n l\u00edquido para manos Dove Cuida &#038; Protege Antibacterial es el producto que necesit\u00e1s, y ahora en su formato recargable! Combinando cuidado con protecci\u00f3n antibacterial, su suave f\u00f3rmula con agentes limpiadores les brinda a tus manos todo el cuidado que se merecen.<br \/>\nBeneficios.<br \/>\nEl refill de jab\u00f3n l\u00edquido para las manos Dove Cuida &#038; Protege Antibacterial limpia efectivamente y nutre tu piel.<br \/>\nCreado con nuestra exclusiva tecnolog\u00eda Nutrium Moisture\u2122.<br \/>\nFormulado con propiedades antibacteriales para eliminar el 99.9% de las bacterias.<br \/>\nF\u00f3rmula suave que previene la sequedad causada por el lavado constante.<br \/>\nFacilita el cuidado y la limpieza de las manos.<br \/>\nApto para uso diario en manos.<br \/>\nModo Uso.<br \/>\nAplic\u00e1 una cantidad generosa de este jab\u00f3n antibacterial l\u00edquido en las palmas de tus manos y frotalo hasta conseguir una espuma cremosa y abundante. Masajealo sobre tu piel durante 20 segundos y, para terminar, enjuagate las manos con agua tibia.<\/p>\n","protected":false},"excerpt":{"rendered":"<p>Transform\u00e1 la manera en que cuid\u00e1s tu piel con este jab\u00f3n l\u00edquido para las manos Dove Cuida y Protege Antibacterial que elimina el 99.9% de las bacterias sin resecar tu piel.<\/p>\n","protected":false},"featured_media":3402,"comment_status":"open","ping_status":"closed","template":"","meta":[],"product_brand":[],"product_cat":[152],"product_tag":[],"class_list":{"0":"post-5320","1":"product","2":"type-product","3":"status-publish","4":"has-post-thumbnail","6":"product_cat-cuidado-personal","8":"first","9":"instock","10":"shipping-taxable","11":"purchasable","12":"product-type-simple"},"_links":{"self":[{"href":"https:\/\/farmaciadagostino.com.ar\/sitio\/wp-json\/wp\/v2\/product\/5320","targetHints":{"allow":["GET"]}}],"collection":[{"href":"https:\/\/farmaciadagostino.com.ar\/sitio\/wp-json\/wp\/v2\/product"}],"about":[{"href":"https:\/\/farmaciadagostino.com.ar\/sitio\/wp-json\/wp\/v2\/types\/product"}],"replies":[{"embeddable":true,"href":"https:\/\/farmaciadagostino.com.ar\/sitio\/wp-json\/wp\/v2\/comments?post=5320"}],"wp:featuredmedia":[{"embeddable":true,"href":"https:\/\/farmaciadagostino.com.ar\/sitio\/wp-json\/wp\/v2\/media\/3402"}],"wp:attachment":[{"href":"https:\/\/farmaciadagostino.com.ar\/sitio\/wp-json\/wp\/v2\/media?parent=5320"}],"wp:term":[{"taxonomy":"product_brand","embeddable":true,"href":"https:\/\/farmaciadagostino.com.ar\/sitio\/wp-json\/wp\/v2\/product_brand?post=5320"},{"taxonomy":"product_cat","embeddable":true,"href":"https:\/\/farmaciadagostino.com.ar\/sitio\/wp-json\/wp\/v2\/product_cat?post=5320"},{"taxonomy":"product_tag","embeddable":true,"href":"https:\/\/farmaciadagostino.com.ar\/sitio\/wp-json\/wp\/v2\/product_tag?post=5320"}],"curies":[{"name":"wp","href":"https:\/\/api.w.org\/{rel}","templated":true}]}}