{"id":5321,"date":"2024-06-09T13:23:23","date_gmt":"2024-06-09T16:23:23","guid":{"rendered":"https:\/\/farmaciadagostino.com.ar\/sitio\/producto\/dove-jabon-liquido-nutricion-profunda-repuesto-x220-ml\/"},"modified":"2026-03-09T10:17:58","modified_gmt":"2026-03-09T13:17:58","slug":"dove-jabon-liquido-nutricion-profunda-repuesto-x220-ml","status":"publish","type":"product","link":"https:\/\/farmaciadagostino.com.ar\/sitio\/producto\/dove-jabon-liquido-nutricion-profunda-repuesto-x220-ml\/","title":{"rendered":"DOVE JAB\u00d3N L\u00cdQUIDO NUTRICI\u00d3N PROFUNDA REPUESTO x220 ml"},"content":{"rendered":"<p>Para transformar tu rutina de lavado de manos en un acto de belleza para tu piel, basta con aplicar un poco de Jab\u00f3n L\u00edquido para las manos Dove Nutrici\u00f3n Profunda en la palma de tus manos y hacer una espuma cremosa antes de enjuagarse.Y para que nunca se acabe, lanzamos el formato refill el cu\u00e1l contiene un 70% menos de pl\u00e1stico, comparado con el empaque original.<br \/>\nBeneficios.<br \/>\nCon 1\/4 de crema humectante.<br \/>\nDove limpia y cuida tu piel.<br \/>\nDeja tus manos suaves con cada lavado.<br \/>\nRespeta el pH natural de la piel.<br \/>\nNutre tu piel hasta 10 capas de profundidad dentro del estrato c\u00f3rneo.<br \/>\nEl cuidado de Dove en tus manos.<br \/>\nModo Uso.<br \/>\nAplic\u00e1 una cantidad generosa de este jab\u00f3n antibacterial l\u00edquido en las palmas de tus manos y frotalo hasta conseguir una espuma cremosa y abundante. Masajealo sobre tu piel durante 20 segundos y, para terminar, enjuagate las manos con agua tibia.<\/p>\n","protected":false},"excerpt":{"rendered":"<p>Este jab\u00f3n l\u00edquido para las manos Dove limpia tus manos con una f\u00f3rmula especial enriquecida con 1\/4 crema hidratante para dejarlas limpias y suaves.<\/p>\n","protected":false},"featured_media":3401,"comment_status":"open","ping_status":"closed","template":"","meta":[],"product_brand":[],"product_cat":[152],"product_tag":[],"class_list":{"0":"post-5321","1":"product","2":"type-product","3":"status-publish","4":"has-post-thumbnail","6":"product_cat-cuidado-personal","8":"first","9":"instock","10":"shipping-taxable","11":"purchasable","12":"product-type-simple"},"_links":{"self":[{"href":"https:\/\/farmaciadagostino.com.ar\/sitio\/wp-json\/wp\/v2\/product\/5321","targetHints":{"allow":["GET"]}}],"collection":[{"href":"https:\/\/farmaciadagostino.com.ar\/sitio\/wp-json\/wp\/v2\/product"}],"about":[{"href":"https:\/\/farmaciadagostino.com.ar\/sitio\/wp-json\/wp\/v2\/types\/product"}],"replies":[{"embeddable":true,"href":"https:\/\/farmaciadagostino.com.ar\/sitio\/wp-json\/wp\/v2\/comments?post=5321"}],"wp:featuredmedia":[{"embeddable":true,"href":"https:\/\/farmaciadagostino.com.ar\/sitio\/wp-json\/wp\/v2\/media\/3401"}],"wp:attachment":[{"href":"https:\/\/farmaciadagostino.com.ar\/sitio\/wp-json\/wp\/v2\/media?parent=5321"}],"wp:term":[{"taxonomy":"product_brand","embeddable":true,"href":"https:\/\/farmaciadagostino.com.ar\/sitio\/wp-json\/wp\/v2\/product_brand?post=5321"},{"taxonomy":"product_cat","embeddable":true,"href":"https:\/\/farmaciadagostino.com.ar\/sitio\/wp-json\/wp\/v2\/product_cat?post=5321"},{"taxonomy":"product_tag","embeddable":true,"href":"https:\/\/farmaciadagostino.com.ar\/sitio\/wp-json\/wp\/v2\/product_tag?post=5321"}],"curies":[{"name":"wp","href":"https:\/\/api.w.org\/{rel}","templated":true}]}}