{"id":5325,"date":"2024-06-09T13:23:24","date_gmt":"2024-06-09T16:23:24","guid":{"rendered":"https:\/\/farmaciadagostino.com.ar\/sitio\/producto\/parodontax-cepillo-dental-suave-x1-un\/"},"modified":"2026-03-09T10:25:11","modified_gmt":"2026-03-09T13:25:11","slug":"parodontax-cepillo-dental-suave-x1-un","status":"publish","type":"product","link":"https:\/\/farmaciadagostino.com.ar\/sitio\/producto\/parodontax-cepillo-dental-suave-x1-un\/","title":{"rendered":"Parodontax Cepillo Dental Para Problemas de Encias Cerdas Suaves"},"content":{"rendered":"<p>El cepillo de dientes Parodontax est\u00e1 dise\u00f1ado con cerdas suaves para ser amigable con las enc\u00edas. Su mango ergon\u00f3mico ayuda a la sujeci\u00f3n segura mientras se realiza el cepillado de dientes. El complemento ideal de las pastas dentales Parodontax, dise\u00f1adas para prevenir el sangrado de enc\u00edas.<\/p>\n<h5>Beneficios:<\/h5>\n<p>-Limpia eficazmente, adem\u00e1s de brindar protecci\u00f3n a las enc\u00edas.<\/p>\n<p>-Mango ergon\u00f3mico para facilitar el cepillado de dientes.<\/p>\n<p>-Cerdas suaves para tus dientes y enc\u00edas.<\/p>\n<p>-Dise\u00f1ado para ser delicado con las enc\u00edas, pero duro contra la placa.<\/p>\n","protected":false},"excerpt":{"rendered":"<p>El cepillo de dientes Parodontax est\u00e1 dise\u00f1ado con cerdas suaves para ser amigable con las enc\u00edas<\/p>\n","protected":false},"featured_media":3750,"comment_status":"open","ping_status":"closed","template":"","meta":[],"product_brand":[],"product_cat":[152],"product_tag":[],"class_list":{"0":"post-5325","1":"product","2":"type-product","3":"status-publish","4":"has-post-thumbnail","6":"product_cat-cuidado-personal","8":"first","9":"instock","10":"shipping-taxable","11":"purchasable","12":"product-type-simple"},"_links":{"self":[{"href":"https:\/\/farmaciadagostino.com.ar\/sitio\/wp-json\/wp\/v2\/product\/5325","targetHints":{"allow":["GET"]}}],"collection":[{"href":"https:\/\/farmaciadagostino.com.ar\/sitio\/wp-json\/wp\/v2\/product"}],"about":[{"href":"https:\/\/farmaciadagostino.com.ar\/sitio\/wp-json\/wp\/v2\/types\/product"}],"replies":[{"embeddable":true,"href":"https:\/\/farmaciadagostino.com.ar\/sitio\/wp-json\/wp\/v2\/comments?post=5325"}],"wp:featuredmedia":[{"embeddable":true,"href":"https:\/\/farmaciadagostino.com.ar\/sitio\/wp-json\/wp\/v2\/media\/3750"}],"wp:attachment":[{"href":"https:\/\/farmaciadagostino.com.ar\/sitio\/wp-json\/wp\/v2\/media?parent=5325"}],"wp:term":[{"taxonomy":"product_brand","embeddable":true,"href":"https:\/\/farmaciadagostino.com.ar\/sitio\/wp-json\/wp\/v2\/product_brand?post=5325"},{"taxonomy":"product_cat","embeddable":true,"href":"https:\/\/farmaciadagostino.com.ar\/sitio\/wp-json\/wp\/v2\/product_cat?post=5325"},{"taxonomy":"product_tag","embeddable":true,"href":"https:\/\/farmaciadagostino.com.ar\/sitio\/wp-json\/wp\/v2\/product_tag?post=5325"}],"curies":[{"name":"wp","href":"https:\/\/api.w.org\/{rel}","templated":true}]}}