{"id":5326,"date":"2024-06-09T13:23:24","date_gmt":"2024-06-09T16:23:24","guid":{"rendered":"https:\/\/farmaciadagostino.com.ar\/sitio\/producto\/eucerin-antipigment-contorno-de-ojos-x15-gr\/"},"modified":"2026-03-09T10:09:46","modified_gmt":"2026-03-09T13:09:46","slug":"eucerin-antipigment-contorno-de-ojos-x15-gr","status":"publish","type":"product","link":"https:\/\/farmaciadagostino.com.ar\/sitio\/producto\/eucerin-antipigment-contorno-de-ojos-x15-gr\/","title":{"rendered":"EUCERIN ANTIPIGMENT CONTORNO DE OJOS x15 gr"},"content":{"rendered":"<p>Beneficios.<br \/>\nAnti-ojeras: reduce todo tipo de ojeras y l\u00edneas de expresi\u00f3n.<br \/>\nAyuda a reducir la hinchaz\u00f3n de los ojos.<br \/>\nApto para d\u00eda y noche.<br \/>\nMirada fresca y luminosa al instante.<br \/>\nResultados visibles despu\u00e9s de 2 semanas.<br \/>\nModo Uso.<br \/>\n1\u00b0 Colocar una peque\u00f1a cantidad de Eucerin Anti-Pigment Contorno de Ojos Anti-ojeras en el aplicador de metal y aplicar en el contorno de ojos.<br \/>\n2\u00b0 Dar un suave masaje desde el interior de los ojos hacia afuera.<br \/>\n3\u00b0 Usar los dedos para terminar de aplicar el producto hasta que se absorba por completo.<\/p>\n","protected":false},"excerpt":{"rendered":"<p>El Contorno de ojos Eucerin Anti-Pigment Anti-ojeras ayuda a corregir y reducir visiblemente todo tipo de ojeras. Suaviza las l\u00edneas de expresi\u00f3n, ilumina y alisa la piel m\u00e1s sensible del rostro. Descubre resultados visibles despu\u00e9s de 2 semanas de uso regular. Apto para todo tipo de piel.<\/p>\n","protected":false},"featured_media":3055,"comment_status":"open","ping_status":"closed","template":"","meta":[],"product_brand":[],"product_cat":[237,162],"product_tag":[],"class_list":{"0":"post-5326","1":"product","2":"type-product","3":"status-publish","4":"has-post-thumbnail","6":"product_cat-belleza","7":"product_cat-dermocosmetica","9":"first","10":"instock","11":"shipping-taxable","12":"purchasable","13":"product-type-simple"},"_links":{"self":[{"href":"https:\/\/farmaciadagostino.com.ar\/sitio\/wp-json\/wp\/v2\/product\/5326","targetHints":{"allow":["GET"]}}],"collection":[{"href":"https:\/\/farmaciadagostino.com.ar\/sitio\/wp-json\/wp\/v2\/product"}],"about":[{"href":"https:\/\/farmaciadagostino.com.ar\/sitio\/wp-json\/wp\/v2\/types\/product"}],"replies":[{"embeddable":true,"href":"https:\/\/farmaciadagostino.com.ar\/sitio\/wp-json\/wp\/v2\/comments?post=5326"}],"wp:featuredmedia":[{"embeddable":true,"href":"https:\/\/farmaciadagostino.com.ar\/sitio\/wp-json\/wp\/v2\/media\/3055"}],"wp:attachment":[{"href":"https:\/\/farmaciadagostino.com.ar\/sitio\/wp-json\/wp\/v2\/media?parent=5326"}],"wp:term":[{"taxonomy":"product_brand","embeddable":true,"href":"https:\/\/farmaciadagostino.com.ar\/sitio\/wp-json\/wp\/v2\/product_brand?post=5326"},{"taxonomy":"product_cat","embeddable":true,"href":"https:\/\/farmaciadagostino.com.ar\/sitio\/wp-json\/wp\/v2\/product_cat?post=5326"},{"taxonomy":"product_tag","embeddable":true,"href":"https:\/\/farmaciadagostino.com.ar\/sitio\/wp-json\/wp\/v2\/product_tag?post=5326"}],"curies":[{"name":"wp","href":"https:\/\/api.w.org\/{rel}","templated":true}]}}