{"id":5338,"date":"2024-06-09T13:23:27","date_gmt":"2024-06-09T16:23:27","guid":{"rendered":"https:\/\/farmaciadagostino.com.ar\/sitio\/producto\/carolina-herrera-212-men-heroes-x50-ml\/"},"modified":"2026-03-09T10:09:46","modified_gmt":"2026-03-09T13:09:46","slug":"carolina-herrera-212-men-heroes-x50-ml","status":"publish","type":"product","link":"https:\/\/farmaciadagostino.com.ar\/sitio\/producto\/carolina-herrera-212-men-heroes-x50-ml\/","title":{"rendered":"CAROLINA HERRERA 212 MEN HEROES x50 ml"},"content":{"rendered":"<p>Sentite siempre joven con 212 Heroes, un fresco aroma masculino que celebra la juventud, la libertad y la autenticidad. Esta fragancia innovadora y vegana, que viene en un atrevido envase con forma de monopat\u00edn representaci\u00f3n de un elenco de creativos, es una prueba de que nada es m\u00e1s heroico que ser aut\u00e9ntico.<br \/>\nNotas de Salida: Jengibre\/pera.<br \/>\nNotas de Coraz\u00f3n: Salvia\/geranio.<br \/>\nNotas de Fondo: Cuero\/almizcle.<br \/>\nAroma: Arom\u00e1tico afrutado.<br \/>\nModo Uso.<br \/>\nCuando apliques la fragancia, hazlo manteniendo el frasco a una distancia aproximada de 10 cm respecto a la piel. De esta forma, el aroma se distribuir\u00e1 mejor en la piel. Usa el perfume y deja que este penetre en la piel y se seque por si solo, de esta forma el olor perdurar\u00e1 m\u00e1s tiempo.<\/p>\n","protected":false},"excerpt":{"rendered":"<p>Un tributo a los h\u00e9roes despreocupados que viven la vida al m\u00e1ximo, 212 H\u00e9roes es la prueba de que nada es m\u00e1s heroico que ser aut\u00e9ntico.<\/p>\n","protected":false},"featured_media":4532,"comment_status":"open","ping_status":"closed","template":"","meta":[],"product_brand":[],"product_cat":[237],"product_tag":[],"class_list":{"0":"post-5338","1":"product","2":"type-product","3":"status-publish","4":"has-post-thumbnail","6":"product_cat-belleza","8":"first","9":"instock","10":"shipping-taxable","11":"purchasable","12":"product-type-simple"},"_links":{"self":[{"href":"https:\/\/farmaciadagostino.com.ar\/sitio\/wp-json\/wp\/v2\/product\/5338","targetHints":{"allow":["GET"]}}],"collection":[{"href":"https:\/\/farmaciadagostino.com.ar\/sitio\/wp-json\/wp\/v2\/product"}],"about":[{"href":"https:\/\/farmaciadagostino.com.ar\/sitio\/wp-json\/wp\/v2\/types\/product"}],"replies":[{"embeddable":true,"href":"https:\/\/farmaciadagostino.com.ar\/sitio\/wp-json\/wp\/v2\/comments?post=5338"}],"wp:featuredmedia":[{"embeddable":true,"href":"https:\/\/farmaciadagostino.com.ar\/sitio\/wp-json\/wp\/v2\/media\/4532"}],"wp:attachment":[{"href":"https:\/\/farmaciadagostino.com.ar\/sitio\/wp-json\/wp\/v2\/media?parent=5338"}],"wp:term":[{"taxonomy":"product_brand","embeddable":true,"href":"https:\/\/farmaciadagostino.com.ar\/sitio\/wp-json\/wp\/v2\/product_brand?post=5338"},{"taxonomy":"product_cat","embeddable":true,"href":"https:\/\/farmaciadagostino.com.ar\/sitio\/wp-json\/wp\/v2\/product_cat?post=5338"},{"taxonomy":"product_tag","embeddable":true,"href":"https:\/\/farmaciadagostino.com.ar\/sitio\/wp-json\/wp\/v2\/product_tag?post=5338"}],"curies":[{"name":"wp","href":"https:\/\/api.w.org\/{rel}","templated":true}]}}