{"id":5352,"date":"2024-06-09T13:23:28","date_gmt":"2024-06-09T16:23:28","guid":{"rendered":"https:\/\/farmaciadagostino.com.ar\/sitio\/producto\/avent-vaso-straw-cup-12-x300-ml\/"},"modified":"2026-03-09T10:17:59","modified_gmt":"2026-03-09T13:17:59","slug":"avent-vaso-straw-cup-12-x300-ml","status":"publish","type":"product","link":"https:\/\/farmaciadagostino.com.ar\/sitio\/producto\/avent-vaso-straw-cup-12-x300-ml\/","title":{"rendered":"Avent Vaso Con Sorbete Straw Cup 300 ml Scf798\/01"},"content":{"rendered":"<p>El vaso con pajita flexible de Avent con asas ergon\u00f3micas es ideal para los primeros sorbos con una pajita, adem\u00e1s permite un desarrollo bucal saludable. Est\u00e1 dise\u00f1ado por especialistas. Libre de BPA. Recomendado de 6-18 meses.<\/p>\n","protected":false},"excerpt":{"rendered":"<p>El vaso con pajita flexible de Avent con asas ergon\u00f3micas es ideal para los primeros sorbos con una pajita, adem\u00e1s permite un desarrollo bucal saludable<\/p>\n","protected":false},"featured_media":4618,"comment_status":"open","ping_status":"closed","template":"","meta":[],"product_brand":[],"product_cat":[177,266],"product_tag":[],"class_list":{"0":"post-5352","1":"product","2":"type-product","3":"status-publish","4":"has-post-thumbnail","6":"product_cat-bebe-maternidad","7":"product_cat-infancias","9":"first","10":"instock","11":"shipping-taxable","12":"purchasable","13":"product-type-simple"},"_links":{"self":[{"href":"https:\/\/farmaciadagostino.com.ar\/sitio\/wp-json\/wp\/v2\/product\/5352","targetHints":{"allow":["GET"]}}],"collection":[{"href":"https:\/\/farmaciadagostino.com.ar\/sitio\/wp-json\/wp\/v2\/product"}],"about":[{"href":"https:\/\/farmaciadagostino.com.ar\/sitio\/wp-json\/wp\/v2\/types\/product"}],"replies":[{"embeddable":true,"href":"https:\/\/farmaciadagostino.com.ar\/sitio\/wp-json\/wp\/v2\/comments?post=5352"}],"wp:featuredmedia":[{"embeddable":true,"href":"https:\/\/farmaciadagostino.com.ar\/sitio\/wp-json\/wp\/v2\/media\/4618"}],"wp:attachment":[{"href":"https:\/\/farmaciadagostino.com.ar\/sitio\/wp-json\/wp\/v2\/media?parent=5352"}],"wp:term":[{"taxonomy":"product_brand","embeddable":true,"href":"https:\/\/farmaciadagostino.com.ar\/sitio\/wp-json\/wp\/v2\/product_brand?post=5352"},{"taxonomy":"product_cat","embeddable":true,"href":"https:\/\/farmaciadagostino.com.ar\/sitio\/wp-json\/wp\/v2\/product_cat?post=5352"},{"taxonomy":"product_tag","embeddable":true,"href":"https:\/\/farmaciadagostino.com.ar\/sitio\/wp-json\/wp\/v2\/product_tag?post=5352"}],"curies":[{"name":"wp","href":"https:\/\/api.w.org\/{rel}","templated":true}]}}