{"id":5356,"date":"2024-06-09T13:23:28","date_gmt":"2024-06-09T16:23:28","guid":{"rendered":"https:\/\/farmaciadagostino.com.ar\/sitio\/producto\/eucerin-protector-solar-sun-kids-fps50-spray-x200-ml\/"},"modified":"2026-03-09T10:25:11","modified_gmt":"2026-03-09T13:25:11","slug":"eucerin-protector-solar-sun-kids-fps50-spray-x200-ml","status":"publish","type":"product","link":"https:\/\/farmaciadagostino.com.ar\/sitio\/producto\/eucerin-protector-solar-sun-kids-fps50-spray-x200-ml\/","title":{"rendered":"EUCERIN PROTECTOR SOLAR SUN KIDS FPS50+ SPRAY x200 ml"},"content":{"rendered":"<p>Es libre de parabenos, colorantes y perfumes. Muy resistente al agua.<br \/>\nEste filtro solar para ni\u00f1os ofrece una amplia protecci\u00f3n solar con:<br \/>\nUn sistema de filtros UVA\/UVB fotoestable de alta efectividad con Tinosorb S que brinda protecci\u00f3n confiable contra las quemaduras solares. Cumple con las normas de la UE y de Cosm\u00e9ticos Europa, la Asociaci\u00f3n de Cuidado Personal (anteriormente llamada Colipa).<br \/>\nEl \u00c1cido Glicirret\u00ednico protege el ADN apoyando la protecci\u00f3n de ADN propia de la piel y los mecanismos de reparaci\u00f3n.<br \/>\nProtecci\u00f3n celular con Licochalcona A, un potente antioxidante que protege las c\u00e9lulas de la piel de los da\u00f1os causados por los radicales libres.<br \/>\nAdicionalmente contiene Glicerina que humecta la piel y fortalece su funci\u00f3n natural de barrera.<br \/>\nMODO DE USO:<br \/>\nLa exposici\u00f3n excesiva al sol es peligrosa.<br \/>\nEvitar el sol intenso del mediod\u00eda y la exposici\u00f3n prolongada al sol ya que hasta los filtros solares con FPS alto no ofrecen 100% de protecci\u00f3n.<br \/>\nMantener a los bebes y a los ni\u00f1os de menores fuera de la luz solar directa.<br \/>\nMantener a los ni\u00f1os bien cubiertos, incluyendo una gorra, remera, lentes de sol y filtros solares con FPS alto.<br \/>\nAplicar generosamente el producto antes de la exposici\u00f3n solar y volver a aplicar con frecuencia, especialmente despu\u00e9s de nadar, secarse con toalla o transpirar, para mantener la protecci\u00f3n original.<br \/>\nEvitar el contacto con telas o superficies duras para prevenir las manchas.<\/p>\n","protected":false},"excerpt":{"rendered":"<p>Eucerin Sun Kids Spray FPS 50+ est\u00e1 desarrollado para proteger la piel sensible de los ni\u00f1os de las quemaduras solares y brinda protecci\u00f3n celular biol\u00f3gica para reducir el riesgo de los da\u00f1os en la piel a largo plazo inducidos por los rayos UV.<\/p>\n","protected":false},"featured_media":2984,"comment_status":"open","ping_status":"closed","template":"","meta":[],"product_brand":[],"product_cat":[237,162],"product_tag":[],"class_list":{"0":"post-5356","1":"product","2":"type-product","3":"status-publish","4":"has-post-thumbnail","6":"product_cat-belleza","7":"product_cat-dermocosmetica","9":"first","10":"instock","11":"shipping-taxable","12":"purchasable","13":"product-type-simple"},"_links":{"self":[{"href":"https:\/\/farmaciadagostino.com.ar\/sitio\/wp-json\/wp\/v2\/product\/5356","targetHints":{"allow":["GET"]}}],"collection":[{"href":"https:\/\/farmaciadagostino.com.ar\/sitio\/wp-json\/wp\/v2\/product"}],"about":[{"href":"https:\/\/farmaciadagostino.com.ar\/sitio\/wp-json\/wp\/v2\/types\/product"}],"replies":[{"embeddable":true,"href":"https:\/\/farmaciadagostino.com.ar\/sitio\/wp-json\/wp\/v2\/comments?post=5356"}],"wp:featuredmedia":[{"embeddable":true,"href":"https:\/\/farmaciadagostino.com.ar\/sitio\/wp-json\/wp\/v2\/media\/2984"}],"wp:attachment":[{"href":"https:\/\/farmaciadagostino.com.ar\/sitio\/wp-json\/wp\/v2\/media?parent=5356"}],"wp:term":[{"taxonomy":"product_brand","embeddable":true,"href":"https:\/\/farmaciadagostino.com.ar\/sitio\/wp-json\/wp\/v2\/product_brand?post=5356"},{"taxonomy":"product_cat","embeddable":true,"href":"https:\/\/farmaciadagostino.com.ar\/sitio\/wp-json\/wp\/v2\/product_cat?post=5356"},{"taxonomy":"product_tag","embeddable":true,"href":"https:\/\/farmaciadagostino.com.ar\/sitio\/wp-json\/wp\/v2\/product_tag?post=5356"}],"curies":[{"name":"wp","href":"https:\/\/api.w.org\/{rel}","templated":true}]}}