{"id":5362,"date":"2024-06-09T13:23:29","date_gmt":"2024-06-09T16:23:29","guid":{"rendered":"https:\/\/farmaciadagostino.com.ar\/sitio\/producto\/neutrogena-gel-exfoliante-purified-skin-crema-x100-gr\/"},"modified":"2026-03-09T10:25:11","modified_gmt":"2026-03-09T13:25:11","slug":"neutrogena-gel-exfoliante-purified-skin-crema-x100-gr","status":"publish","type":"product","link":"https:\/\/farmaciadagostino.com.ar\/sitio\/producto\/neutrogena-gel-exfoliante-purified-skin-crema-x100-gr\/","title":{"rendered":"Neutrogena Gel Exfoliante Purified Skin 100 gr"},"content":{"rendered":"<p>El exfoliante NEUTROGENA\u00ae PURIFIED SKIN\u00ae ofrece una limpieza purificadora y profunda que elimina las impurezas y toxinas de la piel, desobstruye los poros y reduce la oleosidad de la piel *, sin dejar sensaci\u00f3n de resequedad. El exfoliante proporciona una sensaci\u00f3n de piel radiante y suave. Su f\u00f3rmula contiene la tecnolog\u00eda BARRIERCARE\u00ae que preserva la barrera natural de la piel y el \u00e1cido glic\u00f3lico que promueve la renovaci\u00f3n celular.                 (* Con el uso continuo).<\/p>\n<h5>Beneficios:<\/h5>\n<p>-Limpia profundamente reduciendo la oleosidad de la piel. <\/p>\n<p>-Ayuda a eliminar impurezas, y deja la piel suave.<\/p>\n<p>&#8211; Desobstruye los poros sin sensaci\u00f3n de resequedad y purifica la piel. <\/p>\n<p>-Oil-free, no comedog\u00e9nico.<\/p>\n<h5>Modo de uso:<\/h5>\n<p>Humedecer el rostro y aplicar el producto masajeando suavemente. Enjuagar completamente.<\/p>\n<h5>Precauciones:<\/h5>\n<p>Uso externo. No ingerir. Evite el contacto con los ojos. Si esto ocurre, enjuague con abundante agua. Puede observarse una leve irritaci\u00f3n o resecamiento de la piel en las primeras aplicaciones  Si observa alguna reaccion desfavorable, suspenda su uso y consulte a su medico. Uso Adulto.<\/p>\n<h5>Indicaciones:<\/h5>\n<p>Ideal para uso diario.<\/p>\n","protected":false},"excerpt":{"rendered":"<p>El exfoliante NEUTROGENA\u00ae PURIFIED SKIN\u00ae ofrece una limpieza purificadora y profunda que elimina las impurezas y toxinas de la piel, desobstruye los poros y reduce la oleosidad de la piel *, sin dejar sensaci\u00f3n de resequedad<\/p>\n","protected":false},"featured_media":4381,"comment_status":"open","ping_status":"closed","template":"","meta":[],"product_brand":[],"product_cat":[237,162],"product_tag":[],"class_list":{"0":"post-5362","1":"product","2":"type-product","3":"status-publish","4":"has-post-thumbnail","6":"product_cat-belleza","7":"product_cat-dermocosmetica","9":"first","10":"instock","11":"shipping-taxable","12":"purchasable","13":"product-type-simple"},"_links":{"self":[{"href":"https:\/\/farmaciadagostino.com.ar\/sitio\/wp-json\/wp\/v2\/product\/5362","targetHints":{"allow":["GET"]}}],"collection":[{"href":"https:\/\/farmaciadagostino.com.ar\/sitio\/wp-json\/wp\/v2\/product"}],"about":[{"href":"https:\/\/farmaciadagostino.com.ar\/sitio\/wp-json\/wp\/v2\/types\/product"}],"replies":[{"embeddable":true,"href":"https:\/\/farmaciadagostino.com.ar\/sitio\/wp-json\/wp\/v2\/comments?post=5362"}],"wp:featuredmedia":[{"embeddable":true,"href":"https:\/\/farmaciadagostino.com.ar\/sitio\/wp-json\/wp\/v2\/media\/4381"}],"wp:attachment":[{"href":"https:\/\/farmaciadagostino.com.ar\/sitio\/wp-json\/wp\/v2\/media?parent=5362"}],"wp:term":[{"taxonomy":"product_brand","embeddable":true,"href":"https:\/\/farmaciadagostino.com.ar\/sitio\/wp-json\/wp\/v2\/product_brand?post=5362"},{"taxonomy":"product_cat","embeddable":true,"href":"https:\/\/farmaciadagostino.com.ar\/sitio\/wp-json\/wp\/v2\/product_cat?post=5362"},{"taxonomy":"product_tag","embeddable":true,"href":"https:\/\/farmaciadagostino.com.ar\/sitio\/wp-json\/wp\/v2\/product_tag?post=5362"}],"curies":[{"name":"wp","href":"https:\/\/api.w.org\/{rel}","templated":true}]}}