{"id":5364,"date":"2024-06-09T13:23:29","date_gmt":"2024-06-09T16:23:29","guid":{"rendered":"https:\/\/farmaciadagostino.com.ar\/sitio\/producto\/nivea-for-men-ensitive-locion-de-afeitar-x100-ml\/"},"modified":"2026-03-09T10:09:46","modified_gmt":"2026-03-09T13:09:46","slug":"nivea-for-men-ensitive-locion-de-afeitar-x100-ml","status":"publish","type":"product","link":"https:\/\/farmaciadagostino.com.ar\/sitio\/producto\/nivea-for-men-ensitive-locion-de-afeitar-x100-ml\/","title":{"rendered":"NIVEA FOR MEN ENSITIVE LOCI\u00d3N DE AFEITAR x100 ml"},"content":{"rendered":"<p>El B\u00e1lsamo After shave NIVEA MEN Sensitive ha sido especialmente formulado para el cuidado de las pieles sensibles y con tendencia a irritarse. Su f\u00f3rmula, enriquecida con Camomila y Hamamelis, combate el enrojecimiento, la irritaci\u00f3n, resequedad, tirantez de la piel y los micro cortes. Luego del afeitado, el b\u00e1lsamo refresca la piel, dejando una sensaci\u00f3n de confort, suavidad y aspecto saludable. Adem\u00e1s, es un producto libre de alcohol que asegura una protecci\u00f3n suave y natural.<br \/>\nBeneficios.<br \/>\nAyuda a reducir la irritaci\u00f3n causada por el afeitado.<br \/>\nDisminuye la sequedad y el enrojecimiento de la piel.<br \/>\nMejora la condici\u00f3n de la piel con el tiempo.<br \/>\nR\u00e1pida absorci\u00f3n y f\u00f3rmula no grasa.<br \/>\nIdeal para piel sensible.<br \/>\nModo Uso.<br \/>\n1\u00b0 Aplicar NIVEA MEN Sensitive B\u00e1lsamo After shave generosamente sobre la zona afeitada.<br \/>\n2\u00b0 Para un resultado \u00f3ptimo utilizar la L\u00ednea completa Sensitive de NIVEA MEN.<\/p>\n","protected":false},"excerpt":{"rendered":"<p>El B\u00e1lsamo After shave NIVEA MEN Sensitive ha sido especialmente formulado para el cuidado de las pieles sensibles y con tendencia a irritarse.<\/p>\n","protected":false},"featured_media":4642,"comment_status":"open","ping_status":"closed","template":"","meta":[],"product_brand":[],"product_cat":[237,162],"product_tag":[],"class_list":{"0":"post-5364","1":"product","2":"type-product","3":"status-publish","4":"has-post-thumbnail","6":"product_cat-belleza","7":"product_cat-dermocosmetica","9":"first","10":"instock","11":"shipping-taxable","12":"purchasable","13":"product-type-simple"},"_links":{"self":[{"href":"https:\/\/farmaciadagostino.com.ar\/sitio\/wp-json\/wp\/v2\/product\/5364","targetHints":{"allow":["GET"]}}],"collection":[{"href":"https:\/\/farmaciadagostino.com.ar\/sitio\/wp-json\/wp\/v2\/product"}],"about":[{"href":"https:\/\/farmaciadagostino.com.ar\/sitio\/wp-json\/wp\/v2\/types\/product"}],"replies":[{"embeddable":true,"href":"https:\/\/farmaciadagostino.com.ar\/sitio\/wp-json\/wp\/v2\/comments?post=5364"}],"wp:featuredmedia":[{"embeddable":true,"href":"https:\/\/farmaciadagostino.com.ar\/sitio\/wp-json\/wp\/v2\/media\/4642"}],"wp:attachment":[{"href":"https:\/\/farmaciadagostino.com.ar\/sitio\/wp-json\/wp\/v2\/media?parent=5364"}],"wp:term":[{"taxonomy":"product_brand","embeddable":true,"href":"https:\/\/farmaciadagostino.com.ar\/sitio\/wp-json\/wp\/v2\/product_brand?post=5364"},{"taxonomy":"product_cat","embeddable":true,"href":"https:\/\/farmaciadagostino.com.ar\/sitio\/wp-json\/wp\/v2\/product_cat?post=5364"},{"taxonomy":"product_tag","embeddable":true,"href":"https:\/\/farmaciadagostino.com.ar\/sitio\/wp-json\/wp\/v2\/product_tag?post=5364"}],"curies":[{"name":"wp","href":"https:\/\/api.w.org\/{rel}","templated":true}]}}