{"id":5365,"date":"2024-06-09T13:23:29","date_gmt":"2024-06-09T16:23:29","guid":{"rendered":"https:\/\/farmaciadagostino.com.ar\/sitio\/producto\/nivea-for-men-original-espuma-de-afeitar-x200-ml\/"},"modified":"2026-03-09T10:17:59","modified_gmt":"2026-03-09T13:17:59","slug":"nivea-for-men-original-espuma-de-afeitar-x200-ml","status":"publish","type":"product","link":"https:\/\/farmaciadagostino.com.ar\/sitio\/producto\/nivea-for-men-original-espuma-de-afeitar-x200-ml\/","title":{"rendered":"NIVEA MEN ESP D-AFEITAR X 200 ML"},"content":{"rendered":"<p>Descripci\u00f3n.<br \/>\nLa Espuma de afeitar NIVEA MEN Protect &#038; Care proporciona un deslizamiento eficaz de la cuchilla para un afeitado m\u00e1s confortable gracias a su tecnolog\u00eda Ultra Glide. Su f\u00f3rmula contiene Aloe Vera y Pro-Vitamina B5, ingredientes que proporcionan hidrataci\u00f3n inmediata para tu piel. Adem\u00e1s, protege la piel de peque\u00f1os cortes, refuerza su barrera natural y suaviza el pelo de la barba. Es adecuada para todo tipo de pieles.<br \/>\nNIVEA es la marca N\u00ba 1 en el cuidado de la piel en el Mundo y en Argentina, con m\u00e1s de 100 a\u00f1os de trayectoria. Desde que inventamos la primera crema, NIVEA Creme, desarrollamos investigaci\u00f3n constante para producir innovaciones que atiendan a cada necesidad de la piel de toda la familia. Nuestros investigadores se centran especialmente en la individualidad de la piel humana y en las diferentes necesidades de cuidado. Lo que ha dado como resultado que en las \u00faltimas d\u00e9cadas hayamos creado numerosos productos innovadores para el cuidado de la piel, desde desodorantes hasta productos de protecci\u00f3n solar.<\/p>\n<p>Beneficios.<br \/>\nProtege la piel de peque\u00f1os cortes e irritaciones.<br \/>\nSuaviza el pelo de la barba.<br \/>\nCon Aloe Vera y Pro-Vitamina B5: proporciona hidrataci\u00f3n inmediata para la piel.<br \/>\nRefuerza la barrera natural de la piel.<br \/>\nApto para todo tipo de piel.<\/p>\n<p>Modo Uso.<br \/>\n1\u00b0 Agitar bien antes de usar.<br \/>\n2\u00b0 Aplicar una peque\u00f1a cantidad de NIVEA MEN Protect &#038; Care Espuma de afeitar y masajear sobre la piel h\u00fameda.<br \/>\n3\u00b0 Retirar los restos de producto con agua una vez finalizado el afeitado.<\/p>\n<p>Composici\u00f3n.<br \/>\nAqua, Isobutane, Triethanolamine, Laureth-23, Palmitic Acid, Stearic Acid, Glycerin, Panthenol, Aloe Barbadensis Leaf Juice Powder, Propylene Glycol, Sorbitol, Coco-Caprylate\/Caprate, Hydroxypropyl, Methylcellulose, PEG-7M, Myristic Acid, Arachidic Acid, Oleic Acid, Potassium Hydroxide, Butane, Propane, Silica, BHT, Piroctone Olamine, Limonene, Linalool, Parfum<\/p>\n<p>Presentaci\u00f3n.<br \/>\n200 Ml.<\/p>\n","protected":false},"excerpt":{"rendered":"<p>La Espuma de afeitar NIVEA MEN Protect &#038; Care proporciona un deslizamiento eficaz de la cuchilla para un afeitado m\u00e1s confortable gracias a su tecnolog\u00eda Ultra Glide. Su f\u00f3rmula contiene Aloe Vera y Pro-Vitamina B5, ingredientes que proporcionan hidrataci\u00f3n inmediata para tu piel.<\/p>\n","protected":false},"featured_media":3013,"comment_status":"open","ping_status":"closed","template":"","meta":[],"product_brand":[],"product_cat":[152],"product_tag":[],"class_list":{"0":"post-5365","1":"product","2":"type-product","3":"status-publish","4":"has-post-thumbnail","6":"product_cat-cuidado-personal","8":"first","9":"instock","10":"shipping-taxable","11":"purchasable","12":"product-type-simple"},"_links":{"self":[{"href":"https:\/\/farmaciadagostino.com.ar\/sitio\/wp-json\/wp\/v2\/product\/5365","targetHints":{"allow":["GET"]}}],"collection":[{"href":"https:\/\/farmaciadagostino.com.ar\/sitio\/wp-json\/wp\/v2\/product"}],"about":[{"href":"https:\/\/farmaciadagostino.com.ar\/sitio\/wp-json\/wp\/v2\/types\/product"}],"replies":[{"embeddable":true,"href":"https:\/\/farmaciadagostino.com.ar\/sitio\/wp-json\/wp\/v2\/comments?post=5365"}],"wp:featuredmedia":[{"embeddable":true,"href":"https:\/\/farmaciadagostino.com.ar\/sitio\/wp-json\/wp\/v2\/media\/3013"}],"wp:attachment":[{"href":"https:\/\/farmaciadagostino.com.ar\/sitio\/wp-json\/wp\/v2\/media?parent=5365"}],"wp:term":[{"taxonomy":"product_brand","embeddable":true,"href":"https:\/\/farmaciadagostino.com.ar\/sitio\/wp-json\/wp\/v2\/product_brand?post=5365"},{"taxonomy":"product_cat","embeddable":true,"href":"https:\/\/farmaciadagostino.com.ar\/sitio\/wp-json\/wp\/v2\/product_cat?post=5365"},{"taxonomy":"product_tag","embeddable":true,"href":"https:\/\/farmaciadagostino.com.ar\/sitio\/wp-json\/wp\/v2\/product_tag?post=5365"}],"curies":[{"name":"wp","href":"https:\/\/api.w.org\/{rel}","templated":true}]}}