{"id":5367,"date":"2024-06-09T13:23:30","date_gmt":"2024-06-09T16:23:30","guid":{"rendered":"https:\/\/farmaciadagostino.com.ar\/sitio\/producto\/gillette-maquina-de-afeitar-venus-intima-x4-un\/"},"modified":"2026-03-09T10:25:11","modified_gmt":"2026-03-09T13:25:11","slug":"gillette-maquina-de-afeitar-venus-intima-x4-un","status":"publish","type":"product","link":"https:\/\/farmaciadagostino.com.ar\/sitio\/producto\/gillette-maquina-de-afeitar-venus-intima-x4-un\/","title":{"rendered":"Gillette Maquina Desechable Venus Intima Mujer (4 Unidades)"},"content":{"rendered":"<p>La nueva Gillette Venus \u00cdntima desechable fue dise\u00f1ada para cuidar y proteger la piel delicada del \u00e1rea \u00edntima. Su tecnolog\u00eda exclusiva incluye una barrera protectora que permite eliminar el vello casi sin tocar la piel, protegi\u00e9ndola contra granitos e irritaci\u00f3n. Su cabeza m\u00f3vil y peque\u00f1a es ideal para lugares dif\u00edciles de alcanzar y su mango es ergon\u00f3mico y antideslizante. Est\u00e1 dermatol\u00f3gicamente testeado y cuenta con banda lubricante para deslizar. Para mejores resultados, util\u00edcelo solo en el \u00e1rea \u00edntima. Utilice otras afeitadoras Venus para las dem\u00e1s \u00e1reas del cuerpo.<\/p>\n","protected":false},"excerpt":{"rendered":"<p>La nueva Gillette Venus \u00cdntima desechable fue dise\u00f1ada para cuidar y proteger la piel delicada del \u00e1rea \u00edntima<\/p>\n","protected":false},"featured_media":3136,"comment_status":"open","ping_status":"closed","template":"","meta":[],"product_brand":[],"product_cat":[152],"product_tag":[],"class_list":{"0":"post-5367","1":"product","2":"type-product","3":"status-publish","4":"has-post-thumbnail","6":"product_cat-cuidado-personal","8":"first","9":"instock","10":"shipping-taxable","11":"purchasable","12":"product-type-simple"},"_links":{"self":[{"href":"https:\/\/farmaciadagostino.com.ar\/sitio\/wp-json\/wp\/v2\/product\/5367","targetHints":{"allow":["GET"]}}],"collection":[{"href":"https:\/\/farmaciadagostino.com.ar\/sitio\/wp-json\/wp\/v2\/product"}],"about":[{"href":"https:\/\/farmaciadagostino.com.ar\/sitio\/wp-json\/wp\/v2\/types\/product"}],"replies":[{"embeddable":true,"href":"https:\/\/farmaciadagostino.com.ar\/sitio\/wp-json\/wp\/v2\/comments?post=5367"}],"wp:featuredmedia":[{"embeddable":true,"href":"https:\/\/farmaciadagostino.com.ar\/sitio\/wp-json\/wp\/v2\/media\/3136"}],"wp:attachment":[{"href":"https:\/\/farmaciadagostino.com.ar\/sitio\/wp-json\/wp\/v2\/media?parent=5367"}],"wp:term":[{"taxonomy":"product_brand","embeddable":true,"href":"https:\/\/farmaciadagostino.com.ar\/sitio\/wp-json\/wp\/v2\/product_brand?post=5367"},{"taxonomy":"product_cat","embeddable":true,"href":"https:\/\/farmaciadagostino.com.ar\/sitio\/wp-json\/wp\/v2\/product_cat?post=5367"},{"taxonomy":"product_tag","embeddable":true,"href":"https:\/\/farmaciadagostino.com.ar\/sitio\/wp-json\/wp\/v2\/product_tag?post=5367"}],"curies":[{"name":"wp","href":"https:\/\/api.w.org\/{rel}","templated":true}]}}