{"id":5368,"date":"2024-06-09T13:23:30","date_gmt":"2024-06-09T16:23:30","guid":{"rendered":"https:\/\/farmaciadagostino.com.ar\/sitio\/producto\/eucerin-protector-solar-gel-toque-seco-fps50-x50-ml\/"},"modified":"2026-03-09T10:09:46","modified_gmt":"2026-03-09T13:09:46","slug":"eucerin-protector-solar-gel-toque-seco-fps50-x50-ml","status":"publish","type":"product","link":"https:\/\/farmaciadagostino.com.ar\/sitio\/producto\/eucerin-protector-solar-gel-toque-seco-fps50-x50-ml\/","title":{"rendered":"EUCERIN PROTECTOR SOLAR GEL TOQUE SECO FPS50 x50 ml"},"content":{"rendered":"<p>Eucerin Sun Gel-Crema Oil Control Toque Seco FPS 50+ es un protector solar de uso diario con un factor de protecci\u00f3n solar muy alto, formulado espec\u00edficamente para la piel facial grasa y propensa al acn\u00e9. Combina protecci\u00f3n de nivel superior contra los da\u00f1os de la piel inducidos por el sol y una soluci\u00f3n activa para mejorar el estado de la piel.<br \/>\nPrimero, su sistema de filtros UVA\/UVB fotoestable y altamente eficaz, que cumple con las normas de Cosmetics Europe \u2013 The Personal Care Association (ex Colipa), brinda protecci\u00f3n confiable.<br \/>\nEn segundo lugar, la combinaci\u00f3n de Licochalcona A y \u00c1cido Glicirret\u00ednico protege biol\u00f3gicamente las c\u00e9lulas. La Licochalcona A es un potente antioxidante natural que protege las c\u00e9lulas cut\u00e1neas contra los da\u00f1os que causan los radicales libres al mismo tiempo que el \u00c1cido Glicirret\u00ednico refuerza los mecanismos de protecci\u00f3n y reparaci\u00f3n del ADN naturales de la piel, con lo que protege el ADN de la piel.<br \/>\nPor \u00faltimo, su tecnolog\u00eda de control de la grasitud (Oil Control Technology) dise\u00f1ada especialmente aborda de forma espec\u00edfica las necesidades de la piel grasa y propensa al acn\u00e9. Su f\u00f3rmula, que contiene L-Carnitina reguladora del sebo y una combinaci\u00f3n de tres pigmentos matificantes que absorben los l\u00edpidos, deja un acabado mate seco inmediato y duradero en la piel, incluso en climas c\u00e1lidos y h\u00famedos.<br \/>\nEucerin Sun Gel-Crema Oil Control Toque Seco FPS 50+ no provoca la aparici\u00f3n de espinillas, no contiene perfumes ni parabenos, y es ideal como base de maquillaje.<br \/>\nMODO DE USO:<br \/>\nAplica todos los d\u00edas por la ma\u00f1ana antes de exponerte al sol y repet\u00ed la aplicaci\u00f3n con frecuencia para mantener la protecci\u00f3n original.<br \/>\nNo permanezc\u00e1s demasiado tiempo al sol, incluso cuando uses protector solar. La exposici\u00f3n excesiva al sol conlleva un riesgo grave para la salud.<\/p>\n","protected":false},"excerpt":{"rendered":"<p>Protecci\u00f3n solar para el rostro con piel grasa y propensa al acn\u00e9<br \/>\nProtege la piel de los da\u00f1os inducidos por el sol. Acabado mate duradero y efecto anti brillo.<\/p>\n","protected":false},"featured_media":3015,"comment_status":"open","ping_status":"closed","template":"","meta":[],"product_brand":[],"product_cat":[237,162],"product_tag":[],"class_list":{"0":"post-5368","1":"product","2":"type-product","3":"status-publish","4":"has-post-thumbnail","6":"product_cat-belleza","7":"product_cat-dermocosmetica","9":"first","10":"instock","11":"shipping-taxable","12":"purchasable","13":"product-type-simple"},"_links":{"self":[{"href":"https:\/\/farmaciadagostino.com.ar\/sitio\/wp-json\/wp\/v2\/product\/5368","targetHints":{"allow":["GET"]}}],"collection":[{"href":"https:\/\/farmaciadagostino.com.ar\/sitio\/wp-json\/wp\/v2\/product"}],"about":[{"href":"https:\/\/farmaciadagostino.com.ar\/sitio\/wp-json\/wp\/v2\/types\/product"}],"replies":[{"embeddable":true,"href":"https:\/\/farmaciadagostino.com.ar\/sitio\/wp-json\/wp\/v2\/comments?post=5368"}],"wp:featuredmedia":[{"embeddable":true,"href":"https:\/\/farmaciadagostino.com.ar\/sitio\/wp-json\/wp\/v2\/media\/3015"}],"wp:attachment":[{"href":"https:\/\/farmaciadagostino.com.ar\/sitio\/wp-json\/wp\/v2\/media?parent=5368"}],"wp:term":[{"taxonomy":"product_brand","embeddable":true,"href":"https:\/\/farmaciadagostino.com.ar\/sitio\/wp-json\/wp\/v2\/product_brand?post=5368"},{"taxonomy":"product_cat","embeddable":true,"href":"https:\/\/farmaciadagostino.com.ar\/sitio\/wp-json\/wp\/v2\/product_cat?post=5368"},{"taxonomy":"product_tag","embeddable":true,"href":"https:\/\/farmaciadagostino.com.ar\/sitio\/wp-json\/wp\/v2\/product_tag?post=5368"}],"curies":[{"name":"wp","href":"https:\/\/api.w.org\/{rel}","templated":true}]}}