{"id":5381,"date":"2024-06-09T13:23:32","date_gmt":"2024-06-09T16:23:32","guid":{"rendered":"https:\/\/farmaciadagostino.com.ar\/sitio\/producto\/viasek-teens-espuma-intima-x150-ml\/"},"modified":"2026-03-09T10:09:46","modified_gmt":"2026-03-09T13:09:46","slug":"viasek-teens-espuma-intima-x150-ml","status":"publish","type":"product","link":"https:\/\/farmaciadagostino.com.ar\/sitio\/producto\/viasek-teens-espuma-intima-x150-ml\/","title":{"rendered":"VIASEK TEENS ESPUMA \u00cdNTIMA x150 ml"},"content":{"rendered":"<p>Alivia picaz\u00f3n, ardor y molestias. Regula el pH, respeta el equilibrio de la flora vulvar Refresca, protege.<br \/>\n\u00bfPor qu\u00e9 usar Higiene \u00cdntima Adolescente Natural?<br \/>\nPorque aporta pH balanceado: respeta el equilibrio de la microbiota \u00edntima previniendo el crecimiento de hongos y bacterias que podr\u00edan generar infecciones y mal olor.<br \/>\nActivos espec\u00edficos: protegen, hidratan y previenen picaz\u00f3n, ardor, irritaci\u00f3n, alergias.<br \/>\nTextura: suave y delicada, compatible con pieles sensibles.<br \/>\nProtecci\u00f3n y cuidado al medioambiente: componentes naturales.<\/p>\n","protected":false},"excerpt":{"rendered":"<p>Mousse espec\u00edfica para el inicio del cuidado \u00edntimo. Acci\u00f3n higienizante extra suave.<\/p>\n","protected":false},"featured_media":4120,"comment_status":"open","ping_status":"closed","template":"","meta":[],"product_brand":[],"product_cat":[239],"product_tag":[],"class_list":{"0":"post-5381","1":"product","2":"type-product","3":"status-publish","4":"has-post-thumbnail","6":"product_cat-intimo","8":"first","9":"instock","10":"shipping-taxable","11":"purchasable","12":"product-type-simple"},"_links":{"self":[{"href":"https:\/\/farmaciadagostino.com.ar\/sitio\/wp-json\/wp\/v2\/product\/5381","targetHints":{"allow":["GET"]}}],"collection":[{"href":"https:\/\/farmaciadagostino.com.ar\/sitio\/wp-json\/wp\/v2\/product"}],"about":[{"href":"https:\/\/farmaciadagostino.com.ar\/sitio\/wp-json\/wp\/v2\/types\/product"}],"replies":[{"embeddable":true,"href":"https:\/\/farmaciadagostino.com.ar\/sitio\/wp-json\/wp\/v2\/comments?post=5381"}],"wp:featuredmedia":[{"embeddable":true,"href":"https:\/\/farmaciadagostino.com.ar\/sitio\/wp-json\/wp\/v2\/media\/4120"}],"wp:attachment":[{"href":"https:\/\/farmaciadagostino.com.ar\/sitio\/wp-json\/wp\/v2\/media?parent=5381"}],"wp:term":[{"taxonomy":"product_brand","embeddable":true,"href":"https:\/\/farmaciadagostino.com.ar\/sitio\/wp-json\/wp\/v2\/product_brand?post=5381"},{"taxonomy":"product_cat","embeddable":true,"href":"https:\/\/farmaciadagostino.com.ar\/sitio\/wp-json\/wp\/v2\/product_cat?post=5381"},{"taxonomy":"product_tag","embeddable":true,"href":"https:\/\/farmaciadagostino.com.ar\/sitio\/wp-json\/wp\/v2\/product_tag?post=5381"}],"curies":[{"name":"wp","href":"https:\/\/api.w.org\/{rel}","templated":true}]}}