{"id":5382,"date":"2024-06-09T13:23:32","date_gmt":"2024-06-09T16:23:32","guid":{"rendered":"https:\/\/farmaciadagostino.com.ar\/sitio\/producto\/viasek-femenino-cuidados-intimos-x75-ml\/"},"modified":"2026-03-09T10:17:59","modified_gmt":"2026-03-09T13:17:59","slug":"viasek-femenino-cuidados-intimos-x75-ml","status":"publish","type":"product","link":"https:\/\/farmaciadagostino.com.ar\/sitio\/producto\/viasek-femenino-cuidados-intimos-x75-ml\/","title":{"rendered":"VIASEK FEMENINO CUIDADOS \u00cdNTIMOS x75 ml"},"content":{"rendered":"<p>Al recibir tratamiento, el epitelio vulvar suele quedar da\u00f1ado, desprovisto de su flora propia, generando mayor susceptibilidad a las recurrencias.<br \/>\nEl equipo de investigaci\u00f3n de Laboratorios Eurolab desarroll\u00f3 una f\u00f3rmula exclusiva para complementar el tratamiento m\u00e9dico protegiendo la microbiota vulvar y mejorando la sintomatolog\u00eda. Es hipoalerg\u00e9nica, no posee fragancias ni parabenos y no est\u00e1 testeada en animales.<br \/>\nBeneficios.<br \/>\nHigiene durante las infecciones vaginales.<br \/>\nPotencia el tratamiento con \u00f3vulos.<br \/>\nDisminuye ardor, picaz\u00f3n e irritaci\u00f3n.<br \/>\nAlivia y recupera las mucosas sensibles.<br \/>\nRestablece el pH vulvar.<br \/>\nPosee activos con efecto antif\u00fangico y antibacteriano que devuelven el equilibrio y ayudan a prevenir reinfecci\u00f3n.<br \/>\nModo Uso.<br \/>\nSe recomienda utilizarlo 2 veces por d\u00eda como complemento del tratamiento, tanto para la higiene diaria como previo a la colocaci\u00f3n del \u00f3vulo. En prevenci\u00f3n de recurrencias: 1 vez por d\u00eda, en la ducha.<\/p>\n","protected":false},"excerpt":{"rendered":"<p>Un porcentaje elevad\u00edsimo de mujeres de todas las edades, padece cada mes, diferentes tipos de infecciones vaginales producidas por bacterias, hongos o par\u00e1sitos.<\/p>\n","protected":false},"featured_media":4118,"comment_status":"open","ping_status":"closed","template":"","meta":[],"product_brand":[],"product_cat":[239],"product_tag":[],"class_list":{"0":"post-5382","1":"product","2":"type-product","3":"status-publish","4":"has-post-thumbnail","6":"product_cat-intimo","8":"first","9":"instock","10":"shipping-taxable","11":"purchasable","12":"product-type-simple"},"_links":{"self":[{"href":"https:\/\/farmaciadagostino.com.ar\/sitio\/wp-json\/wp\/v2\/product\/5382","targetHints":{"allow":["GET"]}}],"collection":[{"href":"https:\/\/farmaciadagostino.com.ar\/sitio\/wp-json\/wp\/v2\/product"}],"about":[{"href":"https:\/\/farmaciadagostino.com.ar\/sitio\/wp-json\/wp\/v2\/types\/product"}],"replies":[{"embeddable":true,"href":"https:\/\/farmaciadagostino.com.ar\/sitio\/wp-json\/wp\/v2\/comments?post=5382"}],"wp:featuredmedia":[{"embeddable":true,"href":"https:\/\/farmaciadagostino.com.ar\/sitio\/wp-json\/wp\/v2\/media\/4118"}],"wp:attachment":[{"href":"https:\/\/farmaciadagostino.com.ar\/sitio\/wp-json\/wp\/v2\/media?parent=5382"}],"wp:term":[{"taxonomy":"product_brand","embeddable":true,"href":"https:\/\/farmaciadagostino.com.ar\/sitio\/wp-json\/wp\/v2\/product_brand?post=5382"},{"taxonomy":"product_cat","embeddable":true,"href":"https:\/\/farmaciadagostino.com.ar\/sitio\/wp-json\/wp\/v2\/product_cat?post=5382"},{"taxonomy":"product_tag","embeddable":true,"href":"https:\/\/farmaciadagostino.com.ar\/sitio\/wp-json\/wp\/v2\/product_tag?post=5382"}],"curies":[{"name":"wp","href":"https:\/\/api.w.org\/{rel}","templated":true}]}}