{"id":5386,"date":"2024-06-09T13:23:32","date_gmt":"2024-06-09T16:23:32","guid":{"rendered":"https:\/\/farmaciadagostino.com.ar\/sitio\/producto\/colgate-total-neceser-cepillo-pasta-dental\/"},"modified":"2026-03-09T10:17:59","modified_gmt":"2026-03-09T13:17:59","slug":"colgate-total-neceser-cepillo-pasta-dental","status":"publish","type":"product","link":"https:\/\/farmaciadagostino.com.ar\/sitio\/producto\/colgate-total-neceser-cepillo-pasta-dental\/","title":{"rendered":"Colgate Cepillo Dental Kit Portable 30 gr"},"content":{"rendered":"<h5>Descripci\u00f3n<\/h5>\n<p>Salud y frescura donde vayas: para toda ocasi\u00f3n, viajes, deportes, trabajo, estudio.<\/p>\n<h5>Beneficios:<\/h5>\n<p>&#8211; Contiene neceser + crema dental 30g + cepillo dental.<\/p>\n<p>&#8211; El cepillo se dobla a un tama\u00f1o reducido y pr\u00e1ctico que es f\u00e1cil de llevar, junto con la crema dental en un pr\u00e1ctico neceser.<\/p>\n<p>&#8211; Colgate Total 12\u00ae es la \u00daNICA crema dental que proporciona 12 horas de protecci\u00f3n contra las caries, la gingivitis y la placa &#8211; todo lo que usted necesita para unos dientes m\u00e1s blancos y una sonrisa saludable.<\/p>\n<h5>Modo de uso:<\/h5>\n<p>Cep\u00edllese adecuadamente los dientes despu\u00e9s de cada comida, tres veces al d\u00eda o seg\u00fan la recomendaci\u00f3n de su odont\u00f3logo. Enjuagar completamente despu\u00e9s del cepillado. Su uso es recomendable en ni\u00f1os mayores de 6 a\u00f1os. No ingerir. Ni\u00f1os de seis a\u00f1os y menores: Usar cantidad del tama\u00f1o de una gota supervisados por un adulto para minimizar que sea ingerida. En caso de estar recibiendo fl\u00faor de otras fuentes consulte a su odont\u00f3logo o doctor.<\/p>\n<h5>Precauciones:<\/h5>\n<p>Mantener fuera del alcance de los ni\u00f1os menores de 3 a\u00f1os. Producto no perecedero. No usar si el empaque est\u00e1 abierto.<\/p>\n<p>Los odont\u00f3logos e higienistas recomiendan cambiar el cepillo de dientes cada 3 meses.<\/p>\n","protected":false},"excerpt":{"rendered":"<p>Descripci\u00f3nSalud y frescura donde vayas: para toda ocasi\u00f3n, viajes, deportes, trabajo, estudio<\/p>\n","protected":false},"featured_media":3607,"comment_status":"open","ping_status":"closed","template":"","meta":[],"product_brand":[],"product_cat":[152],"product_tag":[],"class_list":{"0":"post-5386","1":"product","2":"type-product","3":"status-publish","4":"has-post-thumbnail","6":"product_cat-cuidado-personal","8":"first","9":"instock","10":"shipping-taxable","11":"purchasable","12":"product-type-simple"},"_links":{"self":[{"href":"https:\/\/farmaciadagostino.com.ar\/sitio\/wp-json\/wp\/v2\/product\/5386","targetHints":{"allow":["GET"]}}],"collection":[{"href":"https:\/\/farmaciadagostino.com.ar\/sitio\/wp-json\/wp\/v2\/product"}],"about":[{"href":"https:\/\/farmaciadagostino.com.ar\/sitio\/wp-json\/wp\/v2\/types\/product"}],"replies":[{"embeddable":true,"href":"https:\/\/farmaciadagostino.com.ar\/sitio\/wp-json\/wp\/v2\/comments?post=5386"}],"wp:featuredmedia":[{"embeddable":true,"href":"https:\/\/farmaciadagostino.com.ar\/sitio\/wp-json\/wp\/v2\/media\/3607"}],"wp:attachment":[{"href":"https:\/\/farmaciadagostino.com.ar\/sitio\/wp-json\/wp\/v2\/media?parent=5386"}],"wp:term":[{"taxonomy":"product_brand","embeddable":true,"href":"https:\/\/farmaciadagostino.com.ar\/sitio\/wp-json\/wp\/v2\/product_brand?post=5386"},{"taxonomy":"product_cat","embeddable":true,"href":"https:\/\/farmaciadagostino.com.ar\/sitio\/wp-json\/wp\/v2\/product_cat?post=5386"},{"taxonomy":"product_tag","embeddable":true,"href":"https:\/\/farmaciadagostino.com.ar\/sitio\/wp-json\/wp\/v2\/product_tag?post=5386"}],"curies":[{"name":"wp","href":"https:\/\/api.w.org\/{rel}","templated":true}]}}