{"id":5400,"date":"2024-06-09T13:23:35","date_gmt":"2024-06-09T16:23:35","guid":{"rendered":"https:\/\/farmaciadagostino.com.ar\/sitio\/producto\/eucerin-crema-hyaluron-filler-noche-repuesto-x50-ml\/"},"modified":"2026-03-09T10:09:46","modified_gmt":"2026-03-09T13:09:46","slug":"eucerin-crema-hyaluron-filler-noche-repuesto-x50-ml","status":"publish","type":"product","link":"https:\/\/farmaciadagostino.com.ar\/sitio\/producto\/eucerin-crema-hyaluron-filler-noche-repuesto-x50-ml\/","title":{"rendered":"EUCERIN CREMA HYALURON-FILLER NOCHE REPUESTO x50 ml"},"content":{"rendered":"<p>Su f\u00f3rmula combina tres ingredientes: \u00c1cido Hialur\u00f3nico, Glicina Saponina y Enoxolona, que reducen a reducir arrugas, a estimular la producci\u00f3n de \u00c1cido Hialur\u00f3nico y a prevenir su degradaci\u00f3n. Su empaque contiene 90% menos pl\u00e1stico que el tarro regular. La crema est\u00e1 probada para piel seca.<br \/>\nBeneficios.<br \/>\nReduce visiblemente los signos de envejecimiento.<br \/>\nAyuda a rellenar arrugas .<br \/>\nReactiva la producci\u00f3n natural de \u00c1cido Hialur\u00f3nico.<br \/>\nPiel suave y cuidada.<br \/>\nApta para piel seca.<br \/>\nModo Uso.<br \/>\n1\u00b0 Separar todos los componentes del empaque.<br \/>\n2\u00b0 Remueve cualquier residuo de producto.<br \/>\n3\u00b0 Recicla el refill Eucerin Hyaluron-Filler + 3x Effect Crema antiarrugas de noche.<br \/>\n4\u00b0 Reemplaza con un refill nuevo. Aplicar mediante un ligero masaje en la noche, despu\u00e9s de limpiar el rostro, cuello y escote.<\/p>\n","protected":false},"excerpt":{"rendered":"<p>El Repuesto de la Crema antiarrugas de noche Eucerin HYALURON-FILLER + 3x Effect ayuda a reducir visiblemente los signos de envejecimiento y genera un efecto relleno de arrugas para que la piel se sienta suave y cuidada.<\/p>\n","protected":false},"featured_media":3053,"comment_status":"open","ping_status":"closed","template":"","meta":[],"product_brand":[],"product_cat":[237,162],"product_tag":[],"class_list":{"0":"post-5400","1":"product","2":"type-product","3":"status-publish","4":"has-post-thumbnail","6":"product_cat-belleza","7":"product_cat-dermocosmetica","9":"first","10":"instock","11":"shipping-taxable","12":"purchasable","13":"product-type-simple"},"_links":{"self":[{"href":"https:\/\/farmaciadagostino.com.ar\/sitio\/wp-json\/wp\/v2\/product\/5400","targetHints":{"allow":["GET"]}}],"collection":[{"href":"https:\/\/farmaciadagostino.com.ar\/sitio\/wp-json\/wp\/v2\/product"}],"about":[{"href":"https:\/\/farmaciadagostino.com.ar\/sitio\/wp-json\/wp\/v2\/types\/product"}],"replies":[{"embeddable":true,"href":"https:\/\/farmaciadagostino.com.ar\/sitio\/wp-json\/wp\/v2\/comments?post=5400"}],"wp:featuredmedia":[{"embeddable":true,"href":"https:\/\/farmaciadagostino.com.ar\/sitio\/wp-json\/wp\/v2\/media\/3053"}],"wp:attachment":[{"href":"https:\/\/farmaciadagostino.com.ar\/sitio\/wp-json\/wp\/v2\/media?parent=5400"}],"wp:term":[{"taxonomy":"product_brand","embeddable":true,"href":"https:\/\/farmaciadagostino.com.ar\/sitio\/wp-json\/wp\/v2\/product_brand?post=5400"},{"taxonomy":"product_cat","embeddable":true,"href":"https:\/\/farmaciadagostino.com.ar\/sitio\/wp-json\/wp\/v2\/product_cat?post=5400"},{"taxonomy":"product_tag","embeddable":true,"href":"https:\/\/farmaciadagostino.com.ar\/sitio\/wp-json\/wp\/v2\/product_tag?post=5400"}],"curies":[{"name":"wp","href":"https:\/\/api.w.org\/{rel}","templated":true}]}}