{"id":5407,"date":"2024-06-09T13:23:36","date_gmt":"2024-06-09T16:23:36","guid":{"rendered":"https:\/\/farmaciadagostino.com.ar\/sitio\/producto\/dermaglos-serum-facial-niacinamida-x30-ml\/"},"modified":"2026-03-09T10:25:11","modified_gmt":"2026-03-09T13:25:11","slug":"dermaglos-serum-facial-niacinamida-x30-ml","status":"publish","type":"product","link":"https:\/\/farmaciadagostino.com.ar\/sitio\/producto\/dermaglos-serum-facial-niacinamida-x30-ml\/","title":{"rendered":"Dermaglos Facial Serum Facial Niacinamida 30 ml"},"content":{"rendered":"<p>Combate las manchas incluso en las pieles m\u00e1s sensibles. est\u00e1 enriquecido con un Niacinamida, un ingrediente activo con una gran capacidad para igualar el tono de la piel. <\/p>\n<h5>Beneficios:<\/h5>\n<p>aclara la hiperpigmentaci\u00f3n de la piel, unific\u00e1ndola a largo plazo, mientras que toda la tez adquiere adem\u00e1s un aspecto mucho m\u00e1s radiante. <\/p>\n","protected":false},"excerpt":{"rendered":"<p>Combate las manchas incluso en las pieles m\u00e1s sensibles<\/p>\n","protected":false},"featured_media":3665,"comment_status":"open","ping_status":"closed","template":"","meta":[],"product_brand":[],"product_cat":[237,162],"product_tag":[],"class_list":{"0":"post-5407","1":"product","2":"type-product","3":"status-publish","4":"has-post-thumbnail","6":"product_cat-belleza","7":"product_cat-dermocosmetica","9":"first","10":"instock","11":"shipping-taxable","12":"purchasable","13":"product-type-simple"},"_links":{"self":[{"href":"https:\/\/farmaciadagostino.com.ar\/sitio\/wp-json\/wp\/v2\/product\/5407","targetHints":{"allow":["GET"]}}],"collection":[{"href":"https:\/\/farmaciadagostino.com.ar\/sitio\/wp-json\/wp\/v2\/product"}],"about":[{"href":"https:\/\/farmaciadagostino.com.ar\/sitio\/wp-json\/wp\/v2\/types\/product"}],"replies":[{"embeddable":true,"href":"https:\/\/farmaciadagostino.com.ar\/sitio\/wp-json\/wp\/v2\/comments?post=5407"}],"wp:featuredmedia":[{"embeddable":true,"href":"https:\/\/farmaciadagostino.com.ar\/sitio\/wp-json\/wp\/v2\/media\/3665"}],"wp:attachment":[{"href":"https:\/\/farmaciadagostino.com.ar\/sitio\/wp-json\/wp\/v2\/media?parent=5407"}],"wp:term":[{"taxonomy":"product_brand","embeddable":true,"href":"https:\/\/farmaciadagostino.com.ar\/sitio\/wp-json\/wp\/v2\/product_brand?post=5407"},{"taxonomy":"product_cat","embeddable":true,"href":"https:\/\/farmaciadagostino.com.ar\/sitio\/wp-json\/wp\/v2\/product_cat?post=5407"},{"taxonomy":"product_tag","embeddable":true,"href":"https:\/\/farmaciadagostino.com.ar\/sitio\/wp-json\/wp\/v2\/product_tag?post=5407"}],"curies":[{"name":"wp","href":"https:\/\/api.w.org\/{rel}","templated":true}]}}