{"id":5425,"date":"2024-06-09T13:23:38","date_gmt":"2024-06-09T16:23:38","guid":{"rendered":"https:\/\/farmaciadagostino.com.ar\/sitio\/producto\/caviahue-crema-facial-para-hombre-x45-gr\/"},"modified":"2026-03-09T10:25:11","modified_gmt":"2026-03-09T13:25:11","slug":"caviahue-crema-facial-para-hombre-x45-gr","status":"publish","type":"product","link":"https:\/\/farmaciadagostino.com.ar\/sitio\/producto\/caviahue-crema-facial-para-hombre-x45-gr\/","title":{"rendered":"Caviahue Crema Facial Para Hombres 45 gr"},"content":{"rendered":"<p>Crema facial con acci\u00f3n hidratante, antiedad y efecto mate. Especialmente dise\u00f1ada para la piel del hombre, deja el rostro hidratado y sin brillo.<br \/>\nContiene \u00e1cido hialur\u00f3nico y agua termal volc\u00e1nica que estimulan la renovaci\u00f3n de la piel. <\/p>\n<p>&#8211; Alivia la irritaci\u00f3n producida por el afeitado.<br \/>\n&#8211; Disminuye las l\u00edneas de expresi\u00f3n y arrugas.<br \/>\n&#8211; Hidrata en profundidad.<br \/>\n&#8211; Controla la oleosidad de la piel para conseguir una piel mate, sin brillo.<br \/>\n&#8211; Estimula la renovaci\u00f3n de la piel.<br \/>\n&#8211; Contribuye a tener una apariencia m\u00e1s joven.<\/p>\n<p>Modo de uso:<br \/>\n1) Limpi\u00e1 el rostro con la Espuma Facial Hombre para eliminar la oleosidad de la piel y prepararla para la humectaci\u00f3n.<br \/>\n2) Aplic\u00e1 sobre rostro y cuello con masajes suaves y ascendentes, una o dos veces al d\u00eda, hasta su completa absorci\u00f3n.<br \/>\n3) Aplicala despu\u00e9s del afeitado para calmar y refrescar la piel.<\/p>\n<p>Ingredientes: Agua, Agua Termal, Glycerin, Glyceril stearate SE, Dimethicone, Hialuronic acid, Aloe barbadensis leaf juice, Silybum Marianum extract, Aluminum starch, octenylsuccinate, Silica, Acrylates\/C10-C30 Alkyl Acrylate Crosspolymer, Imidazolidinyl urea, Methyparaben,Propylparaben, Disodium EDTA, CI42090, CI19140, Parfum, Limonene, Geraniol, Apha-isomethyl ionone, Linalool, Citronellol, Butylphenyl menthyl propional.<\/p>\n","protected":false},"excerpt":{"rendered":"<p>Crema facial con acci\u00f3n hidratante, antiedad y efecto mate<\/p>\n","protected":false},"featured_media":4099,"comment_status":"open","ping_status":"closed","template":"","meta":[],"product_brand":[],"product_cat":[237,162],"product_tag":[],"class_list":{"0":"post-5425","1":"product","2":"type-product","3":"status-publish","4":"has-post-thumbnail","6":"product_cat-belleza","7":"product_cat-dermocosmetica","9":"first","10":"instock","11":"shipping-taxable","12":"purchasable","13":"product-type-simple"},"_links":{"self":[{"href":"https:\/\/farmaciadagostino.com.ar\/sitio\/wp-json\/wp\/v2\/product\/5425","targetHints":{"allow":["GET"]}}],"collection":[{"href":"https:\/\/farmaciadagostino.com.ar\/sitio\/wp-json\/wp\/v2\/product"}],"about":[{"href":"https:\/\/farmaciadagostino.com.ar\/sitio\/wp-json\/wp\/v2\/types\/product"}],"replies":[{"embeddable":true,"href":"https:\/\/farmaciadagostino.com.ar\/sitio\/wp-json\/wp\/v2\/comments?post=5425"}],"wp:featuredmedia":[{"embeddable":true,"href":"https:\/\/farmaciadagostino.com.ar\/sitio\/wp-json\/wp\/v2\/media\/4099"}],"wp:attachment":[{"href":"https:\/\/farmaciadagostino.com.ar\/sitio\/wp-json\/wp\/v2\/media?parent=5425"}],"wp:term":[{"taxonomy":"product_brand","embeddable":true,"href":"https:\/\/farmaciadagostino.com.ar\/sitio\/wp-json\/wp\/v2\/product_brand?post=5425"},{"taxonomy":"product_cat","embeddable":true,"href":"https:\/\/farmaciadagostino.com.ar\/sitio\/wp-json\/wp\/v2\/product_cat?post=5425"},{"taxonomy":"product_tag","embeddable":true,"href":"https:\/\/farmaciadagostino.com.ar\/sitio\/wp-json\/wp\/v2\/product_tag?post=5425"}],"curies":[{"name":"wp","href":"https:\/\/api.w.org\/{rel}","templated":true}]}}