{"id":5451,"date":"2024-06-09T13:23:42","date_gmt":"2024-06-09T16:23:42","guid":{"rendered":"https:\/\/farmaciadagostino.com.ar\/sitio\/producto\/dermaglos-facial-hombre-after-shave-crema-gel-x100-ml\/"},"modified":"2026-03-09T10:09:46","modified_gmt":"2026-03-09T13:09:46","slug":"dermaglos-facial-hombre-after-shave-crema-gel-x100-ml","status":"publish","type":"product","link":"https:\/\/farmaciadagostino.com.ar\/sitio\/producto\/dermaglos-facial-hombre-after-shave-crema-gel-x100-ml\/","title":{"rendered":"Crema Facial Dermagl\u00f3s Hombres Hidratante After Shave x 100 ml"},"content":{"rendered":"<p>Las pieles de los hombres requieren un cuidado especial, la nueva Crema Gel Hidratante Dermagl\u00f3s espec\u00edfica para hombres protege contra la irritaci\u00f3n, hidrata, suaviza, calma y refresca la piel. Con textura liviana no oleosa y de r\u00e1pida absorci\u00f3n.<\/p>\n<h5>Bneficios:<\/h5>\n<p>-Protege contra la irritaci\u00f3n.<\/p>\n<p>-Hidrata y suaviza.<\/p>\n<p>-Calma y refresca.<\/p>\n<p>-Textura liviana sin oleosidad.<\/p>\n<p>-R\u00e1pida absorci\u00f3n.<\/p>\n<p>-Hipoalerg\u00e9nico.<\/p>\n<p>-Apto para pieles sensibles.<\/p>\n<p>-Testeado dermatol\u00f3gica y oftalmol\u00f3gicamente.<\/p>\n<p>-No comedog\u00e9nico.<\/p>\n<p>-Sin parabenos.<\/p>\n<p>-No testeado en animales.<\/p>\n<p>-Sin TACC.<\/p>\n<h5>Modo de uso:<\/h5>\n<p>Se recomienda aplicar una peque\u00f1a cantidad en las yemas de los dedos y esparcir por la cara. Se puede utilizar luego del afeitado como tambi\u00e9n la hidrataci\u00f3n diaria.<\/p>\n","protected":false},"excerpt":{"rendered":"<p>Las pieles de los hombres requieren un cuidado especial, la nueva Crema Gel Hidratante Dermagl\u00f3s espec\u00edfica para hombres protege contra la irritaci\u00f3n, hidrata, suaviza, calma y refresca la piel<\/p>\n","protected":false},"featured_media":3690,"comment_status":"open","ping_status":"closed","template":"","meta":[],"product_brand":[],"product_cat":[237,162],"product_tag":[],"class_list":{"0":"post-5451","1":"product","2":"type-product","3":"status-publish","4":"has-post-thumbnail","6":"product_cat-belleza","7":"product_cat-dermocosmetica","9":"first","10":"instock","11":"shipping-taxable","12":"purchasable","13":"product-type-simple"},"_links":{"self":[{"href":"https:\/\/farmaciadagostino.com.ar\/sitio\/wp-json\/wp\/v2\/product\/5451","targetHints":{"allow":["GET"]}}],"collection":[{"href":"https:\/\/farmaciadagostino.com.ar\/sitio\/wp-json\/wp\/v2\/product"}],"about":[{"href":"https:\/\/farmaciadagostino.com.ar\/sitio\/wp-json\/wp\/v2\/types\/product"}],"replies":[{"embeddable":true,"href":"https:\/\/farmaciadagostino.com.ar\/sitio\/wp-json\/wp\/v2\/comments?post=5451"}],"wp:featuredmedia":[{"embeddable":true,"href":"https:\/\/farmaciadagostino.com.ar\/sitio\/wp-json\/wp\/v2\/media\/3690"}],"wp:attachment":[{"href":"https:\/\/farmaciadagostino.com.ar\/sitio\/wp-json\/wp\/v2\/media?parent=5451"}],"wp:term":[{"taxonomy":"product_brand","embeddable":true,"href":"https:\/\/farmaciadagostino.com.ar\/sitio\/wp-json\/wp\/v2\/product_brand?post=5451"},{"taxonomy":"product_cat","embeddable":true,"href":"https:\/\/farmaciadagostino.com.ar\/sitio\/wp-json\/wp\/v2\/product_cat?post=5451"},{"taxonomy":"product_tag","embeddable":true,"href":"https:\/\/farmaciadagostino.com.ar\/sitio\/wp-json\/wp\/v2\/product_tag?post=5451"}],"curies":[{"name":"wp","href":"https:\/\/api.w.org\/{rel}","templated":true}]}}