{"id":5453,"date":"2024-06-09T13:23:42","date_gmt":"2024-06-09T16:23:42","guid":{"rendered":"https:\/\/farmaciadagostino.com.ar\/sitio\/producto\/evagina-desodorante-intimo-aerosol-x75-ml\/"},"modified":"2026-03-09T10:25:11","modified_gmt":"2026-03-09T13:25:11","slug":"evagina-desodorante-intimo-aerosol-x75-ml","status":"publish","type":"product","link":"https:\/\/farmaciadagostino.com.ar\/sitio\/producto\/evagina-desodorante-intimo-aerosol-x75-ml\/","title":{"rendered":"EVAGINA DESODORANTE \u00cdNTIMO AEROSOL x75 ml"},"content":{"rendered":"<p>El olor corporal normalmente se controla con una higiene \u00edntima adecuada, pero en ocasiones no es suficiente.<br \/>\nPor lo que pod\u00e9s incorporar como parte de tu rutina el uso de un producto espec\u00edfico para la zona \u00edntima como EVAGINA DEO.<br \/>\nBeneficio:<br \/>\nProtecci\u00f3n<br \/>\nDesodorante que neutraliza olores y mantiene fresca la zona vulvar.<br \/>\nTesteado<br \/>\nRespeta el pH vulvovaginal.<br \/>\nUso diario<br \/>\nNo mancha ni humedece la ropa.<br \/>\nSin Alcohol, sin parabenos, ni colorantes.<br \/>\nMODO DE USO:<br \/>\nAplicar en la zona vulvar y perianal (\u00fanicamente externa) a una distancia de 15cm.<br \/>\nPara mayor protecci\u00f3n, se puede aplicar tambi\u00e9n sobre la ropa interior.<br \/>\nIdeal para utilizar en cualquier momento y lugar.<\/p>\n","protected":false},"excerpt":{"rendered":"<p>Desodorante \u00edntimo que ayuda a prevenir la aparici\u00f3n de olores en la zona vulvar y perineal.<\/p>\n","protected":false},"featured_media":3835,"comment_status":"open","ping_status":"closed","template":"","meta":[],"product_brand":[],"product_cat":[152,239],"product_tag":[],"class_list":{"0":"post-5453","1":"product","2":"type-product","3":"status-publish","4":"has-post-thumbnail","6":"product_cat-cuidado-personal","7":"product_cat-intimo","9":"first","10":"instock","11":"shipping-taxable","12":"purchasable","13":"product-type-simple"},"_links":{"self":[{"href":"https:\/\/farmaciadagostino.com.ar\/sitio\/wp-json\/wp\/v2\/product\/5453","targetHints":{"allow":["GET"]}}],"collection":[{"href":"https:\/\/farmaciadagostino.com.ar\/sitio\/wp-json\/wp\/v2\/product"}],"about":[{"href":"https:\/\/farmaciadagostino.com.ar\/sitio\/wp-json\/wp\/v2\/types\/product"}],"replies":[{"embeddable":true,"href":"https:\/\/farmaciadagostino.com.ar\/sitio\/wp-json\/wp\/v2\/comments?post=5453"}],"wp:featuredmedia":[{"embeddable":true,"href":"https:\/\/farmaciadagostino.com.ar\/sitio\/wp-json\/wp\/v2\/media\/3835"}],"wp:attachment":[{"href":"https:\/\/farmaciadagostino.com.ar\/sitio\/wp-json\/wp\/v2\/media?parent=5453"}],"wp:term":[{"taxonomy":"product_brand","embeddable":true,"href":"https:\/\/farmaciadagostino.com.ar\/sitio\/wp-json\/wp\/v2\/product_brand?post=5453"},{"taxonomy":"product_cat","embeddable":true,"href":"https:\/\/farmaciadagostino.com.ar\/sitio\/wp-json\/wp\/v2\/product_cat?post=5453"},{"taxonomy":"product_tag","embeddable":true,"href":"https:\/\/farmaciadagostino.com.ar\/sitio\/wp-json\/wp\/v2\/product_tag?post=5453"}],"curies":[{"name":"wp","href":"https:\/\/api.w.org\/{rel}","templated":true}]}}