{"id":5464,"date":"2024-06-09T13:23:43","date_gmt":"2024-06-09T16:23:43","guid":{"rendered":"https:\/\/farmaciadagostino.com.ar\/sitio\/producto\/noc-10-concentrada-crema-dental-x70-gr\/"},"modified":"2026-03-09T10:17:59","modified_gmt":"2026-03-09T13:17:59","slug":"noc-10-concentrada-crema-dental-x70-gr","status":"publish","type":"product","link":"https:\/\/farmaciadagostino.com.ar\/sitio\/producto\/noc-10-concentrada-crema-dental-x70-gr\/","title":{"rendered":"NOC 10 CONCENTRADA CREMA DENTAL x70 gr"},"content":{"rendered":"<p>Su exclusiva f\u00f3rmula con doble fl\u00faor te brinda una efectiva protecci\u00f3n anticaries Modo de uso: Cep\u00edllese adecuadamente los dientes despu\u00e9s de cada comida, tres veces al d\u00eda por dos minutos. Enjuagar completamente despu\u00e9s de cada cepillado.<br \/>\nPrecauciones:<br \/>\nSu uso es recomendable en ni\u00f1os mayores de 6 a\u00f1os. No ingerir. Ni\u00f1os de 6 a\u00f1os y menores: usar una cantidad del tama\u00f1o de una gota (0,25G) supervisados por un adulto para minimizar que sea ingerida. En caso de estar recibiendo fl\u00faor de otras fuentes consulte un odont\u00f3logo o doctor.<br \/>\nModo Uso.<br \/>\nCep\u00edllese adecuadamente los dientes despu\u00e9s de cada comida, tres veces al d\u00eda o seg\u00fan la recomendaci\u00f3n de su odont\u00f3logo. Enjuagar completamente despu\u00e9s del cepillado.<\/p>\n","protected":false},"excerpt":{"rendered":"<p>Su exclusiva f\u00f3rmula con doble fl\u00faor te brinda una efectiva protecci\u00f3n anticaries.<\/p>\n","protected":false},"featured_media":3605,"comment_status":"open","ping_status":"closed","template":"","meta":[],"product_brand":[],"product_cat":[237,162],"product_tag":[],"class_list":{"0":"post-5464","1":"product","2":"type-product","3":"status-publish","4":"has-post-thumbnail","6":"product_cat-belleza","7":"product_cat-dermocosmetica","9":"first","10":"instock","11":"shipping-taxable","12":"purchasable","13":"product-type-simple"},"_links":{"self":[{"href":"https:\/\/farmaciadagostino.com.ar\/sitio\/wp-json\/wp\/v2\/product\/5464","targetHints":{"allow":["GET"]}}],"collection":[{"href":"https:\/\/farmaciadagostino.com.ar\/sitio\/wp-json\/wp\/v2\/product"}],"about":[{"href":"https:\/\/farmaciadagostino.com.ar\/sitio\/wp-json\/wp\/v2\/types\/product"}],"replies":[{"embeddable":true,"href":"https:\/\/farmaciadagostino.com.ar\/sitio\/wp-json\/wp\/v2\/comments?post=5464"}],"wp:featuredmedia":[{"embeddable":true,"href":"https:\/\/farmaciadagostino.com.ar\/sitio\/wp-json\/wp\/v2\/media\/3605"}],"wp:attachment":[{"href":"https:\/\/farmaciadagostino.com.ar\/sitio\/wp-json\/wp\/v2\/media?parent=5464"}],"wp:term":[{"taxonomy":"product_brand","embeddable":true,"href":"https:\/\/farmaciadagostino.com.ar\/sitio\/wp-json\/wp\/v2\/product_brand?post=5464"},{"taxonomy":"product_cat","embeddable":true,"href":"https:\/\/farmaciadagostino.com.ar\/sitio\/wp-json\/wp\/v2\/product_cat?post=5464"},{"taxonomy":"product_tag","embeddable":true,"href":"https:\/\/farmaciadagostino.com.ar\/sitio\/wp-json\/wp\/v2\/product_tag?post=5464"}],"curies":[{"name":"wp","href":"https:\/\/api.w.org\/{rel}","templated":true}]}}