{"id":5479,"date":"2024-06-09T13:23:45","date_gmt":"2024-06-09T16:23:45","guid":{"rendered":"https:\/\/farmaciadagostino.com.ar\/sitio\/producto\/eucerin-f50-hydro-fluido-protector-solar-x50-ml\/"},"modified":"2026-03-09T10:25:11","modified_gmt":"2026-03-09T13:25:11","slug":"eucerin-f50-hydro-fluido-protector-solar-x50-ml","status":"publish","type":"product","link":"https:\/\/farmaciadagostino.com.ar\/sitio\/producto\/eucerin-f50-hydro-fluido-protector-solar-x50-ml\/","title":{"rendered":"EUCERIN F50 HYDRO FLUIDO PROTECTOR SOLAR x50 ml"},"content":{"rendered":"<p>La innovaci\u00f3n de Eucerin Sun con Advanced Spectral Technology combina filtros UVA\/UVB para una protecci\u00f3n UV muy alta y Licochalcona A para la neutralizaci\u00f3n de los radicales libres inducidos por los rayos UV y la luz visible de alta energ\u00eda. El \u00c1cido Glicirret\u00ednico apoya el mecanismo de reparaci\u00f3n propio de la piel.<br \/>\nMODO DE USO:<br \/>\nAplicar generosamente antes de la exposici\u00f3n al sol y reaplicar con frecuencia, especialmente despu\u00e9s de nadar, transpirar o secarse con la toalla, para mantener la protecci\u00f3n original.<br \/>\nSi se reduce la cantidad, el nivel de protecci\u00f3n disminuir\u00e1 considerablemente.<br \/>\nNo permanezca demasiado tiempo al sol, aunque utilice un producto de protecci\u00f3n solar.<br \/>\nLa sobreexposici\u00f3n al sol es una grave amenaza para la salud.<br \/>\nMantenga a los beb\u00e9s y a los ni\u00f1os peque\u00f1os alejados de la luz solar directa.<br \/>\nDeje que se absorba completamente..<br \/>\nEvitar el contacto con los ojos.<br \/>\nAgitar bien antes de usar.<\/p>\n","protected":false},"excerpt":{"rendered":"<p>Un Protector Solar facial ultra ligero para todo tipo de piel, incluso la sensible.<\/p>\n","protected":false},"featured_media":3054,"comment_status":"open","ping_status":"closed","template":"","meta":[],"product_brand":[],"product_cat":[237,162],"product_tag":[],"class_list":{"0":"post-5479","1":"product","2":"type-product","3":"status-publish","4":"has-post-thumbnail","6":"product_cat-belleza","7":"product_cat-dermocosmetica","9":"first","10":"instock","11":"shipping-taxable","12":"purchasable","13":"product-type-simple"},"_links":{"self":[{"href":"https:\/\/farmaciadagostino.com.ar\/sitio\/wp-json\/wp\/v2\/product\/5479","targetHints":{"allow":["GET"]}}],"collection":[{"href":"https:\/\/farmaciadagostino.com.ar\/sitio\/wp-json\/wp\/v2\/product"}],"about":[{"href":"https:\/\/farmaciadagostino.com.ar\/sitio\/wp-json\/wp\/v2\/types\/product"}],"replies":[{"embeddable":true,"href":"https:\/\/farmaciadagostino.com.ar\/sitio\/wp-json\/wp\/v2\/comments?post=5479"}],"wp:featuredmedia":[{"embeddable":true,"href":"https:\/\/farmaciadagostino.com.ar\/sitio\/wp-json\/wp\/v2\/media\/3054"}],"wp:attachment":[{"href":"https:\/\/farmaciadagostino.com.ar\/sitio\/wp-json\/wp\/v2\/media?parent=5479"}],"wp:term":[{"taxonomy":"product_brand","embeddable":true,"href":"https:\/\/farmaciadagostino.com.ar\/sitio\/wp-json\/wp\/v2\/product_brand?post=5479"},{"taxonomy":"product_cat","embeddable":true,"href":"https:\/\/farmaciadagostino.com.ar\/sitio\/wp-json\/wp\/v2\/product_cat?post=5479"},{"taxonomy":"product_tag","embeddable":true,"href":"https:\/\/farmaciadagostino.com.ar\/sitio\/wp-json\/wp\/v2\/product_tag?post=5479"}],"curies":[{"name":"wp","href":"https:\/\/api.w.org\/{rel}","templated":true}]}}