{"id":5487,"date":"2024-06-09T13:23:47","date_gmt":"2024-06-09T16:23:47","guid":{"rendered":"https:\/\/farmaciadagostino.com.ar\/sitio\/producto\/bengue-ultra-gel-x35-gr\/"},"modified":"2026-03-09T10:25:11","modified_gmt":"2026-03-09T13:25:11","slug":"bengue-ultra-gel-x35-gr","status":"publish","type":"product","link":"https:\/\/farmaciadagostino.com.ar\/sitio\/producto\/bengue-ultra-gel-x35-gr\/","title":{"rendered":"Ultra Bengue Desinflamante Gel X 35 Gramos"},"content":{"rendered":"<p>Tratamiento en gel para la inflamaci\u00f3n, dolor y limitaci\u00f3n funcional de m\u00fasculos y articulaciones, como dolor de espalda, lumbalgia, golpes, torceduras, dolor en tendones, cuello, manos, etc.ANALGESICO-ANTIINFLAMATORIO<br \/>\nAlivio local del dolor y de la inflamaci\u00f3n leves y ocasionales producidos por: afecciones reum\u00e1ticas, articulares (lumbalgia, torticolis), golpes, distenciones musculares y\/o tendinosas; torceduras.<br \/>\n\u00bfQu\u00e9 cuidados debo tener antes de aplicar este medicamento?<br \/>\nNo aplicar en heridas abiertas, ojos, boca o genitales. No se recomienda su aplicaci\u00f3n mas de tres veces al d\u00eda. No utilizar vendajes oclusivos. No utilizar en \u00e1reas extensas. Usar solo en la zona afectada. No aplicar calor extremo. No aplicar simult\u00e1neamente con otros productos. No exponer al sol la zona afectada, durante el tratamiento ni por 2 semanas posteriores al mismo. No utilizar en menores de 12 a\u00f1os. Si usted esta tomando alg\u00fan medicamento, o esta embarazada o dando de mamar consulte con su medico antes de utilizar este medicamento.<br \/>\n\u00bfQu\u00e9 cuidados debo tener mientras estoy usando este medicamento?<br \/>\nEn caso de presentar irritaci\u00f3n, comez\u00f3n o enrojecimiento suspenda el uso. Si los s\u00edntomas persisten por mas de 3 d\u00edas o empeoran, consulte con su medico.<br \/>\n\u00bfC\u00f3mo se usa este medicamento?<br \/>\nAplique 2 a 5 cent\u00edmetros de ULTRA BENGUE sobre el \u00e1rea afectada y masajee con movimientos circulares hasta que penetre, aplique hasta 3 veces al d\u00eda. En caso de actividad deportiva puede utilizarse antes y despu\u00e9s del ejercicio en las que se realice mayor esfuerzo. Si los s\u00edntomas persisten por mas de 3 d\u00edas o empeoran consulte a su medico.<br \/>\n\u00bfQu\u00e9 personas no pueden recibir ULTRA BENGUE Gel?<br \/>\nNo aplicar a personas al\u00e9rgicas a los salicilatos o a los componentes de la formula. No aplicar ensobre mucosas, heridas ni quemaduras. No utilizar en caso de alergia al Acido Acetilsalic\u00edlico u otros antiinflamatorios. No aplicar en ni\u00f1os menores de 12 a\u00f1os.<\/p>\n","protected":false},"excerpt":{"rendered":"<p>Tratamiento en gel para la inflamaci\u00f3n, dolor y limitaci\u00f3n funcional de m\u00fasculos y articulaciones, como dolor de espalda, lumbalgia, golpes, torceduras, dolor en tendones, cuello, manos, etc.<\/p>\n","protected":false},"featured_media":2780,"comment_status":"open","ping_status":"closed","template":"","meta":[],"product_brand":[],"product_cat":[149],"product_tag":[],"class_list":{"0":"post-5487","1":"product","2":"type-product","3":"status-publish","4":"has-post-thumbnail","6":"product_cat-farmacia","8":"first","9":"instock","10":"shipping-taxable","11":"purchasable","12":"product-type-simple"},"_links":{"self":[{"href":"https:\/\/farmaciadagostino.com.ar\/sitio\/wp-json\/wp\/v2\/product\/5487","targetHints":{"allow":["GET"]}}],"collection":[{"href":"https:\/\/farmaciadagostino.com.ar\/sitio\/wp-json\/wp\/v2\/product"}],"about":[{"href":"https:\/\/farmaciadagostino.com.ar\/sitio\/wp-json\/wp\/v2\/types\/product"}],"replies":[{"embeddable":true,"href":"https:\/\/farmaciadagostino.com.ar\/sitio\/wp-json\/wp\/v2\/comments?post=5487"}],"wp:featuredmedia":[{"embeddable":true,"href":"https:\/\/farmaciadagostino.com.ar\/sitio\/wp-json\/wp\/v2\/media\/2780"}],"wp:attachment":[{"href":"https:\/\/farmaciadagostino.com.ar\/sitio\/wp-json\/wp\/v2\/media?parent=5487"}],"wp:term":[{"taxonomy":"product_brand","embeddable":true,"href":"https:\/\/farmaciadagostino.com.ar\/sitio\/wp-json\/wp\/v2\/product_brand?post=5487"},{"taxonomy":"product_cat","embeddable":true,"href":"https:\/\/farmaciadagostino.com.ar\/sitio\/wp-json\/wp\/v2\/product_cat?post=5487"},{"taxonomy":"product_tag","embeddable":true,"href":"https:\/\/farmaciadagostino.com.ar\/sitio\/wp-json\/wp\/v2\/product_tag?post=5487"}],"curies":[{"name":"wp","href":"https:\/\/api.w.org\/{rel}","templated":true}]}}