{"id":5543,"date":"2024-06-09T13:24:02","date_gmt":"2024-06-09T16:24:02","guid":{"rendered":"https:\/\/farmaciadagostino.com.ar\/sitio\/producto\/johnson-baby-bano-liquido-recien-nacido-x200-ml\/"},"modified":"2026-03-09T10:25:13","modified_gmt":"2026-03-09T13:25:13","slug":"johnson-baby-bano-liquido-recien-nacido-x200-ml","status":"publish","type":"product","link":"https:\/\/farmaciadagostino.com.ar\/sitio\/producto\/johnson-baby-bano-liquido-recien-nacido-x200-ml\/","title":{"rendered":"Johnson&#8217;s Baby Jab\u00f3n L\u00edquido Reci\u00e9n Nacido x 200 ml"},"content":{"rendered":"<h5>Nombre<\/h5>\n<p>Jab\u00f3n l\u00edquido Johnson\u00b4s Baby Reci\u00e9n Nacido x 200 ml<\/p>\n<h5>Descripci\u00f3n<\/h5>\n<p>El nuevo ba\u00f1o l\u00edquido JOHNSON&#8217;S\u00ae baby limpia la piel del reci\u00e9n nacido sin irritarla, preservando el PH natural y protegiendo la barrera cut\u00e1nea. Contiene componente del v\u00e9rnix caseoso. El m\u00e1s alto est\u00e1ndar definido en seguridad de fragancias. Su f\u00f3rmula es hipoalergenica.<\/p>\n","protected":false},"excerpt":{"rendered":"<p>NombreJab\u00f3n l\u00edquido Johnson\u00b4s Baby Reci\u00e9n Nacido x 200 mlDescripci\u00f3nEl nuevo ba\u00f1o l\u00edquido JOHNSON&#8217;S\u00ae baby limpia la piel del reci\u00e9n nacido sin irritarla, preservando el PH natural y protegiendo la barrera cut\u00e1nea<\/p>\n","protected":false},"featured_media":4396,"comment_status":"open","ping_status":"closed","template":"","meta":[],"product_brand":[],"product_cat":[177],"product_tag":[],"class_list":{"0":"post-5543","1":"product","2":"type-product","3":"status-publish","4":"has-post-thumbnail","6":"product_cat-bebe-maternidad","8":"first","9":"instock","10":"shipping-taxable","11":"purchasable","12":"product-type-simple"},"_links":{"self":[{"href":"https:\/\/farmaciadagostino.com.ar\/sitio\/wp-json\/wp\/v2\/product\/5543","targetHints":{"allow":["GET"]}}],"collection":[{"href":"https:\/\/farmaciadagostino.com.ar\/sitio\/wp-json\/wp\/v2\/product"}],"about":[{"href":"https:\/\/farmaciadagostino.com.ar\/sitio\/wp-json\/wp\/v2\/types\/product"}],"replies":[{"embeddable":true,"href":"https:\/\/farmaciadagostino.com.ar\/sitio\/wp-json\/wp\/v2\/comments?post=5543"}],"wp:featuredmedia":[{"embeddable":true,"href":"https:\/\/farmaciadagostino.com.ar\/sitio\/wp-json\/wp\/v2\/media\/4396"}],"wp:attachment":[{"href":"https:\/\/farmaciadagostino.com.ar\/sitio\/wp-json\/wp\/v2\/media?parent=5543"}],"wp:term":[{"taxonomy":"product_brand","embeddable":true,"href":"https:\/\/farmaciadagostino.com.ar\/sitio\/wp-json\/wp\/v2\/product_brand?post=5543"},{"taxonomy":"product_cat","embeddable":true,"href":"https:\/\/farmaciadagostino.com.ar\/sitio\/wp-json\/wp\/v2\/product_cat?post=5543"},{"taxonomy":"product_tag","embeddable":true,"href":"https:\/\/farmaciadagostino.com.ar\/sitio\/wp-json\/wp\/v2\/product_tag?post=5543"}],"curies":[{"name":"wp","href":"https:\/\/api.w.org\/{rel}","templated":true}]}}