{"id":5572,"date":"2024-06-09T13:24:06","date_gmt":"2024-06-09T16:24:06","guid":{"rendered":"https:\/\/farmaciadagostino.com.ar\/sitio\/producto\/huggies-panales-flexi-comfort-xtra-flex-xg-disney-x16-un\/"},"modified":"2026-03-09T10:09:48","modified_gmt":"2026-03-09T13:09:48","slug":"huggies-panales-flexi-comfort-xtra-flex-xg-disney-x16-un","status":"publish","type":"product","link":"https:\/\/farmaciadagostino.com.ar\/sitio\/producto\/huggies-panales-flexi-comfort-xtra-flex-xg-disney-x16-un\/","title":{"rendered":"HUGGIES PA\u00d1ALES FLEXI COMFORT XTRA-FLEX XG (DISNEY) x16 un"},"content":{"rendered":"<p>Pa\u00f1ales Huggies Flexi Comfort Edicion Limitada le dan a tu beb\u00e9 una absorci\u00f3n mejorada para caquita l\u00edquida, brindando una Protecci\u00f3n total y comfort. Esta dermatol\u00f3gicamente comprobado y cuenta con cintura y barreras el\u00e1sticas.<br \/>\nBeneficios.<br \/>\nCero fragancia y parabenos, ofreciendo m\u00e1xima sequedad y suavidad tipo algod\u00f3n, que lo hace especial para la delicada piel de tu beb\u00e9.<br \/>\nModo Uso.<br \/>\nColoque el pa\u00f1al como un pantaloncito y aseg\u00farese que el dise\u00f1o est\u00e9 en la parte delantera del beb\u00e9. Para retirar el pa\u00f1al, rasgue los laterales y retire normalmente, como un pa\u00f1al com\u00fan. Enrolle el pa\u00f1al con la cinta adhesiva trasera y des\u00e9chelo.<\/p>\n","protected":false},"excerpt":{"rendered":"<p>Huggies Flexi Comfort Edicion Limitada tiene la m\u00e1xima protecci\u00f3n para la piel hecho con fibras naturales, cero fragancia y parabenos, ofreciendo m\u00e1xima sequedad y suavidad tipo algod\u00f3n, que lo hace especial para la delicada piel de tu beb\u00e9.<\/p>\n","protected":false},"featured_media":3738,"comment_status":"open","ping_status":"closed","template":"","meta":[],"product_brand":[],"product_cat":[177],"product_tag":[],"class_list":{"0":"post-5572","1":"product","2":"type-product","3":"status-publish","4":"has-post-thumbnail","6":"product_cat-bebe-maternidad","8":"first","9":"instock","10":"shipping-taxable","11":"purchasable","12":"product-type-simple"},"_links":{"self":[{"href":"https:\/\/farmaciadagostino.com.ar\/sitio\/wp-json\/wp\/v2\/product\/5572","targetHints":{"allow":["GET"]}}],"collection":[{"href":"https:\/\/farmaciadagostino.com.ar\/sitio\/wp-json\/wp\/v2\/product"}],"about":[{"href":"https:\/\/farmaciadagostino.com.ar\/sitio\/wp-json\/wp\/v2\/types\/product"}],"replies":[{"embeddable":true,"href":"https:\/\/farmaciadagostino.com.ar\/sitio\/wp-json\/wp\/v2\/comments?post=5572"}],"wp:featuredmedia":[{"embeddable":true,"href":"https:\/\/farmaciadagostino.com.ar\/sitio\/wp-json\/wp\/v2\/media\/3738"}],"wp:attachment":[{"href":"https:\/\/farmaciadagostino.com.ar\/sitio\/wp-json\/wp\/v2\/media?parent=5572"}],"wp:term":[{"taxonomy":"product_brand","embeddable":true,"href":"https:\/\/farmaciadagostino.com.ar\/sitio\/wp-json\/wp\/v2\/product_brand?post=5572"},{"taxonomy":"product_cat","embeddable":true,"href":"https:\/\/farmaciadagostino.com.ar\/sitio\/wp-json\/wp\/v2\/product_cat?post=5572"},{"taxonomy":"product_tag","embeddable":true,"href":"https:\/\/farmaciadagostino.com.ar\/sitio\/wp-json\/wp\/v2\/product_tag?post=5572"}],"curies":[{"name":"wp","href":"https:\/\/api.w.org\/{rel}","templated":true}]}}